{"id":1147,"date":"2025-11-01T18:18:27","date_gmt":"2025-11-01T18:18:27","guid":{"rendered":"https:\/\/omewa.online\/?post_type=product&#038;p=1147"},"modified":"2026-04-15T21:53:57","modified_gmt":"2026-04-15T20:53:57","slug":"nuoc-hoa-hong-tai-sinh-phuc-hoi-edally-ex-nhap-khau-han-quoc","status":"publish","type":"product","link":"https:\/\/omewa.online\/index.php\/product\/nuoc-hoa-hong-tai-sinh-phuc-hoi-edally-ex-nhap-khau-han-quoc\/","title":{"rendered":"N\u01b0\u1edbc Hoa H\u1ed3ng T\u00e1i Sinh Ph\u1ee5c H\u1ed3i Edally EX Nh\u1eadp Kh\u1ea9u H\u00e0n Qu\u1ed1c"},"content":{"rendered":"<h2 id=\"1._gioi_thieu_venuoc_hoa_hong_ti_sinh_phuc_hoi_edally_ex_hn_quoc\">1. \u0110\u1eb7c \u0111i\u1ec3m n\u1ed5i b\u1eadt<\/h2>\n<p>N\u01b0\u1edbc hoa h\u1ed3ng t\u00e1i sinh ph\u1ee5c h\u1ed3i Edally EX H\u00e0n Qu\u1ed1c l\u00e0 s\u1ea3n ph\u1ea9m thu\u1ed9c d\u00f2ng Rejuvenating Essential Skin Care cao c\u1ea5p \u0111\u01b0\u1ee3c s\u1ea3n xu\u1ea5t v\u00e0 nh\u1eadp kh\u1ea9u 100% t\u1eeb nh\u00e0 m\u00e1y n\u1ed5i ti\u1ebfng Coreana c\u1ee7a H\u00e0n Qu\u1ed1c.<\/p>\n<p>N\u01b0\u1edbc hoa h\u1ed3ng\u00a0t\u00e1i sinh ph\u1ee5c h\u1ed3i Edally EX v\u1edbi\u00a0c\u00f4ng ngh\u1ec7 th\u1ea9m th\u1ea5u t\u1ebf b\u00e0o \u0111\u1ed9t ph\u00e1 Neocell Science\u00a0t\u00e1c \u0111\u1ed9ng v\u00e0o t\u1eebng t\u1ebf b\u00e0o gi\u00fap l\u00e0m s\u1ea1ch da v\u00e0 l\u1ed7 ch\u00e2n l\u00f4ng \u0111\u01b0\u1ee3c thu nh\u1ecf \u0111\u1ed3ng th\u1eddi gi\u00fap c\u00e2n b\u1eb1ng \u0111\u1ed9 PH, b\u1ed5 sung d\u01b0\u1ee1ng ch\u1ea5t v\u00e0 t\u00e1i t\u1ea1o cho l\u00e0n da, h\u00ecnh th\u00e0nh m\u00e0ng d\u01b0\u1ee1ng \u1ea9m b\u1ea3o v\u1ec7 da, ch\u1ed1ng l\u1ea1i t\u00ecnh tr\u1ea1ng l\u00e3o h\u00f3a.<\/p>\n<p>S\u1ea3n ph\u1ea9m gi\u00fap cung c\u1ea5p \u0111\u1ed9 \u1ea9m v\u00e0 l\u00e0m m\u1edbi da, gi\u00fap da lu\u00f4n \u1ea9m m\u01b0\u1ee3t, t\u01b0\u01a1i s\u00e1ng \u0111\u1ed3ng th\u1eddi gi\u00fap da s\u1eb5n s\u00e0ng h\u1ea5p thu d\u01b0\u1ee1ng ch\u1ea5t c\u1ee7a c\u00e1c b\u01b0\u1edbc ch\u0103m s\u00f3c da ti\u1ebfp theo.<\/p>\n<p>Do \u0111\u00f3\u00a0s\u1eed\u00a0d\u1ee5ng\u00a0n\u01b0\u1edbc Hoa H\u1ed3ng t\u00e1i sinh ph\u1ee5c h\u1ed3i Edally EX\u00a0l\u00e0 1 b\u01b0\u1edbc kh\u00f4ng th\u1ec3 thi\u1ebfu trong quy tr\u00ecnh ch\u0103m s\u00f3c da h\u00e0ng ng\u00e0y c\u1ee7a ch\u1ecb em.<\/p>\n<h2 id=\"3._thnh_phan_cua_nuoc_hoa_hong_ti_sinh_phuc_hoi_edally_ex_hn_quoc\">3. Th\u00e0nh ph\u1ea7n chi\u1ebft xu\u1ea5t<\/h2>\n<p>N\u01b0\u1edbc hoa h\u1ed3ng t\u00e1i sinh ph\u1ee5c h\u1ed3i Edally EX H\u00e0n Qu\u1ed1c \u0111\u01b0\u1ee3c chi\u1ebft xu\u1ea5t t\u1eeb nh\u1eefng th\u00e0nh ph\u1ea7n t\u1ef1 nhi\u00ean, l\u00e0 nh\u1eefng d\u01b0\u1ee1ng ch\u1ea5t c\u1ea7n thi\u1ebft cho da, mang l\u1ea1i c\u00f4ng d\u1ee5ng v\u01b0\u1ee3t tr\u1ed9i cho l\u00e0n da m\u00e0 v\u1eabn an to\u00e0n, l\u00e0nh t\u00ednh, ph\u00f9 h\u1ee3p v\u1edbi c\u1ea3 l\u00e0n da nh\u1ea1y c\u1ea3m.<\/p>\n<ul>\n<li dir=\"ltr\" role=\"presentation\">Chi\u1ebft xu\u1ea5t rong nho bi\u1ec3n, c\u1ecf x\u1ea1 h\u01b0\u01a1ng, hoa t\u1eed \u0111inh h\u01b0\u01a1ng, hoa nhung tuy\u1ebft v\u00e0 Hydrolyzed Collagen, Axit Hyaluronic (Sodium Hyaluronate). Chi\u1ebft xu\u1ea5t rong nho bi\u1ec3n ch\u1ee9a c\u00e1c ch\u1ea5t b\u00e9o, vitamin A, C gi\u00fap h\u00ecnh th\u00e0nh m\u00e0ng d\u01b0\u1ee1ng \u1ea9m b\u1ea3o v\u1ec7, t\u0103ng \u0111\u1ed9 \u0111\u00e0n h\u1ed3i cho da.<\/li>\n<li dir=\"ltr\" role=\"presentation\">Chi\u1ebft xu\u1ea5t Collagen bi\u1ec3n tinh khi\u00ea\u0301t 100%: Mang la\u0323i la\u0300n da va\u0300 \u0111a\u0300n h\u00f4\u0300i t\u00f4\u0301t nh\u00e2\u0301t nh\u01a1\u0300 ki\u0301ch thi\u0301ch trao \u0111\u00f4\u0309i ch\u00e2\u0301t va\u0300 duy tri\u0300 kha\u0309 n\u0103ng d\u01b0\u01a1\u0303ng \u00e2\u0309m. Hydrolyzed collagen (Collagen\u00a0bi\u00ea\u0309n) la\u0300 ph\u01b0\u0301c h\u01a1\u0323p cu\u0309a\u00a0Collagen\u00a0Peptide ph\u00e2n t\u01b0\u0309 th\u00e2\u0301p co\u0301 ngu\u00f4\u0300n g\u00f4\u0301c thi\u00ean nhi\u00ean, la\u0300 loa\u0323i Collagen cung c\u00e2\u0301p dinh d\u01b0\u01a1\u0303ng \u0111\u00ea\u0309 la\u0300n da \u0111a\u0300n h\u00f4\u0300i t\u00f4\u0301t.<\/li>\n<li dir=\"ltr\" role=\"presentation\">Hoa nhung tuy\u1ebft: Ch\u1ea5t ch\u1ed1ng Oxy h\u00f3a m\u1ea1nh, ch\u1ed1ng l\u00e3o h\u00f3a da, t\u0103ng c\u01b0\u1eddng s\u1ee9c \u0111\u1ec1 kh\u00e1ng cho da. T\u0103ng c\u01b0\u1eddng h\u00e0ng r\u00e0o b\u1ea3o v\u1ec7 da kh\u1ecfi c\u00e1c t\u00e1c nh\u00e2n b\u00ean ngo\u00e0i.<\/li>\n<li dir=\"ltr\" role=\"presentation\">K\u1ebft h\u1ee3p c\u00f4ng ngh\u1ec7 th\u1ea9m th\u1ea5u t\u1ebf b\u00e0o \u0111\u1ed9t ph\u00e1 Neocell \u2013 C\u00f4ng ngh\u1ec7 l\u00e0m \u0111\u1eb9p s\u1ed1 1 hi\u1ec7n nay gi\u00fap \u0111\u01b0a c\u00e1c d\u01b0\u1ee1ng ch\u1ea5t gi\u1ed1ng nh\u01b0 d\u1ecbch t\u1ebf b\u00e0o v\u00e0o s\u00e2u b\u00ean trong da gi\u00fap s\u1ea3n sinh c\u00e1c t\u1ebf b\u00e0o m\u1edbi v\u00e0 \u0111\u00e0o th\u1ea3i c\u00e1c t\u1ebf b\u00e0o c\u0169 \u0111\u1ed3ng th\u1eddi th\u00fac \u0111\u1ea9y qu\u00e1 tr\u00ecnh s\u1ea3n sinh Collagen v\u00e0 Elastin mang l\u1ea1i l\u00e0n da c\u0103ng m\u1ecbn, \u0111\u1ea9y lui l\u00e3o h\u00f3a da.<\/li>\n<\/ul>\n<p><img fetchpriority=\"high\" decoding=\"async\" class=\"aligncenter size-full wp-image-548\" src=\"https:\/\/edallyvietnam.vn\/wp-content\/uploads\/2023\/02\/thanh-phan-nuoc-hoa-hong-tai-sinh-phuc-hoi-edally-ex-han-quoc-tpcx.jpg\" alt=\"N\u01b0\u1edbc Hoa H\u1ed3ng T\u00e1i Sinh, Ph\u1ee5c H\u1ed3i Edally Ex H\u00e0n Qu\u1ed1c\" width=\"640\" height=\"480\" \/><\/p>\n<h2 id=\"4._cng_dung_cua_nuoc_hoa_hong_ti_sinh_phuc_hoi_edally_ex_hn_quoc\">4. C\u00f4ng d\u1ee5ng v\u1edbi da<\/h2>\n<ul>\n<li dir=\"ltr\" role=\"presentation\">L\u00e0m s\u1ea1ch da, se kh\u00edt l\u1ed7 ch\u00e2n l\u00f4ng, c\u00e2n b\u1eb1ng \u0111\u1ed9 PH cho l\u00e0n da, h\u00ecnh th\u00e0nh m\u00e0ng d\u01b0\u1ee1ng \u1ea9m b\u1ea3o v\u1ec7 da, l\u00e0 d\u1eabn ch\u1ea5t cho c\u00e1c d\u01b0\u1ee1ng ch\u1ea5t th\u1ea9m th\u1ea5u t\u1ed1t h\u01a1n \u0111\u1ec3 \u0111\u1ea1t t\u1ed1i \u0111a hi\u1ec7u qu\u1ea3 ch\u0103m s\u00f3c da.<\/li>\n<li dir=\"ltr\" role=\"presentation\">L\u00e0m s\u1ea1ch, thu nh\u1ecf l\u1ed7 ch\u00e2n l\u00f4ng: \u00c1p d\u1ee5ng C\u00f4ng ngh\u1ec7 l\u00e0m \u0111\u1eb9p hi\u1ec7n \u0111\u1ea1i s\u1ed1 1 Neocell Science t\u00e1c \u0111\u1ed9ng v\u00e0o t\u1eebng t\u1ebf b\u00e0o, l\u1ea5y \u0111i da ch\u1ebft, b\u1ee5i b\u1ea9n, b\u00e3 nh\u1eddn\u2026 gi\u00fap da lu\u00f4n s\u1ea1ch, l\u1ed7 ch\u00e2n l\u00f4ng \u0111\u01b0\u1ee3c thu nh\u1ecf.<\/li>\n<li dir=\"ltr\" role=\"presentation\">H\u00ecnh th\u00e0nh m\u00e0ng d\u01b0\u1ee1ng \u1ea9m b\u1ea3o v\u1ec7 l\u00e0n da: M\u00e0ng d\u01b0\u1ee1ng \u1ea9m ch\u00ednh l\u00e0 ch\u00eca kh\u00f3a quy\u1ebft \u0111\u1ecbnh s\u1ef1 t\u01b0\u01a1i tr\u1ebb c\u1ee7a l\u00e0n da. B\u1ea3o v\u1ec7 da kh\u1ecfi c\u00e1c t\u00e1c \u0111\u1ed9ng c\u1ee7a m\u00f4i tr\u01b0\u1eddng, \u0111\u1ea9y l\u00f9i kh\u00f4 da.<\/li>\n<li>Ph\u1ee5c h\u1ed3i Collagen t\u1ef1 nhi\u00ean gi\u1eef c\u1ea5u tr\u00fac n\u1ec1n c\u1ee7a da lu\u00f4n ch\u1eafc kh\u1ecfe: Collagen trong da \u0111\u01b0\u1ee3c v\u00ed nh\u01b0 tr\u1ee5 c\u1ed9t c\u1ee7a ng\u00f4i nh\u00e0, gi\u00fap n\u00e2ng \u0111\u1ee1 to\u00e0n b\u1ed9 h\u1ec7 th\u1ed1ng da, t\u1eeb \u0111\u00f3, gi\u1ea3m nh\u0103n da v\u00e0 t\u00ecnh tr\u1ea1ng da ch\u1ea3y x\u1ec7.<\/li>\n<\/ul>\n<p><img decoding=\"async\" class=\"aligncenter size-full wp-image-549\" src=\"https:\/\/edallyvietnam.vn\/wp-content\/uploads\/2023\/02\/cong-dung-nuoc-hoa-hong-tai-sinh-phuc-hoi-edally-ex-han-quoc-cd.jpg\" alt=\"Cong Dung Nuoc Hoa Hong Tai Sinh Phuc Hoi Edally Ex Han Quoc Cd\" width=\"640\" height=\"480\" \/><\/p>\n<h2 id=\"5._huong_dan_su_dung_nuoc_hoa_hong_ti_sinh_phuc_hoi_edally_ex_hn_quoc\">5. H\u01b0\u1edbng d\u1eabn s\u1eed d\u1ee5ng<\/h2>\n<ul dir=\"ltr\">\n<li>B\u01b0\u1edbc 1: L\u00e0m s\u1ea1ch da m\u1eb7t b\u1eb1ng\u00a0t\u1ea9y trang\u00a0v\u00e0 s\u1eefa r\u1eeda m\u1eb7t.<\/li>\n<li>B\u01b0\u1edbc 2: Cho m\u1ed9t l\u01b0\u1ee3ng v\u1eeba \u0111\u1ee7 n\u01b0\u1edbc hoa h\u1ed3ng da tay ho\u1eb7c ra b\u00f4ng t\u1ea9y trang r\u1ed3i nh\u1eb9 nh\u00e0ng thoa l\u00ean m\u1eb7t, \u0111\u1eb7c bi\u1ec7t l\u00e0 v\u00f9ng ch\u1eef T.<\/li>\n<li>B\u01b0\u1edbc 3: Massage nh\u1eb9 nh\u00e0ng \u0111\u1ec3 n\u01b0\u1edbc hoa h\u1ed3ng th\u1ea9m th\u1ea5u s\u00e2u v\u00e0o da<\/li>\n<\/ul>\n<p>S\u1eed d\u1ee5ng n\u01b0\u1edbc hoa h\u1ed3ng t\u00e1i sinh ph\u1ee5c h\u1ed3i Edally EX H\u00e0n Qu\u1ed1c h\u1eb1ng ng\u00e0y v\u00e0o bu\u1ed5i s\u00e1ng v\u00e0 t\u1ed1i, d\u00f9ng sau khi\u00a0t\u1ea9y trang v\u00e0 r\u1eeda m\u1eb7t b\u1eb1ng S\u1eefa r\u1eeda m\u1eb7t s\u1ea1ch s\u00e2u, tr\u01b0\u1edbc c\u00e1c b\u01b0\u1edbc D\u01b0\u1ee1ng da v\u00e0 Trang \u0111i\u1ec3m.<\/p>\n<h3>L\u01b0u \u00fd s\u1eed d\u1ee5ng:<\/h3>\n<ul>\n<li>khi s\u1eed d\u1ee5ng n\u01b0\u1edbc hoa h\u1ed3ng t\u00e1i sinh ph\u1ee5c h\u1ed3i Edally EX, b\u1ea1n n\u00ean nh\u1eb9 nh\u00e0ng massage theo h\u01b0\u1edbng d\u1eabn 3 b\u01b0\u1edbc tr\u00ean \u0111\u1ec3 l\u00e0n da \u0111\u01b0\u1ee3c s\u0103n ch\u1eafc v\u00e0 ch\u1ed1ng ch\u1ea3y s\u1ec7<\/li>\n<li dir=\"ltr\">S\u1eed d\u1ee5ng n\u01b0\u1edbc hoa h\u1ed3ng t\u00e1i sinh ph\u1ee5c h\u1ed3i Edally EX H\u00e0n Qu\u1ed1c h\u1eb1ng ng\u00e0y v\u00e0o bu\u1ed5i s\u00e1ng v\u00e0 t\u1ed1i, d\u00f9ng sau khi\u00a0t\u1ea9y trang\u00a0v\u00e0 r\u1eeda m\u1eb7t b\u1eb1ng\u00a0s\u1eefa r\u1eeda m\u1eb7t, tr\u01b0\u1edbc c\u00e1c b\u01b0\u1edbc\u00a0d\u01b0\u1ee1ng da\u00a0v\u00e0\u00a0trang \u0111i\u1ec3m.<\/li>\n<\/ul>\n<p>Kh\u00f4ng gi\u1ed1ng v\u1edbi c\u00e1c lo\u1ea1i\u00a0n\u01b0\u1edbc hoa h\u1ed3ng\u00a0kh\u00e1c, n\u01b0\u1edbc hoa h\u1ed3ng t\u00e1i sinh ph\u1ee5c h\u1ed3i Edally EX H\u00e0n Qu\u1ed1c c\u00f3 d\u1ea1ng gel trong su\u1ed1t s\u00e1nh v\u00e0 m\u1ec1m m\u1ea1i. Khi thoa s\u1ebd th\u1ea9m th\u1ea5u nhanh v\u00e0o da, kh\u00f4ng b\u1ecb k\u00edch \u1ee9ng, ng\u1ee9a hay n\u1ed5i m\u1ee5n, mang l\u1ea1i c\u1ea3m gi\u00e1c t\u01b0\u01a1i m\u00e1t v\u00e0 d\u1ec5 ch\u1ecbu.<\/p>\n<p>Kh\u00f4ng ch\u1ec9 ho\u00e0n th\u00e0nh t\u1ed1t nhi\u1ec7m v\u1ee5 l\u00e0m s\u1ea1ch, c\u00e2n b\u1eb1ng da, n\u01b0\u1edbc hoa h\u1ed3ng t\u00e1i sinh ph\u1ee5c h\u1ed3i Edally EX c\u00f2n h\u00ecnh th\u00e0nh m\u00e0ng d\u01b0\u1ee1ng \u1ea9m tr\u00ean da gi\u00fap b\u1ea3o v\u1ec7 da kh\u1ecfi c\u00e1c t\u00e1c \u0111\u1ed9ng c\u1ee7a m\u00f4i tr\u01b0\u1eddng, \u0111\u1ea9y l\u00f9i t\u00ecnh tr\u1ea1ng kh\u00f4 da, thu nh\u1ecf l\u1ed7 ch\u00e2n l\u00f4ng. Ngo\u00e0i ra, n\u1ebfu ki\u00ean tr\u00ec s\u1eed d\u1ee5ng s\u1ea3n ph\u1ea9m, da b\u1ea1n c\u00f2n \u0111\u01b0\u1ee3c b\u1ed5 sung Collagen gi\u00fap c\u1ea5u tr\u00fac da b\u1ec1n v\u1eefng, gi\u1ea3m nh\u0103n da v\u00e0 t\u00ecnh tr\u1ea1ng ch\u1ea3y x\u1ec7.<\/p>\n<h2 id=\"6._cam_ket_v_bao_hnh_nuoc_hoa_hong_ti_sinh_phuc_hoi_edally_ex_hn_quoc\">6. Cam k\u1ebft t\u1eeb Edally Vi\u1ec7t Nam<\/h2>\n<ul>\n<li>C\u00f3 \u0111\u1ea7y \u0111\u1ee7 gi\u1ea5y t\u1edd ch\u1ee9ng nh\u1eadn nh\u1eadp kh\u1ea9u<\/li>\n<li>\u0110\u01b0\u1ee3c s\u1ea3n xu\u1ea5t t\u1ea1i nh\u00e0 m\u00e1y s\u1ed1 1 H\u00e0n Qu\u1ed1c:\u00a0Coreana Cosmetics Co., Ltd.<\/li>\n<li>C\u00f4ng ngh\u1ec7 \u0111\u1ed9c quy\u1ec1n\u00a0Neocell Science (th\u1ea9m th\u1ea5u t\u1ebf b\u00e0o \u0111\u1ed9t ph\u00e1) gi\u00fap \u0111\u01b0a c\u00e1c d\u01b0\u1ee1ng ch\u1ea5t v\u00e0o s\u00e2u b\u00ean trong l\u1edbp h\u1ea1 b\u00ec m\u1ed9t c\u00e1ch d\u1ec5 d\u00e0ng kh\u00f4ng g\u00e2y nh\u1eddn r\u00edt, b\u1ebft, d\u00ednh da.<\/li>\n<li>\u0110\u01b0\u1ee3c chi\u1ebft xu\u1ea5t t\u1eeb ngu\u1ed3n nguy\u00ean li\u1ec7u qu\u00fd hi\u1ebfm.<\/li>\n<li>Ch\u1ee9ng nh\u1eadn uy t\u00edn, danh gi\u00e1 Qu\u1ed1c t\u1ebf:\u00a0ch\u1ee9ng nh\u1eadn\u00a0c\u1ee7a FDA (c\u1ee5c Qu\u1ea3n l\u00fd d\u01b0\u1ee3c v\u00e0 M\u1ef9 ph\u1ea9m Hoa K\u1ef3), Ecocert, KFDA\u2026 Edally EX \u0111\u1ec1u \u0111\u1ea1t \u0111\u01b0\u1ee3c.<\/li>\n<li>Ch\u1ee9ng nh\u1eadn trong n\u01b0\u1edbc: b\u1ea3n c\u00f4ng b\u1ed1 ch\u1ea5t l\u01b0\u1ee3ng t\u1eebng s\u1ea3n ph\u1ea9m, tem ch\u1ed1ng h\u00e0ng gi\u1ea3 v\u00e0 h\u00e0ng nh\u00e1i do B\u1ed9 C\u00f4ng An c\u1ea5p ph\u00e9p, ch\u1ee9ng nh\u1eadn s\u1ea3n ph\u1ea9m vi\u1ec7n da li\u1ec5u TW khuy\u00ean d\u00f9ng, gi\u1ea5y ph\u00e9p l\u01b0u h\u00e0nh s\u1ea3n ph\u1ea9m,\u2026<\/li>\n<\/ul>\n","protected":false},"excerpt":{"rendered":"<ul>\n<li><strong>C\u00f4ng d\u1ee5ng<\/strong>: L\u00e0m s\u1ea1ch da, se kh\u00edt l\u1ed7 ch\u00e2n l\u00f4ng, c\u00e2n b\u1eb1ng \u0111\u1ed9 PH cho l\u00e0n da. D\u1eabn ch\u1ea5t cho c\u00e1c d\u01b0\u1ee1ng ch\u1ea5t th\u1ea9m th\u1ea5u t\u1ed1t h\u01a1n \u0111\u1ea1t \u0111\u01b0\u1ee3c hi\u1ec7u qu\u1ea3 ch\u0103m s\u00f3c da. H\u00ecnh th\u00e0nh m\u00e0ng d\u01b0\u1ee1ng \u1ea9m b\u1ea3o v\u1ec7 da ng\u0103n ng\u1eeba d\u1ea5u hi\u1ec7u g\u00e2y l\u00e3o h\u00f3a da.<\/li>\n<li><strong>Dung t\u00edch<\/strong>: 150ml\/ Chai<\/li>\n<li><strong>Quy c\u00e1ch<\/strong>:\u00a0 H\u1ed9p 1 s\u1ea3n ph\u1ea9m<\/li>\n<li><strong>Th\u01b0\u01a1ng hi\u1ec7u<\/strong>:\u00a0Edally EX<\/li>\n<li><strong>Nh\u00e0 s\u1ea3n xu\u1ea5t<\/strong>: Coreana Cosmetics Co., Ltd.<\/li>\n<li><strong>Xu\u1ea5t x\u1ee9<\/strong>: H\u00e0n Qu\u1ed1c<\/li>\n<li><\/li>\n<\/ul>\n","protected":false},"featured_media":1210,"comment_status":"open","ping_status":"closed","template":"","meta":{"site-sidebar-layout":"default","site-content-layout":"","ast-site-content-layout":"default","site-content-style":"default","site-sidebar-style":"default","ast-global-header-display":"","ast-banner-title-visibility":"","ast-main-header-display":"","ast-hfb-above-header-display":"","ast-hfb-below-header-display":"","ast-hfb-mobile-header-display":"","site-post-title":"","ast-breadcrumbs-content":"","ast-featured-img":"","footer-sml-layout":"","theme-transparent-header-meta":"default","adv-header-id-meta":"","stick-header-meta":"","header-above-stick-meta":"","header-main-stick-meta":"","header-below-stick-meta":"","astra-migrate-meta-layouts":"set","ast-page-background-enabled":"default","ast-page-background-meta":{"desktop":{"background-color":"var(--ast-global-color-5)","background-image":"","background-repeat":"repeat","background-position":"center center","background-size":"auto","background-attachment":"scroll","background-type":"","background-media":"","overlay-type":"","overlay-color":"","overlay-opacity":"","overlay-gradient":""},"tablet":{"background-color":"","background-image":"","background-repeat":"repeat","background-position":"center center","background-size":"auto","background-attachment":"scroll","background-type":"","background-media":"","overlay-type":"","overlay-color":"","overlay-opacity":"","overlay-gradient":""},"mobile":{"background-color":"","background-image":"","background-repeat":"repeat","background-position":"center center","background-size":"auto","background-attachment":"scroll","background-type":"","background-media":"","overlay-type":"","overlay-color":"","overlay-opacity":"","overlay-gradient":""}},"ast-content-background-meta":{"desktop":{"background-color":"var(--ast-global-color-4)","background-image":"","background-repeat":"repeat","background-position":"center center","background-size":"auto","background-attachment":"scroll","background-type":"","background-media":"","overlay-type":"","overlay-color":"","overlay-opacity":"","overlay-gradient":""},"tablet":{"background-color":"var(--ast-global-color-4)","background-image":"","background-repeat":"repeat","background-position":"center center","background-size":"auto","background-attachment":"scroll","background-type":"","background-media":"","overlay-type":"","overlay-color":"","overlay-opacity":"","overlay-gradient":""},"mobile":{"background-color":"var(--ast-global-color-4)","background-image":"","background-repeat":"repeat","background-position":"center center","background-size":"auto","background-attachment":"scroll","background-type":"","background-media":"","overlay-type":"","overlay-color":"","overlay-opacity":"","overlay-gradient":""}}},"product_brand":[119],"product_cat":[18,298,118,17,291],"product_tag":[],"class_list":{"0":"post-1147","1":"product","2":"type-product","3":"status-publish","4":"has-post-thumbnail","6":"product_brand-edally","7":"product_cat-cham-soc-da-mat","8":"product_cat-cham-soc-da-mat-sac-dep","9":"product_cat-edally-ex","10":"product_cat-my-pham","11":"product_cat-sac-dep","12":"desktop-align-left","13":"tablet-align-left","14":"mobile-align-left","16":"first","17":"instock","18":"sale","19":"taxable","20":"shipping-taxable","21":"purchasable","22":"product-type-simple"},"_links":{"self":[{"href":"https:\/\/omewa.online\/index.php\/wp-json\/wp\/v2\/product\/1147","targetHints":{"allow":["GET"]}}],"collection":[{"href":"https:\/\/omewa.online\/index.php\/wp-json\/wp\/v2\/product"}],"about":[{"href":"https:\/\/omewa.online\/index.php\/wp-json\/wp\/v2\/types\/product"}],"replies":[{"embeddable":true,"href":"https:\/\/omewa.online\/index.php\/wp-json\/wp\/v2\/comments?post=1147"}],"wp:featuredmedia":[{"embeddable":true,"href":"https:\/\/omewa.online\/index.php\/wp-json\/wp\/v2\/media\/1210"}],"wp:attachment":[{"href":"https:\/\/omewa.online\/index.php\/wp-json\/wp\/v2\/media?parent=1147"}],"wp:term":[{"taxonomy":"product_brand","embeddable":true,"href":"https:\/\/omewa.online\/index.php\/wp-json\/wp\/v2\/product_brand?post=1147"},{"taxonomy":"product_cat","embeddable":true,"href":"https:\/\/omewa.online\/index.php\/wp-json\/wp\/v2\/product_cat?post=1147"},{"taxonomy":"product_tag","embeddable":true,"href":"https:\/\/omewa.online\/index.php\/wp-json\/wp\/v2\/product_tag?post=1147"}],"curies":[{"name":"wp","href":"https:\/\/api.w.org\/{rel}","templated":true}]}}