{"id":1146,"date":"2025-11-01T18:18:27","date_gmt":"2025-11-01T18:18:27","guid":{"rendered":"https:\/\/omewa.online\/?post_type=product&#038;p=1146"},"modified":"2025-12-13T03:46:33","modified_gmt":"2025-12-13T03:46:33","slug":"sua-rua-mat-sach-sau-hoan-hao-edally-ex-nhap-khau-han-quoc","status":"publish","type":"product","link":"https:\/\/omewa.online\/index.php\/product\/sua-rua-mat-sach-sau-hoan-hao-edally-ex-nhap-khau-han-quoc\/","title":{"rendered":"S\u1eefa R\u1eeda M\u1eb7t S\u1ea1ch S\u00e2u Ho\u00e0n H\u1ea3o Edally EX nh\u1eadp kh\u1ea9u H\u00e0n Qu\u1ed1c"},"content":{"rendered":"<h2 id=\"1._gioi_thieu_ve_sua_rua_mat_sach_su_edally_ex_hn_quoc\">1. \u0110\u1eb7c \u0111i\u1ec3m n\u1ed5i b\u1eadt<\/h2>\n<p>S\u1eefa r\u1eeda m\u1eb7t\u00a0s\u1ea1ch s\u00e2u Edally EX H\u00e0n Qu\u1ed1c\u00a0thu\u1ed9c d\u00f2ng s\u1ea3n ph\u1ea9m s\u1eed d\u1ee5ng c\u00f4ng ngh\u1ec7 h\u1ee3p ch\u1ea5t Neocell Science gi\u00e0u th\u00e0nh ph\u1ea7n d\u01b0\u1ee1ng ch\u1ea5t.<\/p>\n<p><img fetchpriority=\"high\" decoding=\"async\" class=\"aligncenter size-full wp-image-506\" src=\"https:\/\/edallyvietnam.vn\/wp-content\/uploads\/2023\/02\/cong-nghe-neoceo-sua-rua-mat-sach-sau-edally-ex-han-quoc-01.jpg\" alt=\"S\u1eefa R\u1eeda M\u1eb7t S\u1ea1ch S\u00e2u Edally Ex H\u00e0n Qu\u1ed1c\" width=\"640\" height=\"480\" \/><\/p>\n<p>V\u1edbi l\u1edbp b\u1ecdt m\u1ecbn, s\u1eefa r\u1eeda m\u1eb7t nh\u1eb9 nh\u00e0ng l\u00e0m s\u1ea1ch da, lo\u1ea1i b\u1ecf b\u1ee5i b\u1ea9n, b\u00e3 nh\u1eddn, t\u1ebf b\u00e0o ch\u1ebft tr\u00ean da v\u00e0 s\u00e2u trong l\u1ed7 ch\u00e2n l\u00f4ng, gi\u00fap l\u1ed7 ch\u00e2n l\u00f4ng th\u00f4ng tho\u00e1ng, se kh\u00edt.<\/p>\n<p>\u0110\u1ed3ng th\u1eddi, th\u00e0nh ph\u1ea7n d\u01b0\u1ee1ng ch\u1ea5t k\u1ebft h\u1ee3p v\u1edbi c\u00e1c lo\u1ea1i axit b\u00e9o c\u00f3 ngu\u1ed3n g\u1ed1c t\u1eeb t\u1ef1 nhi\u00ean trong s\u1ea3n ph\u1ea9m s\u1ebd gi\u00fap l\u00e0n da t\u01b0\u01a1i m\u00e1t, m\u1ecbn m\u00e0ng v\u00e0 s\u00e1ng kh\u1ecfe h\u01a1n h\u1eb3n.<\/p>\n<p>C\u00f4ng ngh\u1ec7 t\u1ea1o b\u1ecdt si\u00eau nh\u1ecf gi\u00fap len l\u1ecfi v\u00e0o t\u1eebng g\u00f3c t\u1ebf b\u00e0o v\u00e0 lo\u1ea1i b\u1ecf t\u1eadn g\u1ed1c c\u00e1c ch\u1ea5t b\u00e0i ti\u1ebft.<\/p>\n<p>B\u1eb1ng c\u00f4ng ngh\u1ec7 th\u1ea9m th\u1ea5u t\u1ebf b\u00e0o \u0111\u1ed9t ph\u00e1 Neocell Science \u0111\u01b0a d\u01b0\u1ee1ng ch\u1ea5t th\u1ea9m th\u1ea5u s\u00e2u v\u00e0o c\u00e1c t\u1ebf b\u00e0o da gi\u00fap da h\u1ea5p th\u1ee5 d\u01b0\u1ee1ng ch\u1ea5t nhanh v\u00e0 hi\u1ec7u qu\u1ea3 nh\u1ea5t<\/p>\n<p>S\u1eefa r\u1eeda m\u1eb7t\u00a0s\u1ea1ch s\u00e2u Edally EX l\u00e0 s\u1ea3n ph\u1ea9m m\u1ef9 ph\u1ea9m thi\u00ean nhi\u00ean cao c\u1ea5p \u0111\u01b0\u1ee3c s\u1ea3n xu\u1ea5t v\u00e0 nh\u1eadp kh\u1ea9u 100% t\u1eeb H\u00e0n Qu\u1ed1c. S\u1ea3n ph\u1ea9m \u0111\u01b0\u1ee3c s\u1ea3n xu\u1ea5t t\u1ea1i nh\u00e0 m\u00e1y danh ti\u1ebfng H\u00e0n Qu\u1ed1c Coreana \u2013 L\u00e0 c\u00f4ng ty s\u1ea3n xu\u1ea5t c\u00f3 h\u01a1n 30 n\u0103m kinh nghi\u1ec7m x\u00e2y d\u1ef1ng v\u00e0 nghi\u00ean c\u1ee9u ph\u00e1t tri\u1ec3n nh\u1eefng d\u00f2ng m\u1ef9 ph\u1ea9m n\u1ed5i ti\u1ebfng ch\u0103m s\u00f3c da ho\u00e0n to\u00e0n t\u1ef1 nhi\u00ean.<\/p>\n<p>S\u1eefa r\u1eeda m\u1eb7t\u00a0s\u1ea1ch\u00a0s\u00e2u Edally EX H\u00e0n Qu\u1ed1c l\u00e0 m\u1ed9t trong nh\u1eefng s\u1ea3n ph\u1ea9m kh\u00f4ng th\u1ec3 thi\u1ebfu c\u1ee7a chu tr\u00ecnh ch\u0103m s\u00f3c da h\u00e0ng ng\u00e0y.<\/p>\n<p>\u0110\u00e2y l\u00e0 b\u01b0\u1edbc \u0111\u1ea7u ti\u00ean v\u00e0 c\u01a1 b\u1ea3n nh\u1ea5t \u0111\u1ec3 l\u00e0m s\u1ea1ch da m\u1eb7t \u0111\u1ed1i v\u1edbi b\u1ea5t k\u00ec \u0111\u1ed9 tu\u1ed5i hay gi\u1edbi t\u00ednh n\u00e0o.<\/p>\n<figure id=\"attachment_504\" class=\"wp-caption aligncenter\" aria-describedby=\"caption-attachment-504\"><img decoding=\"async\" class=\"wp-image-504 size-full\" src=\"https:\/\/edallyvietnam.vn\/wp-content\/uploads\/2023\/02\/doi-net-ve-sua-rua-mat-sach-sau-edally-ex-han-quoc-01.jpg\" alt=\"Doi Net Ve Sua Rua Mat Sach Sau Edally Ex Han Quoc 01\" width=\"640\" height=\"480\" \/><figcaption id=\"caption-attachment-504\" class=\"wp-caption-text\">Nh\u1eefng \u0111\u1eb7c \u0111i\u1ec3m n\u1ed5i b\u1eadt c\u1ee7a s\u1eefa r\u1eeda m\u1eb7t s\u1ea1ch s\u00e2u Edally EX<\/figcaption><\/figure>\n<h2 id=\"2._thnh_phan_cua_sua_rua_mat_sach_su_edally_ex_hn_quoc\">2. Th\u00e0nh ph\u1ea7n chi\u1ebft xu\u1ea5t<\/h2>\n<ul>\n<li dir=\"ltr\" role=\"presentation\"><strong>Chi\u1ebft xu\u1ea5t rong nho bi\u1ec3n<\/strong>: L\u00e0m gi\u1ea3m s\u1ef1 l\u00e3o h\u00f3a c\u1ee7a da, cung c\u1ea5p \u0111\u1ed9 \u1ea9m gi\u00fap da s\u0103n ch\u1eafc \u0111\u1ed3ng th\u1eddi thu nh\u1ecf l\u1ed7 ch\u00e2n l\u00f4ng, lo\u1ea1i b\u1ecf c\u00e1c t\u1ebf b\u00e0o ch\u1ebft, k\u00edch th\u00edch\u00a0Collagen\u00a0sinh tr\u01b0\u1edfng v\u00e0 t\u00e1i t\u1ea1o t\u1ebf b\u00e0o da. B\u1ed5 sung \u0111\u1ed9 \u1ea9m gi\u00fap da s\u0103n ch\u1eafc, l\u00e1ng m\u1ecbn.<\/li>\n<li dir=\"ltr\" role=\"presentation\"><strong>Chi\u1ebft xu\u1ea5t rau sam<\/strong>: Gi\u00e0u ch\u1ea5t dinh d\u01b0\u1ee1ng, c\u00e1c acid b\u00e9o kh\u00f4ng no v\u00e0 ch\u1ea5t ch\u1ed1ng oxy h\u00f3a gi\u00fap l\u00e0m d\u1ecbu nh\u1eb9 l\u00e0n da.<\/li>\n<li dir=\"ltr\" role=\"presentation\"><strong>Chi\u1ebft xu\u1ea5t tinh d\u1ea7u h\u1ea1t h\u01b0\u1edbng d\u01b0\u01a1ng<\/strong>: Gi\u00fap l\u00e0n da m\u1ec1m m\u1ea1i, m\u1ecbn m\u00e0ng v\u00e0 t\u01b0\u01a1i tr\u1ebb.<\/li>\n<li dir=\"ltr\" role=\"presentation\"><strong>Axit b\u00e9o thi\u00ean nhi\u00ean v\u1edbi c\u00f4ng ngh\u1ec7 t\u1ea1o b\u1ecdt si\u00eau nh\u1ecf<\/strong>: Gi\u00fap len l\u1ecfi v\u00e0o t\u1eebng g\u00f3c t\u1ebf b\u00e0o, nh\u1eb9 nh\u00e0ng lo\u1ea1i b\u1ecf ho\u00e0n to\u00e0n t\u1ea1p ch\u1ea5t, b\u1ee5i b\u1ea9n v\u00e0 c\u00e1c ch\u1ea5t b\u00e0i ti\u1ebft, b\u00e3 nh\u1eddn, \u0111\u1ed3ng th\u1eddi c\u00f3 t\u00e1c d\u1ee5ng ch\u1ed1ng l\u00e3o h\u00f3a ngay trong qu\u00e1 tr\u00ecnh l\u00e0m s\u1ea1ch, \u0111em l\u1ea1i l\u00e0n da m\u1ecbn m\u00e0ng, t\u01b0\u01a1i m\u1edbi, \u0111\u1ea9y l\u00f9i c\u00e1c d\u1ea5u hi\u1ec7u l\u00e3o h\u00f3a nh\u01b0 nh\u0103n, ch\u00f9ng, ch\u1ea3y x\u1ec7, n\u00e1m, t\u00e0n nhang\u2026<\/li>\n<li dir=\"ltr\" role=\"presentation\"><strong>Chi\u1ebft xu\u1ea5t\u00a0Collagen\u00a0bi\u1ec3n<\/strong>: Gi\u00fap t\u0103ng \u0111\u1ed9 \u0111\u00e0n h\u1ed3i, c\u1ea3i thi\u1ec7n c\u1ea5u tr\u00fac da, k\u00edch th\u00edch qu\u00e1 tr\u00ecnh t\u00e1i t\u1ea1o c\u1ee7a l\u00e0n da v\u00e0 ph\u1ee5c h\u1ed3i c\u00e1c t\u1ebf b\u00e0o b\u1ecb t\u1ed5n th\u01b0\u01a1ng.<\/li>\n<li dir=\"ltr\" role=\"presentation\">Ch\u1ed1ng oxy h\u00f3a nh\u1edd chi\u1ebft xu\u1ea5t th\u1ea3o m\u1ed9c qu\u00fd tr\u00ean d\u00e3y n\u00fai Alpes, \u0111\u00e2y l\u00e0 ngu\u1ed3n nguy\u00ean li\u1ec7u s\u1ea1ch thu\u1ea7n h\u1eefu c\u01a1 mang l\u1ea1i hi\u1ec7u qu\u1ea3 t\u1ed1i \u01b0u m\u00e0 v\u1eabn an to\u00e0n, l\u00e0nh t\u00ednh cho l\u00e0n da.<\/li>\n<\/ul>\n<p dir=\"ltr\" role=\"presentation\"><img decoding=\"async\" class=\"aligncenter size-full wp-image-505\" src=\"https:\/\/edallyvietnam.vn\/wp-content\/uploads\/2023\/02\/thanh-phan-cua-sua-rua-mat-sach-sau-edally-ex-han-quoc-01.jpg\" alt=\"Thanh Phan Cua Sua Rua Mat Sach Sau Edally Ex Han Quoc 01\" width=\"640\" height=\"480\" \/><\/p>\n<p>K\u1ebft h\u1ee3p c\u00f9ng C\u00f4ng ngh\u1ec7 th\u1ea9m th\u1ea5u t\u1ebf b\u00e0o \u0111\u1ed9t ph\u00e1 Neocell Science Skincare gi\u00fap \u0111\u01b0a c\u00e1c d\u01b0\u1ee1ng ch\u1ea5t gi\u1ed1ng nh\u01b0 d\u1ecbch t\u1ebf b\u00e0o v\u00e0o s\u00e2u b\u00ean trong da gi\u00fap s\u1ea3n sinh c\u00e1c t\u1ebf b\u00e0o m\u1edbi v\u00e0 \u0111\u00e0o th\u1ea3i c\u00e1c t\u1ebf b\u00e0o c\u0169 \u0111\u1ed3ng th\u1eddi th\u00fac \u0111\u1ea9y qu\u00e1 tr\u00ecnh s\u1ea3n sinh Collagen v\u00e0 Elastin mang l\u1ea1i l\u00e0n da c\u0103ng m\u1ecbn, \u0111\u1ea9y lui l\u00e3o h\u00f3a da.<\/p>\n<h2 id=\"3._cng_dung_cua_sua_rua_mat_sach_su_edally_ex_hn_quoc\">3. C\u00f4ng d\u1ee5ng v\u1edbi da<\/h2>\n<ul>\n<li dir=\"ltr\" role=\"presentation\">B\u1ed5 sung vi khu\u1ea9n c\u00f3 l\u1ee3i cho da, x\u00f3a s\u1ed5 b\u1ee5i b\u1ea9n v\u00e0 b\u00e3 nh\u1eddn \u1ea9n s\u00e2u b\u00ean trong l\u1ed7 ch\u00e2n l\u00f4ng, h\u00ecnh th\u00e0nh m\u00e0ng d\u01b0\u1ee1ng \u1ea9m b\u1ea3o v\u1ec7 l\u00e0n da, gi\u1eef c\u1ea5u tr\u00fac n\u1ec1n c\u1ee7a da lu\u00f4n ch\u1eafc kh\u1ecfe.<\/li>\n<li dir=\"ltr\" role=\"presentation\">\u201cX\u00f3a s\u1ed5\u201d b\u1ee5i b\u1ea9n \u1ea9n s\u00e2u trong t\u1eebng g\u00f3c t\u1ebf b\u00e0o: C\u00f4ng ngh\u1ec7 t\u1ea1o b\u1ecdt si\u00eau nh\u1ecf \u0111\u01b0\u1ee3c h\u00ecnh th\u00e0nh b\u1edfi c\u00e1c axit b\u00e9o t\u1eeb t\u1ef1 nhi\u00ean gi\u00fap len l\u1ecfi v\u00e0o t\u1eebng g\u00f3c t\u1ebf b\u00e0o v\u00e0 l\u1ea5y \u0111i b\u1ee5i b\u1ea9n, lo\u1ea1i b\u1ecf t\u1eadn g\u1ed1c b\u00e3 nh\u1eddn.<\/li>\n<li dir=\"ltr\" role=\"presentation\">H\u00ecnh th\u00e0nh m\u00e0ng d\u01b0\u1ee1ng \u1ea9m b\u1ea3o v\u1ec7 l\u00e0n da: M\u00e0ng d\u01b0\u1ee1ng \u1ea9m ch\u00ednh l\u00e0 ch\u00eca kh\u00f3a quy\u1ebft \u0111\u1ecbnh s\u1ef1 t\u01b0\u01a1i tr\u1ebb c\u1ee7a l\u00e0n da. B\u1ea3o v\u1ec7 da kh\u1ecfi c\u00e1c t\u00e1c \u0111\u1ed9ng c\u1ee7a m\u00f4i tr\u01b0\u1eddng, \u0111\u1ea9y l\u00f9i kh\u00f4 da.<\/li>\n<li dir=\"ltr\" role=\"presentation\">Collagen t\u1ef1 nhi\u00ean gi\u1eef c\u1ea5u tr\u00fac n\u1ec1n c\u1ee7a da lu\u00f4n ch\u1eafc kh\u1ecfe: Collagen trong da \u0111\u01b0\u1ee3c v\u00ed nh\u01b0 tr\u1ee5 c\u1ed9t c\u1ee7a ng\u00f4i nh\u00e0, gi\u00fap n\u00e2ng \u0111\u1ee1 to\u00e0n b\u1ed9 h\u1ec7 th\u1ed1ng da, t\u1eeb \u0111\u00f3 gi\u1ea3m nh\u0103n da v\u00e0 t\u00ecnh tr\u1ea1ng da ch\u1ea3y x\u1ec7.<\/li>\n<\/ul>\n<p><img loading=\"lazy\" decoding=\"async\" class=\"aligncenter size-full wp-image-507\" src=\"https:\/\/edallyvietnam.vn\/wp-content\/uploads\/2023\/02\/cong-dung-cua-sua-rua-mat-sach-sau-edally-ex-han-quoc-01.jpg\" alt=\"Cong Dung Cua Sua Rua Mat Sach Sau Edally Ex Han Quoc 01\" width=\"640\" height=\"480\" \/><\/p>\n<h2 id=\"5._huong_dan_su_dung_sua_rua_mat_sach_su_edally_ex_hn_quoc\">5. H\u01b0\u1edbng d\u1eabn s\u1eed d\u1ee5ng<\/h2>\n<ul>\n<li>B\u01b0\u1edbc 1: L\u00e0m \u01b0\u1edbt m\u1eb7t, l\u1ea5y m\u1ed9t l\u01b0\u1ee3ng v\u1eeba \u0111\u1ee7\u00a0S\u1eefa r\u1eeda m\u1eb7t s\u1ea1ch s\u00e2u Edally EX H\u00e0n Qu\u1ed1c\u00a0cho v\u00e0o l\u00f2ng b\u00e0n tay, xoa nh\u1eb9 nh\u00e0ng \u0111\u1ec3 t\u1ea1o b\u1ecdt.<\/li>\n<li>B\u01b0\u1edbc 2: Thoa \u0111\u1ec1u l\u00ean m\u1eb7t\u00a0m\u1ed9t c\u00e1ch nh\u1eb9 nh\u00e0ng \u0111\u1ec3 t\u1ea1o b\u1ecdt, massage to\u00e0n b\u1ed9 khu\u00f4n m\u1eb7t trong 30 gi\u00e2y.<\/li>\n<li>B\u01b0\u1edbc 3: R\u1eeda s\u1ea1ch m\u1eb7t b\u1eb1ng n\u01b0\u1edbc v\u00e0 d\u00f9ng kh\u0103n m\u1ec1m th\u1ea5m kh\u00f4.<\/li>\n<li>S\u1eed d\u1ee5ng 2 l\u1ea7n \/ ng\u00e0y v\u00e0o bu\u1ed5i s\u00e1ng v\u00e0 bu\u1ed5i t\u1ed1i, s\u1eed d\u1ee5ng sau b\u01b0\u1edbc l\u00e0m s\u1ea1ch da b\u1eb1ng t\u1ea9y trang, tr\u01b0\u1edbc c\u00e1c b\u01b0\u1edbc Gen t\u1ea9y da ch\u1ebft, N\u01b0\u1edbc hoa h\u1ed3ng v\u00e0 Kem (S\u1eefa) d\u01b0\u1ee1ng t\u00e1i sinh, ph\u1ee5c h\u1ed3i.<\/li>\n<\/ul>\n<p dir=\"ltr\" role=\"presentation\">V\u1edbi chi\u1ebft xu\u1ea5t ho\u00e0n to\u00e0n t\u1ef1 nhi\u00ean gi\u00fap nh\u1eb9 nh\u00e0ng l\u1ea5y \u0111i b\u1ee5i b\u1ea9n, b\u00e3 nh\u1eddn s\u00e2u trong l\u1ed7 ch\u00e2n l\u00f4ng, mang l\u1ea1i l\u00e0n da th\u00f4ng tho\u00e1ng, d\u1ec5 d\u00e0ng h\u1ea5p thu c\u00e1c d\u01b0\u1ee1ng ch\u1ea5t, s\u1eefa r\u1eeda m\u1eb7t s\u1ea1ch s\u00e2u Edally EX H\u00e0n Qu\u1ed1c \u0111\u00e3 chinh ph\u1ee5c h\u00e0ng tri\u1ec7u ph\u1ee5 n\u1eef Vi\u1ec7t.<\/p>\n<h2 id=\"6._cam_ket_v_bao_hnh_sua_rua_mat_sach_su_edally_ex_hn_quoc\">5. Cam K\u1ebft T\u1eeb Edally Vi\u1ec7t Nam<\/h2>\n<ul>\n<li>C\u00f3 \u0111\u1ea7y \u0111\u1ee7 gi\u1ea5y t\u1edd ch\u1ee9ng nh\u1eadn nh\u1eadp kh\u1ea9u<\/li>\n<li>\u0110\u01b0\u1ee3c s\u1ea3n xu\u1ea5t t\u1ea1i nh\u00e0 m\u00e1y s\u1ed1 1 H\u00e0n Qu\u1ed1c:\u00a0Coreana Cosmetics Co., Ltd.<\/li>\n<li>C\u00f4ng ngh\u1ec7 \u0111\u1ed9c quy\u1ec1n\u00a0Neocell Science (th\u1ea9m th\u1ea5u t\u1ebf b\u00e0o \u0111\u1ed9t ph\u00e1) gi\u00fap \u0111\u01b0a c\u00e1c d\u01b0\u1ee1ng ch\u1ea5t v\u00e0o s\u00e2u b\u00ean trong l\u1edbp h\u1ea1 b\u00ec m\u1ed9t c\u00e1ch d\u1ec5 d\u00e0ng kh\u00f4ng g\u00e2y nh\u1eddn r\u00edt, b\u1ebft, d\u00ednh da.<\/li>\n<li>\u0110\u01b0\u1ee3c chi\u1ebft xu\u1ea5t t\u1eeb ngu\u1ed3n nguy\u00ean li\u1ec7u qu\u00fd hi\u1ebfm.<\/li>\n<li>Ch\u1ee9ng nh\u1eadn uy t\u00edn, danh gi\u00e1 Qu\u1ed1c t\u1ebf:\u00a0ch\u1ee9ng nh\u1eadn\u00a0c\u1ee7a FDA (c\u1ee5c Qu\u1ea3n l\u00fd d\u01b0\u1ee3c v\u00e0 M\u1ef9 ph\u1ea9m Hoa K\u1ef3), Ecocert, KFDA\u2026 Edally EX \u0111\u1ec1u \u0111\u1ea1t \u0111\u01b0\u1ee3c.<\/li>\n<li>Ch\u1ee9ng nh\u1eadn trong n\u01b0\u1edbc: b\u1ea3n c\u00f4ng b\u1ed1 ch\u1ea5t l\u01b0\u1ee3ng t\u1eebng s\u1ea3n ph\u1ea9m, tem ch\u1ed1ng h\u00e0ng gi\u1ea3 v\u00e0 h\u00e0ng nh\u00e1i do B\u1ed9 C\u00f4ng An c\u1ea5p ph\u00e9p, ch\u1ee9ng nh\u1eadn s\u1ea3n ph\u1ea9m vi\u1ec7n da li\u1ec5u TW khuy\u00ean d\u00f9ng, gi\u1ea5y ph\u00e9p l\u01b0u h\u00e0nh s\u1ea3n ph\u1ea9m,\u2026.<\/li>\n<\/ul>\n","protected":false},"excerpt":{"rendered":"<ul>\n<li><strong>C\u00f4ng d\u1ee5ng<\/strong>: Lo\u1ea1i b\u1ecf b\u1ee5i b\u1ea9n, b\u00e3 nh\u1eddn t\u1eadn s\u00e2u l\u1ed7 ch\u00e2n l\u00f4ng, b\u00e3 nh\u1eddn \u1ea9n s\u00e2u b\u00ean trong da, d\u01b0\u1ee1ng \u1ea9m da, gi\u1ea3m nh\u0103n da v\u00e0 t\u00ecnh tr\u1ea1ng da ch\u1ea3y x\u1ec7, l\u00e0m d\u1ecbu v\u00e0 \u1ed5n \u0111\u1ecbnh b\u1ec1 m\u1eb7t da. Ph\u00f9 h\u1ee3p m\u1ecdi lo\u1ea1i da.<\/li>\n<li><strong>Dung t\u00edch<\/strong>: 150ml\/ Tu\u00fdp<\/li>\n<li><strong>Th\u01b0\u01a1ng hi\u1ec7u<\/strong>:\u00a0Edally EX<\/li>\n<li><strong>Xu\u1ea5t x\u1ee9<\/strong>: H\u00e0n Qu\u1ed1c<\/li>\n<li><strong>Nh\u00e0 s\u1ea3n xu\u1ea5t<\/strong>: Coreana Cosmetics Co., Ltd<\/li>\n<\/ul>\n","protected":false},"featured_media":1193,"comment_status":"open","ping_status":"closed","template":"","meta":{"site-sidebar-layout":"default","site-content-layout":"","ast-site-content-layout":"default","site-content-style":"default","site-sidebar-style":"default","ast-global-header-display":"","ast-banner-title-visibility":"","ast-main-header-display":"","ast-hfb-above-header-display":"","ast-hfb-below-header-display":"","ast-hfb-mobile-header-display":"","site-post-title":"","ast-breadcrumbs-content":"","ast-featured-img":"","footer-sml-layout":"","theme-transparent-header-meta":"default","adv-header-id-meta":"","stick-header-meta":"","header-above-stick-meta":"","header-main-stick-meta":"","header-below-stick-meta":"","astra-migrate-meta-layouts":"set","ast-page-background-enabled":"default","ast-page-background-meta":{"desktop":{"background-color":"var(--ast-global-color-5)","background-image":"","background-repeat":"repeat","background-position":"center center","background-size":"auto","background-attachment":"scroll","background-type":"","background-media":"","overlay-type":"","overlay-color":"","overlay-opacity":"","overlay-gradient":""},"tablet":{"background-color":"","background-image":"","background-repeat":"repeat","background-position":"center center","background-size":"auto","background-attachment":"scroll","background-type":"","background-media":"","overlay-type":"","overlay-color":"","overlay-opacity":"","overlay-gradient":""},"mobile":{"background-color":"","background-image":"","background-repeat":"repeat","background-position":"center center","background-size":"auto","background-attachment":"scroll","background-type":"","background-media":"","overlay-type":"","overlay-color":"","overlay-opacity":"","overlay-gradient":""}},"ast-content-background-meta":{"desktop":{"background-color":"var(--ast-global-color-4)","background-image":"","background-repeat":"repeat","background-position":"center center","background-size":"auto","background-attachment":"scroll","background-type":"","background-media":"","overlay-type":"","overlay-color":"","overlay-opacity":"","overlay-gradient":""},"tablet":{"background-color":"var(--ast-global-color-4)","background-image":"","background-repeat":"repeat","background-position":"center center","background-size":"auto","background-attachment":"scroll","background-type":"","background-media":"","overlay-type":"","overlay-color":"","overlay-opacity":"","overlay-gradient":""},"mobile":{"background-color":"var(--ast-global-color-4)","background-image":"","background-repeat":"repeat","background-position":"center center","background-size":"auto","background-attachment":"scroll","background-type":"","background-media":"","overlay-type":"","overlay-color":"","overlay-opacity":"","overlay-gradient":""}}},"product_brand":[119],"product_cat":[18,298,118,17,291],"product_tag":[],"class_list":{"0":"post-1146","1":"product","2":"type-product","3":"status-publish","4":"has-post-thumbnail","6":"product_brand-edally","7":"product_cat-cham-soc-da-mat","8":"product_cat-cham-soc-da-mat-sac-dep","9":"product_cat-edally-ex","10":"product_cat-my-pham","11":"product_cat-sac-dep","12":"desktop-align-left","13":"tablet-align-left","14":"mobile-align-left","16":"first","17":"instock","18":"sale","19":"taxable","20":"shipping-taxable","21":"purchasable","22":"product-type-simple"},"_links":{"self":[{"href":"https:\/\/omewa.online\/index.php\/wp-json\/wp\/v2\/product\/1146","targetHints":{"allow":["GET"]}}],"collection":[{"href":"https:\/\/omewa.online\/index.php\/wp-json\/wp\/v2\/product"}],"about":[{"href":"https:\/\/omewa.online\/index.php\/wp-json\/wp\/v2\/types\/product"}],"replies":[{"embeddable":true,"href":"https:\/\/omewa.online\/index.php\/wp-json\/wp\/v2\/comments?post=1146"}],"wp:featuredmedia":[{"embeddable":true,"href":"https:\/\/omewa.online\/index.php\/wp-json\/wp\/v2\/media\/1193"}],"wp:attachment":[{"href":"https:\/\/omewa.online\/index.php\/wp-json\/wp\/v2\/media?parent=1146"}],"wp:term":[{"taxonomy":"product_brand","embeddable":true,"href":"https:\/\/omewa.online\/index.php\/wp-json\/wp\/v2\/product_brand?post=1146"},{"taxonomy":"product_cat","embeddable":true,"href":"https:\/\/omewa.online\/index.php\/wp-json\/wp\/v2\/product_cat?post=1146"},{"taxonomy":"product_tag","embeddable":true,"href":"https:\/\/omewa.online\/index.php\/wp-json\/wp\/v2\/product_tag?post=1146"}],"curies":[{"name":"wp","href":"https:\/\/api.w.org\/{rel}","templated":true}]}}