{"id":1145,"date":"2025-11-01T18:18:27","date_gmt":"2025-11-01T18:18:27","guid":{"rendered":"https:\/\/omewa.online\/?post_type=product&#038;p=1145"},"modified":"2025-12-13T03:46:32","modified_gmt":"2025-12-13T03:46:32","slug":"kem-duong-da-ngua-mun-edally-ex-nhap-khau-han-quoc","status":"publish","type":"product","link":"https:\/\/omewa.online\/index.php\/product\/kem-duong-da-ngua-mun-edally-ex-nhap-khau-han-quoc\/","title":{"rendered":"Kem d\u01b0\u1ee1ng da ng\u1eeba m\u1ee5n Edally EX nh\u1eadp kh\u1ea9u H\u00e0n Qu\u1ed1c"},"content":{"rendered":"<ul class=\"tabs wc-tabs product-tabs small-nav-collapse nav nav-uppercase nav-tabs nav-normal nav-left\" role=\"tablist\">\n<li id=\"tab-title-description\" class=\"description_tab active\" role=\"tab\" aria-controls=\"tab-description\"><a href=\"https:\/\/edallyvietnam.vn\/san-pham\/kem-duong-da-ngua-mun-edally-ex-nhap-khau-han-quoc\/#tab-description\">Chi ti\u1ebft s\u1ea3n ph\u1ea9m<\/a><\/li>\n<\/ul>\n<div class=\"tab-panels\">\n<div id=\"tab-description\" class=\"woocommerce-Tabs-panel woocommerce-Tabs-panel--description panel entry-content active\" role=\"tabpanel\" aria-labelledby=\"tab-title-description\">\n<h2 id=\"1._gioi_thieu_vekem_duong_da_ngua_mun_edally_ex_hn_quoc\">\u01afu \u0111i\u1ec3m n\u1ed5i b\u1eadt<\/h2>\n<ul>\n<li dir=\"ltr\" role=\"presentation\">Gi\u1ea3i quy\u1ebft v\u1ea5n c\u00e1c v\u1ea5n \u0111\u1ec1 l\u00e0m l\u00e0n da b\u1ecb t\u1ed5n th\u01b0\u01a1ng do kem tr\u1ed9n, do thi\u1ebfu ki\u1ebfn th\u1ee9c ch\u0103m s\u00f3c da.<\/li>\n<li dir=\"ltr\" role=\"presentation\">Gi\u1ea3i quy\u1ebft m\u1ee5n do thay \u0111\u1ed5i n\u1ed9i ti\u1ebft t\u1ed1, stress, c\u00e1c t\u00e1c nh\u00e2n m\u00f4i tr\u01b0\u1eddng nh\u01b0 th\u1eddi ti\u1ebft, kh\u00f3i b\u1ee5i, \u00f4 nhi\u1ec5m.<\/li>\n<li dir=\"ltr\" role=\"presentation\">Gi\u1ea3i quy\u1ebft lcacs v\u1ea5n \u0111\u1ec1 l\u00e0m \u00e0n da tr\u00f4ng k\u00e9m s\u1eafc, kh\u00f4 x\u1ec9n thi\u1ebfu s\u1ee9c s\u1ed1ng.<\/li>\n<\/ul>\n<p dir=\"ltr\" role=\"presentation\">N\u1ebfu b\u1ea1n \u0111\u0103ng t\u00ecm ki\u1ebfm m\u1ed9t s\u1ea3n ph\u1ea9m c\u00f3 th\u1ec3 gi\u1ea3i quy\u1ebft c\u00e1c v\u1ea5n \u0111\u1ec1 v\u1ec1n m\u1ee5n th\u00ec kem d\u01b0\u1ee1ng da ng\u1eeba m\u1ee5n Edally EX H\u00e0n Qu\u1ed1c ch\u00ednh l\u00e0 gi\u1ea3i ph\u00e1p tuy\u1ec7t v\u1eddi d\u00e0nh cho b\u1ea1n.<\/p>\n<figure id=\"attachment_588\" class=\"wp-caption aligncenter\" aria-describedby=\"caption-attachment-588\"><img fetchpriority=\"high\" decoding=\"async\" class=\"wp-image-588 size-full\" src=\"https:\/\/edallyvietnam.vn\/wp-content\/uploads\/2023\/02\/kem-tri-mun-min01.jpg\" alt=\"Kem Tri Mun Min01\" width=\"640\" height=\"457\" \/><figcaption id=\"caption-attachment-588\" class=\"wp-caption-text\">Kem d\u01b0\u1ee1ng da ng\u1eeba m\u1ee5n Edally EX H\u00e0n Qu\u1ed1c nh\u1eadp kh\u1ea9u ch\u00ednh h\u00e3ng<\/figcaption><\/figure>\n<h2 id=\"2._thnh_phan_cua_kem_duong_da_ngua_mun_edally_ex_hn_quoc\">2. Th\u00e0nh ph\u1ea7n chi\u1ebft xu\u1ea5t<\/h2>\n<ul>\n<li>Kem d\u01b0\u1ee1ng\u00a0da ng\u1eeba m\u1ee5n Edally EX H\u00e0n Qu\u1ed1c v\u1edbi chi\u1ebft xu\u1ea5t l\u00e1 rau m\u00e1, d\u01b0\u01a1ng x\u1ec9 (Selaginella lepidophylla), tinh d\u1ea7u cam \u0111\u1eafng (Bergamot), tinh d\u1ea7u hoa ho\u00e0ng lan (Cananga Odorata), hoa h\u1ed3ng Damask (Rosa Damascena), C\u00fac v\u1ea1n di\u1ec7p, Madecassoside, Asiaticoside, Niacinamide, Glyceryl Stearate, Tocopherol.<\/li>\n<li>Kem d\u01b0\u1ee1ng\u00a0da ng\u1eeba m\u1ee5n Edally EX H\u00e0n Qu\u1ed1c v\u1edbi th\u00e0nh ph\u1ea7n ch\u00ednh l\u00e0 Madecassoside chi\u1ebft xu\u1ea5t t\u1eeb rau m\u00e1 c\u00f3 hi\u1ec7u qu\u1ea3 l\u00e0m d\u1ecbu da v\u00e0 c\u00e1c th\u00e0nh ph\u1ea7n d\u1ea7u t\u1ef1 nhi\u00ean gi\u00fap l\u00e0m s\u1ea1ch, h\u00ecnh th\u00e0nh m\u00e0ng b\u1ea3o v\u1ec7 v\u00e0 gi\u00fap da s\u0103n ch\u1eafc h\u01a1n.<\/li>\n<li dir=\"ltr\" role=\"presentation\">Madecassoside c\u00f3 t\u00e1c d\u1ee5ng kh\u00e1ng vi\u00eam m\u1ea1nh m\u1ebd, c\u00f3 th\u1ec3 s\u1eed d\u1ee5ng c\u1ea3 khi l\u00e0n da \u0111ang c\u00f3 v\u1ebft th\u01b0\u01a1ng h\u1edf, gi\u00fap da nhanh l\u00e0nh. S\u1ea3n ph\u1ea9m \u0111\u01b0\u1ee3c khuy\u00ean d\u00f9ng ngay c\u1ea3 v\u1edbi l\u00e0n da nh\u1ea1y c\u1ea3m, da \u0111ang trong giai \u0111o\u1ea1n ch\u1eefa tr\u1ecb.<\/li>\n<li dir=\"ltr\" role=\"presentation\">Madecassoside c\u00f2n c\u00f3 t\u00e1c d\u1ee5ng th\u00fac \u0111\u1ea9y qu\u00e1 tr\u00ecnh t\u00e1i t\u1ea1o c\u00e1c t\u1ea7ng bi\u1ec3u b\u00ec c\u1ee7a da, l\u00e0m d\u1ecbu l\u00e0n da nh\u1ea1y c\u1ea3m v\u00e0 c\u1ee7ng c\u1ed1 l\u1ea1i l\u1edbp h\u00e0ng r\u00e0o b\u1ea3o v\u1ec7 da.<\/li>\n<li dir=\"ltr\" role=\"presentation\">Madecassoside c\u0169ng l\u00e0 m\u1ed9t ch\u1ea5t ch\u1ed1ng oxy ho\u00e1 hi\u1ec7u qu\u1ea3, gi\u00fap t\u1ea9y s\u1ea1ch c\u00e1c g\u1ed1c t\u1ef1 do v\u00e0 mang l\u1ea1i l\u1ee3i \u00edch \u01b0u vi\u1ec7t cho l\u00e0n da l\u00e0 ch\u1ed1ng l\u00e3o h\u00f3a. B\u1eb1ng c\u00e1ch ng\u1eeba s\u1ef1 suy gi\u1ea3m\u00a0collagen\u00a0t\u1ef1 nhi\u00ean c\u1ee7a c\u01a1 th\u1ec3, k\u00edch th\u00edch s\u1ef1 t\u1ed5ng h\u1ee3p collagen.<\/li>\n<li dir=\"ltr\" role=\"presentation\">Chi\u1ebft xu\u1ea5t l\u00e1 d\u01b0\u01a1ng x\u1ec9: C\u0103ng da, ph\u00f2ng ng\u1eeba l\u00e3o h\u00f3a da, l\u00e0m s\u00e1ng da b\u1eb1ng c\u00e1ch gi\u1ea3m ho\u1ea1t \u0111\u1ed9ng c\u1ee7a t\u1ebf b\u00e0o h\u1eafc t\u1ed1 g\u00e2y s\u1ea1m da Melanin \u0111\u1ebfn 50%, ch\u1ed1ng n\u1eafng, ch\u1ed1ng vi\u00eam, t\u0103ng c\u01b0\u1eddng h\u1ec7 mi\u1ec5n d\u1ecbch c\u1ee7a da.<\/li>\n<li dir=\"ltr\" role=\"presentation\">Tinh d\u1ea7u cam \u0111\u1eafng v\u00e0 hoa ho\u00e0ng lan: Ng\u0103n ng\u1eeba m\u1ee5n tr\u1ee9ng c\u00e1, kh\u00e1ng vi\u00eam, th\u00edch h\u1ee3p v\u1edbi c\u00e1c lo\u1ea1i da nh\u1eddn, se kh\u00edt l\u1ed7 ch\u00e2n l\u00f4ng v\u00e0 gi\u00fap s\u0103n ch\u1eafc da v\u00e0 t\u1ea1o c\u1ea3m gi\u00e1c th\u01b0 gi\u00e3n sau m\u1ed9t ng\u00e0y d\u00e0i m\u1ec7t m\u1ecfi.<\/li>\n<li dir=\"ltr\" role=\"presentation\">Hoa h\u1ed3ng Damask: k\u00edch th\u00edch s\u1ea3n xu\u1ea5t\u00a0Collagen\u00a0v\u00e0 lo\u1ea1i b\u1ecf c\u00e1c g\u1ed1c t\u1ef1 do, gi\u1eef cho l\u00e0n da m\u1ecbn m\u00e0ng v\u00e0 b\u1ea3o v\u1ec7 kh\u1ecfi s\u1ef1 xu\u1ea5t hi\u1ec7n c\u1ee7a c\u00e1c \u0111\u1ed1m s\u1eafc t\u1ed1.<\/li>\n<\/ul>\n<p><img decoding=\"async\" class=\"aligncenter size-full wp-image-589\" src=\"https:\/\/edallyvietnam.vn\/wp-content\/uploads\/2023\/02\/thanh-phan-cua-kem-duong-da-ngua-mun-edally-ex-han-quoc-tp.jpg\" alt=\"Thanh Phan Cua Kem Duong Da Ngua Mun Edally Ex Han Quoc Tp\" width=\"640\" height=\"480\" \/><\/p>\n<h2 id=\"3._cng_dung_cua_kem_duong_da_ngua_mun_edally_ex_hn_quoc\">3. C\u00f4ng d\u1ee5ng v\u1edbi da<\/h2>\n<ul>\n<li dir=\"ltr\" role=\"presentation\">Kem d\u01b0\u1ee1ng\u00a0da ng\u1eeba m\u1ee5n Edally EX H\u00e0n Qu\u1ed1c gi\u00fap gi\u1ea3m t\u00ecnh tr\u1ea1ng m\u1ee5n, th\u00e2m, \u0111\u1ea9y m\u1ee5n l\u00ean b\u1ec1 m\u1eb7t da, k\u00edch th\u00edch t\u1ebf b\u00e0o non, t\u0103ng mi\u1ec5n d\u1ecbch cho da. T\u00e1i sinh, ph\u1ee5c h\u1ed3i da sau t\u1ed5n th\u01b0\u01a1ng, l\u00e0n da c\u00f3 v\u1ebft th\u01b0\u01a1ng h\u1edf, l\u00e0m d\u1ecbu v\u00e0 d\u01b0\u1ee1ng s\u00e1ng da.<\/li>\n<li dir=\"ltr\" role=\"presentation\">Mang l\u1ea1i Hi\u1ec7u qu\u1ea3 t\u00e1i t\u1ea1o, ph\u1ee5c h\u1ed3i l\u00e0n da h\u01b0 t\u1ed5n v\u00e0 sau h\u01b0 t\u1ed5n.<\/li>\n<li dir=\"ltr\" role=\"presentation\">Ch\u0103m s\u00f3c, c\u1ea3i thi\u1ec7n t\u00ecnh tr\u1ea1ng m\u1ee5n, \u0111\u1ea9y m\u1ee5n l\u00ean b\u1ec1 m\u1eb7t da, ng\u0103n ng\u1eeba nguy c\u01a1 s\u1eb9o v\u00e0 v\u1ebft th\u00e2m sau m\u1ee5n.<\/li>\n<li dir=\"ltr\" role=\"presentation\">T\u0103ng c\u01b0\u1eddng kh\u1ea3 n\u0103ng mi\u1ec5n d\u1ecbch cho da. K\u00edch th\u00edch t\u0103ng tr\u01b0\u1edfng t\u1ebf b\u00e0o, t\u00e1i sinh, ph\u1ee5c h\u1ed3i l\u00e0n da sau t\u1ed5n th\u01b0\u01a1ng.<\/li>\n<li dir=\"ltr\" role=\"presentation\">L\u00e0m d\u1ecbu v\u00e0 d\u01b0\u1ee1ng s\u00e1ng da. L\u00e0m l\u00e0nh v\u1ebft th\u01b0\u01a1ng tr\u00ean da, ngay c\u1ea3 v\u1edbi l\u00e0n da c\u00f3 v\u1ebft th\u01b0\u01a1ng h\u1edf.<\/li>\n<\/ul>\n<p dir=\"ltr\" role=\"presentation\"><img decoding=\"async\" class=\"aligncenter size-full wp-image-590\" src=\"https:\/\/edallyvietnam.vn\/wp-content\/uploads\/2023\/02\/cong-dung-cua-kem-duong-da-ngua-mun-edally-ex-han-quoc-cd.jpg\" alt=\"Cong Dung Cua Kem Duong Da Ngua Mun Edally Ex Han Quoc Cd\" width=\"640\" height=\"480\" \/><\/p>\n<h2 id=\"4._huong_dan_su_dung_kem_duong_da_ngua_mun_edally_ex_hn_quoc\">4. H\u01b0\u1edbng d\u1eabn s\u1eed d\u1ee5ng<\/h2>\n<p>B\u01b0\u1edbc 1: L\u00e0m s\u1ea1ch da b\u1eb1ng t\u1ea9y trang, S\u1eefa r\u1eeda m\u1eb7t s\u1ea1ch s\u00e2u, Gen t\u1ea9y da ch\u1ebft Edally EX.<\/p>\n<p>B\u01b0\u1edbc 2: Thoa m\u1ed9t l\u01b0\u1ee3ng\u00a0kem d\u01b0\u1ee1ng\u00a0da ng\u1eeba m\u1ee5n Edally EX H\u00e0n Qu\u1ed1c th\u00edch h\u1ee3p l\u00ean 5 \u0111i\u1ec3m v\u00e0ng tr\u00ean khu\u00f4n m\u1eb7t (\u0111\u1eb7c bi\u1ec7t l\u00e0 nh\u1eefng v\u00f9ng da m\u1ee5n).<\/p>\n<p>B\u01b0\u1edbc 3: Massage nh\u1eb9 nh\u00e0ng v\u00e0 v\u1ed7 nh\u1eb9 \u0111\u1ec3 d\u01b0\u1ee1ng ch\u1ea5t \u0111\u01b0\u1ee3c th\u1ea5m \u0111\u1ec1u.<\/p>\n<p>S\u1eed d\u1ee5ng\u00a0kem d\u01b0\u1ee1ng\u00a0da ng\u1eeba m\u1ee5n Edally EX H\u00e0n Qu\u1ed1c h\u00e0ng ng\u00e0y \u0111\u1ec3 \u0111\u1ea1t hi\u1ec7u qu\u1ea3 t\u1ed1t nh\u1ea5t.<\/p>\n<h2 id=\"5._cam_ket_v_bao_hnh_kem_duong_da_ngua_mun_edally_ex_hn_quoc\">5. Cam k\u1ebft t\u1eeb Edally Vi\u1ec7t Nam<\/h2>\n<ol>\n<li>C\u00f3 \u0111\u1ea7y \u0111\u1ee7 gi\u1ea5y t\u1edd ch\u1ee9ng nh\u1eadn nh\u1eadp kh\u1ea9u<\/li>\n<li>\u0110\u01b0\u1ee3c s\u1ea3n xu\u1ea5t t\u1ea1i nh\u00e0 m\u00e1y s\u1ed1 1 H\u00e0n Qu\u1ed1c:\u00a0Cosmax Bio, Inc. \u2013 Korea.<\/li>\n<li>C\u00f4ng ngh\u1ec7 \u0111\u1ed9c quy\u1ec1n\u00a0Neocell Science\u00a0(th\u1ea9m th\u1ea5u t\u1ebf b\u00e0o \u0111\u1ed9t ph\u00e1) gi\u00fap \u0111\u01b0a c\u00e1c d\u01b0\u1ee1ng ch\u1ea5t v\u00e0o s\u00e2u b\u00ean trong l\u1edbp h\u1ea1 b\u00ec m\u1ed9t c\u00e1ch d\u1ec5 d\u00e0ng kh\u00f4ng g\u00e2y nh\u1eddn r\u00edt, b\u1ebft, d\u00ednh da.<\/li>\n<li>\u0110\u01b0\u1ee3c chi\u1ebft xu\u1ea5t t\u1eeb ngu\u1ed3n nguy\u00ean li\u1ec7u qu\u00fd hi\u1ebfm.<\/li>\n<li>Ch\u1ee9ng nh\u1eadn uy t\u00edn, danh gi\u00e1 Qu\u1ed1c t\u1ebf:\u00a0ch\u1ee9ng nh\u1eadn\u00a0c\u1ee7a FDA (c\u1ee5c Qu\u1ea3n l\u00fd d\u01b0\u1ee3c v\u00e0 M\u1ef9 ph\u1ea9m Hoa K\u1ef3), Ecocert, KFDA\u2026 Edally EX \u0111\u1ec1u \u0111\u1ea1t \u0111\u01b0\u1ee3c.<\/li>\n<li>Ch\u1ee9ng nh\u1eadn trong n\u01b0\u1edbc: b\u1ea3n c\u00f4ng b\u1ed1 ch\u1ea5t l\u01b0\u1ee3ng t\u1eebng s\u1ea3n ph\u1ea9m, tem ch\u1ed1ng h\u00e0ng gi\u1ea3 v\u00e0 h\u00e0ng nh\u00e1i do B\u1ed9 C\u00f4ng An c\u1ea5p ph\u00e9p, ch\u1ee9ng nh\u1eadn s\u1ea3n ph\u1ea9m vi\u1ec7n da li\u1ec5u TW khuy\u00ean d\u00f9ng, gi\u1ea5y ph\u00e9p l\u01b0u h\u00e0nh s\u1ea3n ph\u1ea9m,\u2026<\/li>\n<\/ol>\n<\/div>\n<\/div>\n","protected":false},"excerpt":{"rendered":"<ul>\n<li><strong>C\u00f4ng d\u1ee5ng<\/strong>: Gi\u1ea3m t\u00ecnh tr\u1ea1ng m\u1ee5n, th\u00e2m, \u0111\u1ea9y m\u1ee5n l\u00ean b\u1ec1 m\u1eb7t da. K\u00edch th\u00edch t\u1ebf b\u00e0o non, t\u0103ng mi\u1ec5n d\u1ecbch cho da. T\u00e1i sinh, ph\u1ee5c h\u1ed3i da sau t\u1ed5n th\u01b0\u01a1ng, l\u00e0n da c\u00f3 v\u1ebft th\u01b0\u01a1ng h\u1edf, l\u00e0m d\u1ecbu v\u00e0 d\u01b0\u1ee1ng s\u00e1ng da.<\/li>\n<li><strong>Quy c\u00e1ch<\/strong>: H\u1ed9p s\u1ea3n ph\u1ea9m 50ml<\/li>\n<li><strong>Th\u01b0\u01a1ng hi\u1ec7u<\/strong>:\u00a0Edally EX<\/li>\n<li><strong>Nh\u00e0 s\u1ea3n xu\u1ea5t<\/strong>:\u00a0Cosmax Bio, Inc. \u2013 Korea<\/li>\n<li><strong>Xu\u1ea5t x\u1ee9<\/strong>: H\u00e0n Qu\u1ed1c<\/li>\n<li><\/li>\n<\/ul>\n","protected":false},"featured_media":1191,"comment_status":"open","ping_status":"closed","template":"","meta":{"site-sidebar-layout":"default","site-content-layout":"","ast-site-content-layout":"default","site-content-style":"default","site-sidebar-style":"default","ast-global-header-display":"","ast-banner-title-visibility":"","ast-main-header-display":"","ast-hfb-above-header-display":"","ast-hfb-below-header-display":"","ast-hfb-mobile-header-display":"","site-post-title":"","ast-breadcrumbs-content":"","ast-featured-img":"","footer-sml-layout":"","theme-transparent-header-meta":"default","adv-header-id-meta":"","stick-header-meta":"","header-above-stick-meta":"","header-main-stick-meta":"","header-below-stick-meta":"","astra-migrate-meta-layouts":"set","ast-page-background-enabled":"default","ast-page-background-meta":{"desktop":{"background-color":"var(--ast-global-color-5)","background-image":"","background-repeat":"repeat","background-position":"center center","background-size":"auto","background-attachment":"scroll","background-type":"","background-media":"","overlay-type":"","overlay-color":"","overlay-opacity":"","overlay-gradient":""},"tablet":{"background-color":"","background-image":"","background-repeat":"repeat","background-position":"center center","background-size":"auto","background-attachment":"scroll","background-type":"","background-media":"","overlay-type":"","overlay-color":"","overlay-opacity":"","overlay-gradient":""},"mobile":{"background-color":"","background-image":"","background-repeat":"repeat","background-position":"center center","background-size":"auto","background-attachment":"scroll","background-type":"","background-media":"","overlay-type":"","overlay-color":"","overlay-opacity":"","overlay-gradient":""}},"ast-content-background-meta":{"desktop":{"background-color":"var(--ast-global-color-4)","background-image":"","background-repeat":"repeat","background-position":"center center","background-size":"auto","background-attachment":"scroll","background-type":"","background-media":"","overlay-type":"","overlay-color":"","overlay-opacity":"","overlay-gradient":""},"tablet":{"background-color":"var(--ast-global-color-4)","background-image":"","background-repeat":"repeat","background-position":"center center","background-size":"auto","background-attachment":"scroll","background-type":"","background-media":"","overlay-type":"","overlay-color":"","overlay-opacity":"","overlay-gradient":""},"mobile":{"background-color":"var(--ast-global-color-4)","background-image":"","background-repeat":"repeat","background-position":"center center","background-size":"auto","background-attachment":"scroll","background-type":"","background-media":"","overlay-type":"","overlay-color":"","overlay-opacity":"","overlay-gradient":""}}},"product_brand":[],"product_cat":[18,298,118,17,291],"product_tag":[],"class_list":{"0":"post-1145","1":"product","2":"type-product","3":"status-publish","4":"has-post-thumbnail","6":"product_cat-cham-soc-da-mat","7":"product_cat-cham-soc-da-mat-sac-dep","8":"product_cat-edally-ex","9":"product_cat-my-pham","10":"product_cat-sac-dep","11":"desktop-align-left","12":"tablet-align-left","13":"mobile-align-left","15":"first","16":"instock","17":"taxable","18":"shipping-taxable","19":"purchasable","20":"product-type-simple"},"_links":{"self":[{"href":"https:\/\/omewa.online\/index.php\/wp-json\/wp\/v2\/product\/1145","targetHints":{"allow":["GET"]}}],"collection":[{"href":"https:\/\/omewa.online\/index.php\/wp-json\/wp\/v2\/product"}],"about":[{"href":"https:\/\/omewa.online\/index.php\/wp-json\/wp\/v2\/types\/product"}],"replies":[{"embeddable":true,"href":"https:\/\/omewa.online\/index.php\/wp-json\/wp\/v2\/comments?post=1145"}],"wp:featuredmedia":[{"embeddable":true,"href":"https:\/\/omewa.online\/index.php\/wp-json\/wp\/v2\/media\/1191"}],"wp:attachment":[{"href":"https:\/\/omewa.online\/index.php\/wp-json\/wp\/v2\/media?parent=1145"}],"wp:term":[{"taxonomy":"product_brand","embeddable":true,"href":"https:\/\/omewa.online\/index.php\/wp-json\/wp\/v2\/product_brand?post=1145"},{"taxonomy":"product_cat","embeddable":true,"href":"https:\/\/omewa.online\/index.php\/wp-json\/wp\/v2\/product_cat?post=1145"},{"taxonomy":"product_tag","embeddable":true,"href":"https:\/\/omewa.online\/index.php\/wp-json\/wp\/v2\/product_tag?post=1145"}],"curies":[{"name":"wp","href":"https:\/\/api.w.org\/{rel}","templated":true}]}}