{"id":1143,"date":"2025-11-01T18:18:26","date_gmt":"2025-11-01T18:18:26","guid":{"rendered":"https:\/\/omewa.online\/?post_type=product&#038;p=1143"},"modified":"2025-12-13T03:46:33","modified_gmt":"2025-12-13T03:46:33","slug":"kem-duong-trang-da-chiet-xuat-nhuy-hoa-nghe-tay-edally-ex","status":"publish","type":"product","link":"https:\/\/omewa.online\/index.php\/product\/kem-duong-trang-da-chiet-xuat-nhuy-hoa-nghe-tay-edally-ex\/","title":{"rendered":"Kem d\u01b0\u1ee1ng Tr\u1eafng da chi\u1ebft xu\u1ea5t nh\u1ee5y hoa Ngh\u1ec7 T\u00e2y Edally EX"},"content":{"rendered":"<ul class=\"tabs wc-tabs product-tabs small-nav-collapse nav nav-uppercase nav-tabs nav-normal nav-left\" role=\"tablist\">\n<li id=\"tab-title-description\" class=\"description_tab active\" style=\"list-style-type: none;\" role=\"tab\" aria-controls=\"tab-description\">\n<ul class=\"tabs wc-tabs product-tabs small-nav-collapse nav nav-uppercase nav-tabs nav-normal nav-left\" role=\"tablist\">\n<li id=\"tab-title-description\" class=\"description_tab active\" role=\"tab\" aria-controls=\"tab-description\"><a href=\"https:\/\/edallyvietnam.vn\/san-pham\/kem-duong-trang-da-chiet-xuat-nhuy-hoa-nghe-tay-edally-ex\/#tab-description\">Chi ti\u1ebft s\u1ea3n ph\u1ea9m<\/a><\/li>\n<\/ul>\n<div class=\"tab-panels\">\n<div id=\"tab-description\" class=\"woocommerce-Tabs-panel woocommerce-Tabs-panel--description panel entry-content active\" role=\"tabpanel\" aria-labelledby=\"tab-title-description\">\n<h2 id=\"1._gioi_thieu_ve_kem_duong_trang_da_chiet_xuat_nhuy_hoa_nghe_ty_edally_ex_hn_quoc\">1. \u0110\u1eb7c \u0111i\u1ec3m n\u1ed5i b\u1eadt<\/h2>\n<p>Kem D\u01b0\u1ee1ng\u00a0Tr\u1eafng Da Chi\u1ebft xu\u1ea5t Nh\u1ee5y Hoa Ngh\u1ec7 T\u00e2y Edally EX H\u00e0n Qu\u1ed1c l\u00e0 s\u1ea3n ph\u1ea9m c\u1ee7a th\u01b0\u01a1ng hi\u1ec7u m\u1ef9 ph\u1ea9m h\u00e0ng \u0111\u1ea7u c\u1ee7a H\u00e0n Qu\u1ed1c Edally EX, \u0111\u01b0\u1ee3c s\u1ea3n xu\u1ea5t b\u1edfi Coreana Cosmetics Co., Ltd. \u0110\u00e2y l\u00e0 m\u1ed9t nh\u00e0 s\u1ea3n xu\u1ea5t m\u1ef9 ph\u1ea9m n\u1ed5i ti\u1ebfng th\u1ebf gi\u1edbi, ngo\u00e0i m\u1ef9 ph\u1ea9m Edally EX c\u00f2n\u00a0l\u00e0 cha \u0111\u1ebb c\u1ee7a nhi\u1ec1u th\u01b0\u01a1ng hi\u1ec7u m\u1ef9 ph\u1ea9m n\u1ed5i ti\u1ebfng nh\u01b0: Lancome, L\u2019oreal, ShuUemura, Amorepacific, Ohui, Whoo\u2026)\u2026 C\u00e1c s\u1ea3n ph\u1ea9m l\u00e0m \u0111\u1eb9p Edally\u00a0EX \u0111\u01b0\u1ee3c s\u1ea3n xu\u1ea5t t\u1ea1i 2 nh\u00e0 m\u00e1y l\u1edbn c\u1ee7a H\u00e0n Qu\u1ed1c l\u00e0 Cosmax v\u00e0 Coreana. Do \u0111\u00f3\u00a0Kem D\u01b0\u1ee1ng\u00a0Tr\u1eafng Da Chi\u1ebft xu\u1ea5t Nh\u1ee5y Hoa Ngh\u1ec7 T\u00e2y Edally EX H\u00e0n Qu\u1ed1c\u00a0v\u01b0\u1ee3t tr\u1ed9i v\u1edbi kh\u1ea3 n\u0103ng ch\u0103m s\u00f3c, ph\u1ee5c h\u1ed3i v\u00e0 tr\u1ebb h\u00f3a l\u00e0n da t\u1eeb b\u00ean trong.<\/p>\n<p>Kem D\u01b0\u1ee1ng\u00a0Tr\u1eafng Da Chi\u1ebft xu\u1ea5t Nh\u1ee5y Hoa Ngh\u1ec7 T\u00e2y Edally EX H\u00e0n Qu\u1ed1c\u00a0\u0111\u01b0\u1ee3c b\u00e0o ch\u1ebf t\u1eeb Nh\u1ee5y Hoa Ngh\u1ec7 T\u00e2y v\u00e0 nh\u1eefng th\u00e0nh ph\u1ea7n c\u00f3 ngu\u1ed3n g\u1ed1c t\u1eeb thi\u00ean nhi\u00ean an to\u00e0n l\u00e0nh t\u00ednh,\u00a0kh\u00f4ng ch\u1ee9a b\u1ea5t k\u1ef3 th\u00e0nh ph\u1ea7n g\u00e2y h\u1ea1i n\u00e0o c\u00f3 th\u1ec3 g\u00e2y k\u00edch \u1ee9ng tr\u00ean da, ngay c\u1ea3 v\u1edbi l\u00e0n da nh\u1ea1y c\u1ea3m nh\u1ea5t.<\/p>\n<p>Nh\u1ee5y Hoa Ngh\u1ec7 T\u00e2y x\u01b0a nay \u0111\u01b0\u1ee3c v\u00ed nh\u01b0 V\u00e0ng \u0111\u1ecf Trung \u0110\u00f4ng, \u0111\u01b0\u1ee3c h\u00e0ng tri\u1ec7u ph\u1ee5 n\u1eef khao kh\u00e1t \u0111\u1ec3 s\u1edf h\u1eefu nhan s\u1eafc tr\u1ebb \u0111\u1eb9p kh\u00f4ng tu\u1ed5i<\/p>\n<p>Do t\u00ednh ch\u1ea5t qu\u00fd hi\u1ebfm c\u00f9ng th\u00e0nh ph\u1ea7n c\u00f3 gi\u00e1 tr\u1ecb cao, ch\u1ee9a nhi\u1ec1u d\u01b0\u1ee1ng ch\u1ea5t c\u00f3 th\u1ec3 n\u00f3i l\u00e0 \u201cth\u1ea7n d\u01b0\u1ee3c\u201d c\u1ee7a l\u00e0n da (Retinol, c\u00e1c Vitamin C, A, B3, c\u00e1c nguy\u00ean t\u1ed1 S\u1eaft, K\u1ebdm, Mangan, Magie\u2026).<\/p>\n<p>Nh\u1ee5y Hoa Ngh\u1ec7 T\u00e2y th\u01b0\u1eddng \u0111\u01b0\u1ee3c \u00e1p d\u1ee5ng trong c\u00e1c s\u1ea3n ph\u1ea9m l\u00e0m \u0111\u1eb9p c\u1ee7a t\u1ea7ng l\u1edbp th\u01b0\u1ee3ng l\u01b0u, n\u1ed5i ti\u1ebfng v\u1edbi c\u00f4ng d\u1ee5ng duy tr\u00ec s\u1ef1 tr\u1ebb trung, t\u01b0\u01a1i m\u1edbi, \u0111\u1ed3ng th\u1eddi kh\u00e1ng khu\u1ea9n, kh\u00e1ng vi\u00eam cho l\u00e0n da.<\/p>\n<p>S\u1ea3n ph\u1ea9m\u00a0Kem D\u01b0\u1ee1ng\u00a0Tr\u1eafng Da Chi\u1ebft xu\u1ea5t Nh\u1ee5y Hoa Ngh\u1ec7 T\u00e2y Edally EX H\u00e0n Qu\u1ed1c\u00a0\u0111\u00e3 \u0111\u01b0\u1ee3c B\u1ed9 Y t\u1ebf ch\u1ee9ng nh\u1eadn an to\u00e0n v\u00e0 c\u1ea5p ph\u00e9p l\u01b0u h\u00e0nh.<\/p>\n<h2 id=\"2._thnh_phan_cua_kem_duong_trang_da_chiet_xuat_nhuy_hoa_nghe_ty_edally_ex_hn_quoc\">2. Th\u00e0nh ph\u1ea7n chi\u1ebft xu\u1ea5t<\/h2>\n<p dir=\"ltr\" role=\"presentation\">Kem D\u01b0\u1ee1ng\u00a0Tr\u1eafng Da Chi\u1ebft xu\u1ea5t Nh\u1ee5y Hoa Ngh\u1ec7 T\u00e2y Edally EX H\u00e0n Qu\u1ed1c\u00a0ngo\u00e0i th\u00e0nh ph\u1ea7n ch\u00ednh l\u00e0 chi\u1ebft xu\u1ea5t nh\u1ee5y hoa Ngh\u1ec7 T\u00e2y ra, c\u00f2n chi\u1ebft xu\u1ea5t t\u1eeb c\u00e1c th\u1ea3o d\u01b0\u1ee3c qu\u00fd kh\u00e1c nh\u01b0: chi\u1ebft xu\u1ea5t Hoa Nhung Tuy\u1ebft, chi\u1ebft xu\u1ea5t Rau Sam v\u00e0 Collagen th\u1ee7y ph\u00e2n t\u1eeb c\u00e1 b\u1ec3n s\u00e2u,\u00a0Niacinamide, Allantoin, Pyruvic Acid,\u2026 v\u00e0 m\u1ed9t s\u1ed1 th\u00e0nh ph\u1ea7n kh\u00e1c\u00a0mang l\u1ea1i hi\u1ec7u qu\u1ea3 d\u01b0\u1ee1ng tr\u1eafng da v\u01b0\u1ee3t tr\u1ed9i.<\/p>\n<p dir=\"ltr\" role=\"presentation\">Nh\u1ee5y Hoa Ngh\u1ec7 T\u00e2y c\u00f3 ch\u1ee9a r\u1ea5t nhi\u1ec1u vitamin A, bao g\u1ed3m Retinal, Retinol, Axit retinoic v\u00e0 c\u00e1c Carotenoid ti\u1ec1n Vitamin A c\u00f3 c\u00f4ng d\u1ee5ng gi\u1ea3m t\u1ed1c \u0111\u1ed9 l\u00e3o h\u00f3a v\u00e0 t\u0103ng c\u01b0\u1eddng s\u1ef1 \u0111\u00e0n h\u1ed3i, m\u1ec1m m\u1ea1i c\u1ee7a da. Kh\u00f4ng nh\u1eefng v\u1eady, Vitamin A n\u00e0y c\u00f2n \u0111\u00f3ng vai tr\u00f2 b\u1ea3o v\u1ec7, gi\u1ea3m t\u00ecnh tr\u1ea1ng da b\u1ecb m\u1ee5n v\u00e0 ki\u1ec3m so\u00e1t ch\u1ea5t nh\u1eddn tr\u00ean da.<\/p>\n<p dir=\"ltr\" role=\"presentation\">B\u00ean c\u1ea1nh \u0111\u00f3, Nh\u1ee5y Hoa Ngh\u1ec7 T\u00e2y c\u00f2n ch\u1ee9a c\u00e1c vitamin kh\u00e1c nh\u01b0 B1, B2, B3, B6 v\u00e0 vitamin B9. C\u00e1c vitamin nh\u00f3m B gi\u00fap da lo\u1ea1i b\u1ecf \u0111\u1ed9c t\u1ed1, nh\u1edd \u0111\u00f3 h\u1ea1n ch\u1ebf t\u1ed5n th\u01b0\u01a1ng hay m\u1ee5n. M\u1eb7t kh\u00e1c, ngh\u1ec7 t\u00e2y c\u0169ng ch\u1ee9a vitamin C. N\u00f3 gi\u00fap th\u00fac \u0111\u1ea9y qu\u00e1 tr\u00ecnh h\u00ecnh th\u00e0nh Collagen, lo\u1ea1i b\u1ecf c\u00e1c d\u1ea5u hi\u1ec7u nh\u01b0 th\u00e2m, n\u00e1m, t\u00e0n nhang khi\u1ebfn l\u00e0n da tr\u1eafng s\u00e1ng.<\/p>\n<p dir=\"ltr\" role=\"presentation\">Ngo\u00e0i ra s\u1ea3n ph\u1ea9m Kem D\u01b0\u1ee1ng Tr\u1eafng Da Chi\u1ebft xu\u1ea5t Nh\u1ee5y Hoa Ngh\u1ec7 T\u00e2y Edally EX H\u00e0n Qu\u1ed1c c\u00f2n c\u00f3 ch\u1ee9a c\u00e1c th\u00e0nh ph\u1ea7n h\u1eefu c\u01a1 thi\u00ean nhi\u00ean kh\u00e1c nh\u01b0 chi\u1ebft xu\u1ea5t rau sam: Gi\u1ea3m c\u00e1c tri\u1ec7u ch\u1ee9ng vi\u00eam gi\u1ea3i \u0111\u1ed9c \u2013 lo\u1ea1i b\u1ecf t\u00e1c nh\u00e2n g\u00e2y m\u1ee5n.<\/p>\n<p dir=\"ltr\" role=\"presentation\">Gi\u1eef \u1ea9m Collagen t\u1eeb c\u00e1: T\u0103ng c\u01b0\u1eddng \u0111\u1ed9 \u0111\u00e0n h\u1ed3i, gi\u1eef \u1ea9m h\u1ea5p th\u1ee5 nhanh v\u00e0 d\u1ec5 h\u00e0ng h\u1ed7 tr\u1ee3 quy tr\u00ecnh thay da t\u1ef1 nhi\u00ean di\u1ec5n ra thu\u1eadn l\u1ee3i h\u01a1n.<\/p>\n<p dir=\"ltr\" role=\"presentation\">Hoa Nhung Tuy\u1ebft: Ch\u1ea5t ch\u1ed1ng oxy h\u00f3a m\u1ea1nh, t\u0103ng c\u01b0\u1eddng s\u1ee9c \u0111\u1ec1 kh\u00e1ng cho l\u00e0n da tr\u01b0\u1edbc t\u00e1c \u0111\u1ed9ng c\u1ee7a m\u00f4i tr\u01b0\u1eddng b\u00ean ngo\u00e0i, t\u0103ng c\u01b0\u1eddng h\u00e0ng r\u00e0o b\u1ea3o v\u1ec7 da.<\/p>\n<p dir=\"ltr\" role=\"presentation\"><img fetchpriority=\"high\" decoding=\"async\" class=\"aligncenter size-full wp-image-724\" src=\"https:\/\/edallyvietnam.vn\/wp-content\/uploads\/2023\/02\/tp-kem-duong-trang-da-chiet-xuat-nhuy-hoa-nghe-tay-edally-ex-han-quoc.jpg\" alt=\"Tp Kem Duong Trang Da Chiet Xuat Nhuy Hoa Nghe Tay Edally Ex Han Quoc\" width=\"640\" height=\"480\" \/><\/p>\n<h2 id=\"3._cng_dung_cua_kem_duong_trang_da_chiet_xuat_nhuy_hoa_nghe_ty_edally_ex_hn_quoc\">3. C\u00f4ng d\u1ee5ng v\u1edbi da<\/h2>\n<ul>\n<li>Kem D\u01b0\u1ee1ng\u00a0Tr\u1eafng Da Chi\u1ebft xu\u1ea5t Nh\u1ee5y Hoa Ngh\u1ec7 T\u00e2y Edally EX H\u00e0n Qu\u1ed1c\u00a0gi\u00fap\u00a0cung c\u1ea5p \u0111\u1ed9 \u1ea9m cho da, d\u01b0\u1ee1ng tr\u1eafng chuy\u00ean s\u00e2u, ch\u1ed1ng l\u00e3o h\u00f3a da.<\/li>\n<li dir=\"ltr\" role=\"presentation\">C\u1ea3i thi\u1ec7n ngay l\u1eadp t\u1ee9c t\u00ecnh tr\u1ea1ng da kh\u00f4 r\u00e1p, cung c\u1ea5p n\u01b0\u1edbc v\u00e0 \u0111\u1ed9 \u1ea9m cho l\u00e0n da \u0111\u1ed3ng th\u1eddi d\u01b0\u1ee1ng tr\u1eafng da chuy\u00ean s\u00e2u.<\/li>\n<li dir=\"ltr\" role=\"presentation\">Gi\u00fap l\u00e0m d\u1ecbu l\u00e0n da nh\u1ea1y c\u1ea3m v\u1edbi m\u00f4i tr\u01b0\u1eddng b\u00ean ngo\u00e0i, gi\u1eef \u1ea9m, ng\u0103n ng\u1eeba m\u1ea5t \u0111\u1ed9 \u1ea9m, t\u1eeb \u0111\u00f3 gi\u00fap l\u00e0n da lu\u00f4n c\u0103ng, b\u00f3ng v\u00e0 ng\u0103n ng\u1eeba l\u00e3o ho\u00e1 da.<\/li>\n<li dir=\"ltr\" role=\"presentation\">Collagen th\u1ee7y ph\u00e2n gi\u00e0u \u0111\u1ed9 \u1ea9m v\u00e0 ch\u1ea5t dinh d\u01b0\u1ee1ng gi\u1eef cho l\u00e0n da c\u1ee7a b\u1ea1n \u0111\u01b0\u1ee3c gi\u1eef \u1ea9m t\u1ed1t, \u0111\u1ed3ng th\u1eddi b\u1ed5 sung Collagen gi\u00fap da s\u0103n ch\u1eafc h\u01a1n.<\/li>\n<li dir=\"ltr\" role=\"presentation\">Chi\u1ebft xu\u1ea5t Nhu\u1ef5 Hoa Ngh\u1ec7 T\u00e2y trong s\u1ea3n ph\u1ea9m\u00a0Kem D\u01b0\u1ee1ng\u00a0Tr\u1eafng Da Chi\u1ebft xu\u1ea5t Nh\u1ee5y Hoa Ngh\u1ec7 T\u00e2y Edally EX H\u00e0n Qu\u1ed1c\u00a0gi\u00fap cho l\u00e0n da nh\u1ea1y c\u1ea3m tr\u1edf n\u00ean s\u1ea1ch s\u1ebd v\u00e0 \u0111\u1ec1u m\u00e0u h\u01a1n.<\/li>\n<li dir=\"ltr\" role=\"presentation\">Allantoin c\u00f3 t\u00e1c d\u1ee5ng l\u00e0m d\u1ecbu tuy\u1ec7t v\u1eddi, gi\u1eef cho l\u00e0n da nh\u1ea1y c\u1ea3m nh\u1ea5t tr\u1edf n\u00ean m\u1ecbn m\u00e0ng, k\u00edch th\u00edch t\u0103ng sinh t\u1ebf b\u00e0o non m\u1edbi, gi\u00fap quy tr\u00ecnh thay da t\u1ef1 nhi\u00ean di\u1ec5n ra thu\u1eadn l\u1ee3i h\u01a1n.<\/li>\n<\/ul>\n<p dir=\"ltr\" role=\"presentation\"><img decoding=\"async\" class=\"aligncenter size-full wp-image-725\" src=\"https:\/\/edallyvietnam.vn\/wp-content\/uploads\/2023\/02\/cd-cua-kem-duong-trang-da-chiet-xuat-nhuy-hoa-nghe-tay-edally-ex-han-quoc.jpg\" alt=\"Cd Cua Kem Duong Trang Da Chiet Xuat Nhuy Hoa Nghe Tay Edally Ex Han Quoc\" width=\"640\" height=\"480\" \/><\/p>\n<h2 id=\"4._huong_dan_su_dung_kem_duong_trang_da_chiet_xuat_nhuy_hoa_nghe_ty_edally_ex_hn_quoc\">4. H\u01b0\u1edbng d\u1eabn s\u1eed d\u1ee5ng<\/h2>\n<p>B\u01b0\u1edbc 1: L\u00e0m s\u1ea1ch da b\u1eb1ng t\u1ea9y trang, t\u1ea9y da ch\u1ebft, s\u1eefa r\u1eeda m\u1eb7t v\u00e0 n\u01b0\u1edbc hoa h\u1ed3ng.<\/p>\n<p>B\u01b0\u1edbc 2: L\u1ea5y m\u1ed9t l\u01b0\u1ee3ng Kem d\u01b0\u1ee1ng tr\u1eafng da chi\u1ebft xu\u1ea5t nh\u1ee5y hoa ngh\u1ec7 t\u00e2y Edally EX H\u00e0n Qu\u1ed1c v\u1eeba \u0111\u1ee7, ch\u1ea5m l\u00ean 5 \u0111i\u1ec3m: Tr\u00e1n, 2 m\u00e1, m\u0169i v\u00e0 c\u1eb1m.<\/p>\n<p>B\u01b0\u1edbc 3: Massage v\u00e0 v\u1ed7 nh\u1eb9 l\u00ean m\u1eb7t \u0111\u1ec3 d\u01b0\u1ee1ng ch\u1ea5t \u0111\u01b0\u1ee3c th\u1ea9m th\u1ea5u s\u00e2u v\u00e0o trong da.<\/p>\n<p><img decoding=\"async\" class=\"aligncenter size-full wp-image-726\" src=\"https:\/\/edallyvietnam.vn\/wp-content\/uploads\/2023\/02\/cach-sd-kem-duong-trang-da-chiet-xuat-nhuy-hoa-nghe-tay-edally-ex-han-quoc.jpg\" alt=\"Cach Sd Kem Duong Trang Da Chiet Xuat Nhuy Hoa Nghe Tay Edally Ex Han Quoc\" width=\"640\" height=\"480\" \/><\/p>\n<p><strong>L\u01b0u \u00fd s\u1eed d\u1ee5ng<\/strong>: \u0110\u1eady n\u1eafp h\u1ed9p Kem d\u01b0\u1ee1ng tr\u1eafng da chi\u1ebft xu\u1ea5t nh\u1ee5y hoa ngh\u1ec7 t\u00e2y Edally EX H\u00e0n Qu\u1ed1c\u00a0sau khi s\u1eed d\u1ee5ng.<\/p>\n<p><strong>B\u1ea3o qu\u1ea3n<\/strong>: N\u01a1i kh\u00f4 tho\u00e1ng, tr\u00e1nh \u00e1nh n\u1eafng tr\u1ef1c ti\u1ebfp. \u0110\u1ec3 xa t\u1ea7m tay tr\u1ebb em.<\/p>\n<h2 id=\"5._cam_ket_v_bao_hnh_kem_duong_da_ngua_mun_edally_ex_hn_quoc\">5. Cam k\u1ebft t\u1eeb Edally Vi\u1ec7t Nam<\/h2>\n<ol>\n<li>C\u00f3 \u0111\u1ea7y \u0111\u1ee7 gi\u1ea5y t\u1edd ch\u1ee9ng nh\u1eadn nh\u1eadp kh\u1ea9u<\/li>\n<li>\u0110\u01b0\u1ee3c s\u1ea3n xu\u1ea5t t\u1ea1i nh\u00e0 m\u00e1y s\u1ed1 1 H\u00e0n Qu\u1ed1c:\u00a0Cosmax Bio, Inc. \u2013 Korea.<\/li>\n<li>C\u00f4ng ngh\u1ec7 \u0111\u1ed9c quy\u1ec1n\u00a0Neocell Science\u00a0(th\u1ea9m th\u1ea5u t\u1ebf b\u00e0o \u0111\u1ed9t ph\u00e1) gi\u00fap \u0111\u01b0a c\u00e1c d\u01b0\u1ee1ng ch\u1ea5t v\u00e0o s\u00e2u b\u00ean trong l\u1edbp h\u1ea1 b\u00ec m\u1ed9t c\u00e1ch d\u1ec5 d\u00e0ng kh\u00f4ng g\u00e2y nh\u1eddn r\u00edt, b\u1ebft, d\u00ednh da.<\/li>\n<li>\u0110\u01b0\u1ee3c chi\u1ebft xu\u1ea5t t\u1eeb ngu\u1ed3n nguy\u00ean li\u1ec7u qu\u00fd hi\u1ebfm.<\/li>\n<li>Ch\u1ee9ng nh\u1eadn uy t\u00edn, danh gi\u00e1 Qu\u1ed1c t\u1ebf:\u00a0ch\u1ee9ng nh\u1eadn\u00a0c\u1ee7a FDA (c\u1ee5c Qu\u1ea3n l\u00fd d\u01b0\u1ee3c v\u00e0 M\u1ef9 ph\u1ea9m Hoa K\u1ef3), Ecocert, KFDA\u2026 Edally EX \u0111\u1ec1u \u0111\u1ea1t \u0111\u01b0\u1ee3c.<\/li>\n<li>Ch\u1ee9ng nh\u1eadn trong n\u01b0\u1edbc: b\u1ea3n c\u00f4ng b\u1ed1 ch\u1ea5t l\u01b0\u1ee3ng t\u1eebng s\u1ea3n ph\u1ea9m, tem ch\u1ed1ng h\u00e0ng gi\u1ea3 v\u00e0 h\u00e0ng nh\u00e1i do B\u1ed9 C\u00f4ng An c\u1ea5p ph\u00e9p, ch\u1ee9ng nh\u1eadn s\u1ea3n ph\u1ea9m vi\u1ec7n da li\u1ec5u TW khuy\u00ean d\u00f9ng, gi\u1ea5y ph\u00e9p l\u01b0u h\u00e0nh s\u1ea3n ph\u1ea9m,\u2026<\/li>\n<\/ol>\n<\/div>\n<\/div>\n<\/li>\n<\/ul>\n","protected":false},"excerpt":{"rendered":"<ul>\n<li>\n<ul>\n<li>\n<ul>\n<li><strong>C\u00f4ng d\u1ee5ng<\/strong>: Cung c\u1ea5p \u0111\u1ed9 \u1ea9m cho da. D\u01b0\u1ee1ng tr\u1eafng chuy\u00ean s\u00e2u. Ch\u1ed1ng l\u00e3o h\u00f3a da. Kh\u00e1ng khu\u1ea9n, kh\u00e1ng vi\u00eam. L\u00e0m m\u1edd n\u00e1m, s\u1ea1m, t\u00e0n nhang v\u00e0 \u0111\u1ea9y l\u00f9i n\u1ebfp nh\u0103n hi\u1ec7u qu\u1ea3<\/li>\n<\/ul>\n<ul>\n<li><strong>Quy c\u00e1ch<\/strong>: 50ml\/ H\u1ed9p<\/li>\n<li><strong>Th\u01b0\u01a1ng hi\u1ec7u:<\/strong>:\u00a0Edally EX<\/li>\n<li><strong>Nh\u00e0 s\u1ea3n xu\u1ea5t<\/strong>: Coreana Co., Ltd. \u2013 Korea<\/li>\n<li><strong>Xu\u1ea5t x\u1ee9<\/strong>: H\u00e0n Qu\u1ed1c<\/li>\n<\/ul>\n<\/li>\n<\/ul>\n<\/li>\n<\/ul>\n","protected":false},"featured_media":1186,"comment_status":"open","ping_status":"closed","template":"","meta":{"site-sidebar-layout":"default","site-content-layout":"","ast-site-content-layout":"default","site-content-style":"default","site-sidebar-style":"default","ast-global-header-display":"","ast-banner-title-visibility":"","ast-main-header-display":"","ast-hfb-above-header-display":"","ast-hfb-below-header-display":"","ast-hfb-mobile-header-display":"","site-post-title":"","ast-breadcrumbs-content":"","ast-featured-img":"","footer-sml-layout":"","theme-transparent-header-meta":"default","adv-header-id-meta":"","stick-header-meta":"","header-above-stick-meta":"","header-main-stick-meta":"","header-below-stick-meta":"","astra-migrate-meta-layouts":"set","ast-page-background-enabled":"default","ast-page-background-meta":{"desktop":{"background-color":"var(--ast-global-color-5)","background-image":"","background-repeat":"repeat","background-position":"center center","background-size":"auto","background-attachment":"scroll","background-type":"","background-media":"","overlay-type":"","overlay-color":"","overlay-opacity":"","overlay-gradient":""},"tablet":{"background-color":"","background-image":"","background-repeat":"repeat","background-position":"center center","background-size":"auto","background-attachment":"scroll","background-type":"","background-media":"","overlay-type":"","overlay-color":"","overlay-opacity":"","overlay-gradient":""},"mobile":{"background-color":"","background-image":"","background-repeat":"repeat","background-position":"center center","background-size":"auto","background-attachment":"scroll","background-type":"","background-media":"","overlay-type":"","overlay-color":"","overlay-opacity":"","overlay-gradient":""}},"ast-content-background-meta":{"desktop":{"background-color":"var(--ast-global-color-4)","background-image":"","background-repeat":"repeat","background-position":"center center","background-size":"auto","background-attachment":"scroll","background-type":"","background-media":"","overlay-type":"","overlay-color":"","overlay-opacity":"","overlay-gradient":""},"tablet":{"background-color":"var(--ast-global-color-4)","background-image":"","background-repeat":"repeat","background-position":"center center","background-size":"auto","background-attachment":"scroll","background-type":"","background-media":"","overlay-type":"","overlay-color":"","overlay-opacity":"","overlay-gradient":""},"mobile":{"background-color":"var(--ast-global-color-4)","background-image":"","background-repeat":"repeat","background-position":"center center","background-size":"auto","background-attachment":"scroll","background-type":"","background-media":"","overlay-type":"","overlay-color":"","overlay-opacity":"","overlay-gradient":""}}},"product_brand":[],"product_cat":[18,298,118,17,291],"product_tag":[],"class_list":{"0":"post-1143","1":"product","2":"type-product","3":"status-publish","4":"has-post-thumbnail","6":"product_cat-cham-soc-da-mat","7":"product_cat-cham-soc-da-mat-sac-dep","8":"product_cat-edally-ex","9":"product_cat-my-pham","10":"product_cat-sac-dep","11":"desktop-align-left","12":"tablet-align-left","13":"mobile-align-left","15":"first","16":"instock","17":"taxable","18":"shipping-taxable","19":"purchasable","20":"product-type-simple"},"_links":{"self":[{"href":"https:\/\/omewa.online\/index.php\/wp-json\/wp\/v2\/product\/1143","targetHints":{"allow":["GET"]}}],"collection":[{"href":"https:\/\/omewa.online\/index.php\/wp-json\/wp\/v2\/product"}],"about":[{"href":"https:\/\/omewa.online\/index.php\/wp-json\/wp\/v2\/types\/product"}],"replies":[{"embeddable":true,"href":"https:\/\/omewa.online\/index.php\/wp-json\/wp\/v2\/comments?post=1143"}],"wp:featuredmedia":[{"embeddable":true,"href":"https:\/\/omewa.online\/index.php\/wp-json\/wp\/v2\/media\/1186"}],"wp:attachment":[{"href":"https:\/\/omewa.online\/index.php\/wp-json\/wp\/v2\/media?parent=1143"}],"wp:term":[{"taxonomy":"product_brand","embeddable":true,"href":"https:\/\/omewa.online\/index.php\/wp-json\/wp\/v2\/product_brand?post=1143"},{"taxonomy":"product_cat","embeddable":true,"href":"https:\/\/omewa.online\/index.php\/wp-json\/wp\/v2\/product_cat?post=1143"},{"taxonomy":"product_tag","embeddable":true,"href":"https:\/\/omewa.online\/index.php\/wp-json\/wp\/v2\/product_tag?post=1143"}],"curies":[{"name":"wp","href":"https:\/\/api.w.org\/{rel}","templated":true}]}}