{"id":1097,"date":"2025-11-01T18:18:04","date_gmt":"2025-11-01T18:18:04","guid":{"rendered":"https:\/\/omewa.online\/?post_type=product&#038;p=1097"},"modified":"2025-12-13T03:46:33","modified_gmt":"2025-12-13T03:46:33","slug":"kem-chong-nang-ngua-nam-hoan-hao-edally-ex-han-quoc","status":"publish","type":"product","link":"https:\/\/omewa.online\/index.php\/product\/kem-chong-nang-ngua-nam-hoan-hao-edally-ex-han-quoc\/","title":{"rendered":"Kem ch\u1ed1ng n\u1eafng ng\u1eeba n\u00e1m ho\u00e0n h\u1ea3o Edally EX H\u00e0n Qu\u1ed1c"},"content":{"rendered":"<h2 id=\"1._gioi_thieu_ve_kem_chong_nang_ngua_nm_hon_hao_edally_ex_hn_quoc\"><a href=\"https:\/\/edallyvietnam.vn\/san-pham\/kem-chong-nang-ngua-nam-hoan-hao-edally-ex-han-quoc\/#tab-description\">Chi ti\u1ebft s\u1ea3n ph\u1ea9m<\/a><br \/>\n1. \u0110\u1eb7c \u0111i\u1ec3m n\u1ed5i b\u1eadt<\/h2>\n<p>Kem ch\u1ed1ng n\u1eafng\u00a0ng\u1eeba n\u00e1m ho\u00e0n h\u1ea3o Edally EX H\u00e0n Qu\u1ed1c \u2013 L\u00e0 s\u1ea3n ph\u1ea9m m\u1ef9 ph\u1ea9m thi\u00ean nhi\u00ean cao c\u1ea5p \u0111\u01b0\u1ee3c s\u1ea3n xu\u1ea5t v\u00e0 nh\u1eadp kh\u1ea9u 100% t\u1eeb H\u00e0n Qu\u1ed1c b\u1eb1ng c\u00f4ng ngh\u1ec7 \u201cTh\u1ea9m th\u1ea5u t\u1ebf b\u00e0o \u0111\u1ed9t ph\u00e1 Neocell Sciene\u201d\u00a0\u0111\u01b0a d\u01b0\u1ee1ng ch\u1ea5t th\u1ea9m th\u1ea5u s\u00e2u v\u00e0o c\u00e1c t\u1ebf b\u00e0o da gi\u00fap da h\u1ea5p th\u1ee5 d\u01b0\u1ee1ng ch\u1ea5t nhanh v\u00e0 hi\u1ec7u qu\u1ea3 nh\u1ea5t.<\/p>\n<p>V\u1edbi c\u00f4ng th\u1ee9c ch\u1ee9a c\u00e1c th\u00e0nh ph\u1ea7n thi\u00ean nhi\u00ean \u0111\u1eb7c bi\u1ec7t t\u1ed1t cho l\u00e0n da, k\u1ec3 c\u1ea3 v\u1edbi l\u00e0n da nh\u1ea1y c\u1ea3m, t\u0103ng c\u01b0\u1eddng kh\u1ea3 n\u0103ng b\u1ea3o v\u1ec7 cho l\u00e0n da trong su\u1ed1t h\u01a1n 8h \u0111\u1ed1i v\u1edbi th\u1eddi ti\u1ebft b\u00ecnh th\u01b0\u1eddng v\u00e0 3 \u2013 5h \u0111\u1ed1i v\u1edbi th\u1eddi ti\u1ebft n\u1eafng n\u00f3ng m\u00e0 kh\u00f4ng g\u00e2y b\u00f3ng nh\u1eddn, b\u00ed b\u00e1ch, t\u1ea1o c\u1ea3m gi\u00e1c t\u01b0\u01a1i m\u1edbi, d\u1ecbu m\u00e1t cho l\u00e0n da.<\/p>\n<p dir=\"ltr\" role=\"presentation\">Kem ch\u1ed1ng n\u1eafng\u00a0ng\u1eeba n\u00e1m Edally EX H\u00e0n Qu\u1ed1c r\u1ea5t \u0111\u01b0\u1ee3c ch\u1ecb em \u01b0a chu\u1ed9ng v\u00e0 s\u0103n l\u00f9ng hi\u1ec7n nay \u0111\u1ec3 s\u1eed d\u1ee5ng b\u1edfi v\u00ec s\u1ea3n ph\u1ea9m n\u00e0y \u0111\u01b0\u1ee3c ra \u0111\u1eddi nh\u01b0 m\u1ed9t l\u1edbp \u201c\u00e1o gi\u00e1p\u201d ng\u0103n c\u1ea3n t\u00e1c h\u1ea1i c\u1ee7a tia UV \u0111\u1ed1i v\u1edbi l\u00e0n da, b\u1ea3o v\u1ec7 l\u00e0n da tr\u01b0\u1edbc c\u00e1c v\u1ea5n \u0111\u1ec1 nh\u01b0 ch\u00e1y n\u1eafng, n\u00e1m s\u1ea1m, ng\u0103n ng\u1eeba\u00a0l\u00e3o h\u00f3a s\u1edbm do t\u00e1c h\u1ea1i c\u1ee7a tia c\u1ef1c t\u00edm.<\/p>\n<h2 id=\"2._thnh_phan_cua_kem_chong_nang_ngua_nm_hon_hao_edally_ex_hn_quoc\">2. Th\u00e0nh ph\u1ea7n chi\u1ebft xu\u1ea5t<\/h2>\n<p dir=\"ltr\" role=\"presentation\">Kem ch\u1ed1ng n\u1eafng ng\u1eeba n\u00e1m ho\u00e0n h\u1ea3o Edally EX H\u00e0n Qu\u1ed1c v\u1edbi s\u1ef1 k\u1ebft h\u1ee3p ho\u00e0n h\u1ea3o c\u1ee7a c\u00e1c d\u01b0\u1ee1ng ch\u1ea5t thi\u00ean nhi\u00ean cao qu\u00fd \u0111\u1eb7c bi\u1ec7t t\u1ed1t cho l\u00e0n da, nh\u1ea5t l\u00e0 da nh\u1ea1y c\u1ea3m.<\/p>\n<p dir=\"ltr\" role=\"presentation\">Chi\u1ebft xu\u1ea5t tinh ch\u1ea5t t\u1ed5 y\u1ebfn, chi\u1ebft xu\u1ea5t l\u00f4 h\u1ed9i, chi\u1ebft xu\u1ea5t hoa rum, chi\u1ebft xu\u1ea5t hoa h\u00f2e, chi\u1ebft xu\u1ea5t hoa chanh, chi\u1ebft xu\u1ea5t hoa sen h\u1ed3ng, chi\u1ebft xu\u1ea5t hoa tr\u00e0 Nh\u1eadt B\u1ea3n, Adenosine, Niacinamide, Tocopheryl Acetate, Fragrance, Ethylhexyl Methoxycinnamate.<\/p>\n<p dir=\"ltr\" role=\"presentation\"><img fetchpriority=\"high\" decoding=\"async\" class=\"aligncenter size-full wp-image-756\" src=\"https:\/\/edallyvietnam.vn\/wp-content\/uploads\/2023\/02\/thanh-phan-chiets-xuat-cua-kem-chong-nang-ngua-nam-hoan-hao-edally-ex.jpg\" alt=\"Thanh Phan Chiets Xuat Cua Kem Chong Nang Ngua Nam Hoan Hao Edally Ex\" width=\"640\" height=\"480\" \/><\/p>\n<ul>\n<li dir=\"ltr\" role=\"presentation\"><strong>T\u1ed5 y\u1ebfn tr\u1eafng<\/strong>: Ch\u1ee9a h\u00e0m l\u01b0\u1ee3ng Protein cao gi\u00fap th\u00fac \u0111\u1ea9y m\u1ea1nh m\u1ebd qu\u00e1 tr\u00ecnh t\u00e1i t\u1ea1o t\u1ebf b\u00e0o. Threonine h\u1ed7 tr\u1ee3 s\u1ea3n sinh Collagen, Elastin, th\u00e0nh ph\u1ea7n quan tr\u1ecdng \u0111\u01b0\u1ee3c v\u00ed nh\u01b0 \u201d b\u1ed9 khung v\u00e0ng \u201d n\u00e2ng \u0111\u1ee1 l\u00e0n da; k\u1ebft h\u1ee3p v\u1edbi Glycine c\u00f3 t\u00e1c d\u1ee5ng ng\u0103n ng\u1eeba n\u1ebfp nh\u0103n, ch\u1ed1ng n\u1ed5i m\u1ee5n, t\u00e0n nhang, v\u1ebft n\u00e1m. T\u0103ng c\u01b0\u1eddng kh\u1ea3 n\u0103ng mi\u1ec5n d\u1ecbch v\u00e0 k\u00edch ho\u1ea1t l\u01b0u th\u00f4ng huy\u1ebft gi\u00fap da nhu\u1eadn s\u1eafc, h\u1ed3ng h\u00e0o \u0111\u1ea7y s\u1ee9c s\u1ed1ng.<\/li>\n<li dir=\"ltr\" role=\"presentation\"><strong>Chi\u1ebft xu\u1ea5t l\u00f4 h\u1ed9i<\/strong>: Gi\u00fap l\u00e0m d\u1ecbu m\u00e1t, nhanh ch\u00f3ng h\u1ea1 nhi\u1ec7t cho l\u00e0n da, cung c\u1ea5p \u0111\u1ed9 \u1ea9m, b\u1ea3o v\u1ec7 da tr\u01b0\u1edbc t\u00e1c h\u1ea1i c\u1ee7a \u00e1nh n\u1eafng m\u1eb7t tr\u1eddi, k\u00edch th\u00edch s\u1ef1 t\u1ed5ng h\u1ee3p collagen v\u00e0 elastin, ng\u0103n ng\u1eeba s\u1ef1 l\u00e3o h\u00f3a c\u1ee7a l\u00e0n da.<\/li>\n<li dir=\"ltr\" role=\"presentation\"><strong>Vitamin Niacinamide<\/strong>: M\u1ed9t d\u1eabn xu\u1ea5t c\u1ee7a Vitamin B3 an to\u00e0n v\u00e0 l\u00e0nh t\u00ednh gi\u00fap c\u1ea3i thi\u1ec7n k\u1ebft c\u1ea5u da, gi\u1ea3m s\u1ef1 xu\u1ea5t hi\u1ec7n c\u1ee7a c\u00e1c h\u1eafc s\u1eafc t\u1ed1, c\u00e1c \u0111\u1ed1m s\u1eadm n\u00e2u cho l\u00e0n da \u0111\u1ec1u m\u00e0u v\u00e0 \u0111\u01b0\u1ee3c d\u01b0\u1ee1ng tr\u1eafng t\u1eeb s\u00e2u b\u00ean trong, th\u00fac \u0111\u1ea9y s\u1ef1 t\u1ed5ng h\u1ee3p Collagen v\u00e0 c\u00e1c axit b\u00e9o, t\u1ea1o l\u1edbp m\u00e0ng gi\u1eef \u1ea9m b\u1ea3o v\u1ec7 cho da.<\/li>\n<li dir=\"ltr\" role=\"presentation\"><strong>Adenosine<\/strong>: C\u00f3 s\u1ee9c m\u1ea1nh tuy\u1ec7t v\u1eddi trong vi\u1ec7c c\u1ea3i thi\u1ec7n n\u1ebfp nh\u0103n, v\u1ebft ch\u00e2n chim \u0111\u1eb7c bi\u1ec7t v\u00f9ng kh\u00f3e m\u1eaft v\u00e0 kh\u00f3e mi\u1ec7ng. Adenisine l\u00e0m t\u0103ng s\u1ef1 s\u1ea3n sinh c\u1ee7a c\u00e1c s\u1ee3i Elastin v\u00e0 Collagen gi\u00fap gi\u1ea3m hi\u1ec7n t\u01b0\u1ee3ng nh\u0103n, ch\u1ea3y x\u1ec7. \u0110\u1ed3ng th\u1eddi l\u00e0m t\u0103ng l\u01b0u th\u00f4ng m\u00e1u d\u01b0\u1edbi da, gi\u00fap ph\u1ee5c h\u1ed3i c\u00e1c h\u01b0 h\u1ea1i, l\u00e0m \u0111\u1ea7y c\u00e1c r\u00e3nh nh\u0103n.<\/li>\n<li dir=\"ltr\" role=\"presentation\"><strong>Titanium Dioxide<\/strong>: Khi thoa l\u00ean da, Titanium Dioxide kh\u00f4ng \u0111i v\u00e0o da m\u00e0 ph\u00e2n t\u00e1n \u0111\u1ec1u tr\u00ean da, ph\u00e1t huy kh\u1ea3 n\u0103ng ch\u1ed1ng n\u1eafng cao, l\u00e0m ph\u00e2n t\u00e1n tia UV hi\u1ec7u qu\u1ea3. Titanium Dioxide gi\u00fap \u0111\u1ea9y ch\u1ec9 s\u1ed1 ch\u1ed1ng n\u1eafng SPF l\u00ean cao, t\u0103ng kh\u1ea3 n\u0103ng ch\u1ed1ng n\u1eafng b\u1ea3o v\u1ec7 da kh\u1ecfi tia UV, \u0111\u00e2y c\u0169ng l\u00e0 c\u00e1ch gi\u00fap gi\u1ea3m \u0111i nguy c\u01a1 k\u00edch \u1ee9ng da hay d\u1ecb \u1ee9ng \u0111\u1eb7c tr\u01b0ng.<\/li>\n<\/ul>\n<h2 id=\"3._cng_dung_cua_kem_chong_nang_ngua_nm_hon_hao_edally_ex_hn_quoc\">3. C\u00f4ng d\u1ee5ng v\u1edbi da<\/h2>\n<p dir=\"ltr\" role=\"presentation\">Kem ch\u1ed1ng n\u1eafng ng\u1eeba n\u00e1m ho\u00e0n h\u1ea3o Edally EX H\u00e0n Qu\u1ed1c gi\u00fap\u00a0b\u1ea3o v\u1ec7 da tr\u01b0\u1edbc t\u00e1c h\u1ea1i c\u1ee7a tia UV m\u1ed9t c\u00e1ch m\u1ea1nh m\u1ebd, h\u1ed7 tr\u1ee3 qu\u00e1 tr\u00ecnh c\u1ea3i thi\u1ec7n n\u00e1m hi\u1ec7u qu\u1ea3, d\u01b0\u1ee1ng \u1ea9m v\u00e0 l\u00e0m d\u1ecbu nh\u1eb9 l\u00e0n da. C\u00f3 th\u1ec3 s\u1eed d\u1ee5ng thay th\u1ebf l\u1edbp kem l\u00f3t cho khu\u00f4n m\u1eb7t.<\/p>\n<ul>\n<li dir=\"ltr\" role=\"presentation\">Gi\u00fap v\u00f4 hi\u1ec7u h\u00f3a t\u00e1c h\u1ea1i c\u1ee7a UVA, UVB, ng\u0103n ng\u1eeba l\u00e3o h\u00f3a, ung th\u01b0 da.<\/li>\n<li dir=\"ltr\" role=\"presentation\">H\u1ed7 tr\u1ee3 ng\u0103n ng\u1eeba n\u00e1m da, ng\u0103n ng\u1eeba n\u00e1m s\u1ea1m, t\u00e0n nhang.<\/li>\n<li dir=\"ltr\" role=\"presentation\">\u0110i\u1ec1u h\u00f2a nhi\u1ec7t, b\u1ea3o v\u1ec7 cho l\u00e0n da t\u01b0\u01a1i m\u00e1t.<\/li>\n<li dir=\"ltr\" role=\"presentation\">\u0110\u1eb7c bi\u1ec7t Kem ch\u1ed1ng n\u1eafng n\u1eeba n\u00e1m ho\u00e0n h\u1ea3o Edally EX H\u00e0n Qu\u1ed1c c\u00f2n c\u00f3 c\u00f4ng d\u1ee5ng d\u01b0\u1ee1ng tr\u1eafng, l\u00e0m \u0111\u1ec1u m\u00e0u da, gi\u00fap da kh\u00f4ng b\u1eaft n\u1eafng, tr\u1eafng h\u1ed3ng h\u00e0o.<\/li>\n<\/ul>\n<p dir=\"ltr\" role=\"presentation\"><img decoding=\"async\" class=\"aligncenter size-full wp-image-757\" src=\"https:\/\/edallyvietnam.vn\/wp-content\/uploads\/2023\/02\/cong-dung-cua-kem-chong-nang-ngua-nam-hoan-hao-edally-ex-han-quoc-cong-dung.jpg\" alt=\"Cong Dung Cua Kem Chong Nang Ngua Nam Hoan Hao Edally Ex Han Quoc Cong Dung\" width=\"640\" height=\"480\" \/><\/p>\n<p dir=\"ltr\" role=\"presentation\">V\u1edbi c\u00f4ng th\u1ee9c ch\u1ee9a c\u00e1c th\u00e0nh ph\u1ea7n thi\u00ean nhi\u00ean \u0111\u1eb7c bi\u1ec7t t\u1ed1t cho l\u00e0n da, k\u1ec3 c\u1ea3 da nh\u1ea1y c\u1ea3m,\u00a0Kem ch\u1ed1ng n\u1eafng ng\u1eeba n\u00e1m ho\u00e0n h\u1ea3o Edally EX H\u00e0n Qu\u1ed1c gi\u00fap\u00a0t\u0103ng c\u01b0\u1eddng kh\u1ea3 n\u0103ng b\u1ea3o v\u1ec7 cho l\u00e0n da trong su\u1ed1t h\u01a1n 8h m\u00e0 kh\u00f4ng g\u00e2y b\u00f3ng nh\u1eddn, b\u00ed b\u00e1ch, t\u1ea1o c\u1ea3m gi\u00e1c t\u01b0\u01a1i m\u1edbi, d\u1ecbu m\u00e1t cho l\u00e0n da.<\/p>\n<p dir=\"ltr\" role=\"presentation\">95% ng\u01b0\u1eddi s\u1eed d\u1ee5ng \u0111\u1ec1u c\u1ea3m th\u1ea5y h\u00e0i l\u00f2ng v\u1edbi\u00a0Kem ch\u1ed1ng n\u1eafng ng\u1eeba n\u00e1m ho\u00e0n h\u1ea3o Edally EX H\u00e0n Qu\u1ed1c: Kem c\u00f3 kh\u1ea3 n\u0103ng ch\u1ed1ng l\u1ea1i m\u1ed3 h\u00f4i, kh\u00f4ng g\u00e2y nh\u1eddn, t\u1ea1o l\u1edbp m\u00e0ng m\u1ecfng nh\u1eb9 tr\u00ean da.<\/p>\n<h2 id=\"4._huong_dan_su_dung_kem_chong_nang_ngua_nm_hon_hao_edally_ex_hn_quoc\">4. H\u01b0\u1edbng d\u1eabn s\u1eed d\u1ee5ng<\/h2>\n<p>T\u00f9y lo\u1ea1i kem ch\u1ed1ng n\u1eafng c\u00f3 ch\u1ec9 s\u1ed1 SPF (SPF l\u00e0 3 ch\u1eef c\u00e1i vi\u1ebft t\u1eaft c\u1ee7a t\u1eeb ti\u1ebfng Anh: Sun Protection Factor \u2013 Y\u1ebfu t\u1ed1 ch\u1ed1ng n\u1eafng) cao hay th\u1ea5p m\u00e0 d\u00f9ng l\u01b0\u1ee3ng kem cho \u0111\u1ee7 m\u1edbi ph\u00e1t huy hi\u1ec7u qu\u1ea3 ch\u1ed1ng n\u1eafng.<\/p>\n<p>V\u1edbi s\u1ea3n ph\u1ea9m\u00a0Kem ch\u1ed1ng n\u1eafng ng\u1eeba n\u00e1m ho\u00e0n h\u1ea3o Edally EX H\u00e0n Qu\u1ed1c\u00a0c\u00f3 ch\u1ec9 s\u1ed1 SPF50+\/PA+++ th\u00ec b\u1ea1n ch\u1ec9 c\u1ea7n c\u1ea7n s\u1eed d\u1ee5ng kho\u1ea3ng 2,5gr l\u01b0\u1ee3ng kem l\u00e0 \u0111\u1ee7. Ho\u1eb7c b\u1ea1n c\u00f3 th\u1ec3 \u01b0\u1edbc l\u01b0\u1ee3ng kho\u1ea3ng 1 \u0111\u1ea7u ng\u00f3n tay tr\u1ecf \u0111\u1ea7y kem ch\u1ed1ng n\u1eafng tr\u1ecb n\u00e1m s\u1ebd \u0111\u1ee7 cho c\u1ea3 m\u1eb7t. N\u1ebfu d\u00f9ng kh\u00f4ng \u0111\u1ee7 l\u01b0\u1ee3ng kem hi\u1ec7u qu\u1ea3 ch\u1ed1ng n\u1eafng kh\u00f4ng cao, h\u01a1n n\u1eefa th\u1eddi gian ch\u1ed1ng n\u1eafng s\u1ebd ng\u1eafn.<\/p>\n<h3>C\u00e1ch s\u1eed d\u1ee5ng:<\/h3>\n<ul>\n<li dir=\"ltr\" role=\"presentation\">Thoa kem ch\u1ed1ng n\u1eafng ng\u1eeba n\u00e1m ho\u00e0n h\u1ea3o Edally EX H\u00e0n Qu\u1ed1c tr\u01b0\u1edbc khi ra kh\u1ecfi nh\u00e0 kho\u1ea3ng 15 ph\u00fat \u0111\u1ec3 b\u1ea3o v\u1ec7 l\u00e0n da.<\/li>\n<li dir=\"ltr\" role=\"presentation\">Massage nh\u1eb9 nh\u00e0ng \u0111\u1ec3 c\u00e1c d\u01b0\u1ee1ng ch\u1ea5t th\u1ea5m \u0111\u1ec1u v\u00e0o da.<\/li>\n<li dir=\"ltr\" role=\"presentation\">S\u1ea3n ph\u1ea9m kem ch\u1ed1ng n\u1eafng ng\u1eeba n\u00e1m ho\u00e0n h\u1ea3o Edally EX H\u00e0n Qu\u1ed1c d\u00f9ng cho c\u1ea3 m\u1eb7t v\u00e0 to\u00e0n th\u00e2n (body).<\/li>\n<\/ul>\n<h3>\u0110\u1ed1i t\u01b0\u1ee3ng s\u1eed d\u1ee5ng:<\/h3>\n<ul>\n<li>N\u00ean d\u00f9ng kem ch\u1ed1ng n\u1eafng ng\u1eeba n\u00e1m ho\u00e0n h\u1ea3o Edally EX H\u00e0n Qu\u1ed1c \u0111\u1ed1i v\u1edbi ng\u01b0\u1eddi c\u00f3 l\u00e0n da m\u1ecfng, da s\u00e1ng m\u00e0u v\u00e0 d\u1ec5 b\u1eaft n\u1eafng.<\/li>\n<li>Tr\u01b0\u1eddng h\u1ee3p ng\u01b0\u1eddi b\u1ecb b\u1ec7nh da nh\u01b0: b\u1ec7nh da nh\u1ea1y c\u1ea3m v\u1edbi \u00e1nh s\u00e1ng, b\u1ec7nh h\u1ec7 th\u1ed1ng, hay b\u1ec7nh nh\u00e2n \u0111ang d\u00f9ng nh\u1eefng lo\u1ea1i thu\u1ed1c m\u00e0 nh\u1ea1y c\u1ea3m v\u1edbi \u00e1nh s\u00e1ng th\u00ec c\u00f3 th\u1ec3 d\u00f9ng\u00a0kem ch\u1ed1ng n\u1eafng ng\u1eeba n\u00e1m ho\u00e0n h\u1ea3o Edally EX H\u00e0n Qu\u1ed1c\u00a0\u0111\u1ec3 b\u1ea3o v\u1ec7.<\/li>\n<li>\u0110\u1ec3 b\u1ea3o v\u1ec7 l\u00e0n da c\u1ee7a m\u00ecnh, t\u1ea5t c\u1ea3 m\u1ecdi ng\u01b0\u1eddi \u0111\u1ec1u c\u00f3 th\u1ec3 s\u1eed d\u1ee5ng\u00a0kem ch\u1ed1ng n\u1eafng ng\u1eeba n\u00e1m ho\u00e0n h\u1ea3o Edally EX H\u00e0n Qu\u1ed1c \u2013\u00a0Edally Ex UV Perfect Sun Cream SPF50+.<\/li>\n<\/ul>\n<h3>L\u01b0u \u00fd khi s\u1eed d\u1ee5ng:<\/h3>\n<ul>\n<li>Tr\u00e1nh n\u01b0\u1edbc:\u00a0D\u00f9ng\u00a0kem ch\u1ed1ng n\u1eafng\u00a0kem ch\u1ed1ng n\u1eafng ng\u1eeba n\u00e1m ho\u00e0n h\u1ea3o Edally EX H\u00e0n Qu\u1ed1c\u00a0m\u00e0 l\u1ea1i t\u1eafm, r\u1eeda th\u00ec hi\u1ec7u qu\u1ea3 ch\u1ed1ng n\u1eafng s\u1ebd b\u1ecb gi\u1ea3m \u0111i r\u1ea5t nhi\u1ec1u. Do v\u1eady sau khi t\u1eafm, r\u1eeda xong b\u1ea1n c\u1ea7n b\u00f4i l\u1ea1i kem ch\u1ed1ng n\u1eafng \u0111\u1ec3 \u0111\u1ea1t hi\u1ec7u qu\u1ea3 nh\u01b0 mong mu\u1ed1n.<\/li>\n<li>Tr\u00e1nh b\u00f4i v\u00e0o ni\u00eam m\u1ea1c:\u00a0v\u00ec kem c\u00f3 th\u1ec3 g\u00e2y k\u00edch \u1ee9ng n\u1ebfu d\u00ednh v\u00e0o v\u00f9ng ni\u00eam m\u1ea1c nh\u01b0 m\u1eaft, mi\u1ec7ng\u2026<\/li>\n<li>Tr\u00e1nh v\u1eadn \u0111\u1ed9ng th\u1ec3 l\u1ef1c nhi\u1ec1u\u00a0l\u00e0m ti\u1ebft ra nhi\u1ec1u m\u1ed3 h\u00f4i s\u1ebd khi\u1ebfn tr\u00f4i kem ch\u1ed1ng n\u1eafng.<\/li>\n<li>Kh\u00f4ng n\u00ean\u00a0d\u00f9ng kem ch\u1ed1ng n\u1eafng k\u1ebft h\u1ee3p v\u1edbi b\u00f4i c\u00e1c lo\u1ea1i thu\u1ed1c ngo\u00e0i da kh\u00e1c.<\/li>\n<li>B\u1ea3o qu\u1ea3n s\u1ea3n ph\u1ea9m n\u01a1i kh\u00f4 r\u00e1o, tr\u00e1nh \u00e1nh n\u1eafng tr\u1ef1c ti\u1ebfp.<\/li>\n<\/ul>\n<h2 id=\"5._cam_ket_v_bao_hnh_kem_duong_cung_cap_khong_chat_edally_ex_hn_quoc\">5. Cam k\u1ebft t\u1eeb Edally<\/h2>\n<ol>\n<li>S\u1ea3n ph\u1ea9m c\u00f3 \u0111\u1ea7y \u0111\u1ee7 gi\u1ea5y t\u1edd ch\u1ee9ng nh\u1eadn nh\u1eadp kh\u1ea9u.<\/li>\n<li>S\u1ea3n ph\u1ea9m \u0111\u01b0\u1ee3c s\u1ea3n xu\u1ea5t t\u1ea1i nh\u00e0 m\u00e1y s\u1ed1 1 H\u00e0n Qu\u1ed1c: Coreana Cosmetics Co., Ltd.<\/li>\n<li>S\u1ea3n ph\u1ea9m s\u1eed d\u1ee5ng ngh\u1ec7 \u0111\u1ed9c quy\u1ec1n Neocell Science (th\u1ea9m th\u1ea5u t\u1ebf b\u00e0o \u0111\u1ed9t ph\u00e1) gi\u00fap \u0111\u01b0a c\u00e1c d\u01b0\u1ee1ng ch\u1ea5t v\u00e0o s\u00e2u b\u00ean trong l\u1edbp h\u1ea1 b\u00ec m\u1ed9t c\u00e1ch d\u1ec5 d\u00e0ng kh\u00f4ng g\u00e2y nh\u1eddn r\u00edt, b\u1ebft, d\u00ednh da.<\/li>\n<li>S\u1ea3n ph\u1ea9m \u0111\u01b0\u1ee3c \u0111\u01b0\u1ee3c chi\u1ebft xu\u1ea5t t\u1eeb ngu\u1ed3n nguy\u00ean li\u1ec7u qu\u00fd hi\u1ebfm.<\/li>\n<li>S\u1ea3n ph\u1ea9m c\u00f3 ch\u1ee9ng nh\u1eadn uy t\u00edn, danh gi\u00e1 Qu\u1ed1c t\u1ebf: ch\u1ee9ng nh\u1eadn c\u1ee7a FDA (c\u1ee5c Qu\u1ea3n l\u00fd d\u01b0\u1ee3c v\u00e0 M\u1ef9 ph\u1ea9m Hoa K\u1ef3), Ecocert, KFDA\u2026 Edally EX \u0111\u1ec1u \u0111\u1ea1t \u0111\u01b0\u1ee3c.<\/li>\n<li>S\u1ea3n ph\u1ea9m c\u00f3 ch\u1ee9ng nh\u1eadn trong n\u01b0\u1edbc: b\u1ea3n c\u00f4ng b\u1ed1 ch\u1ea5t l\u01b0\u1ee3ng t\u1eebng s\u1ea3n ph\u1ea9m, tem ch\u1ed1ng h\u00e0ng gi\u1ea3 v\u00e0 h\u00e0ng nh\u00e1i do B\u1ed9 C\u00f4ng An c\u1ea5p ph\u00e9p, ch\u1ee9ng nh\u1eadn s\u1ea3n ph\u1ea9m vi\u1ec7n da li\u1ec5u TW khuy\u00ean d\u00f9ng, gi\u1ea5y ph\u00e9p l\u01b0u h\u00e0nh s\u1ea3n ph\u1ea9m,\u2026<\/li>\n<\/ol>\n","protected":false},"excerpt":{"rendered":"<ul>\n<li><strong>C\u00f4ng d\u1ee5ng<\/strong>: B\u1ea3o v\u1ec7 da tr\u01b0\u1edbc t\u00e1c h\u1ea1i c\u1ee7a tia UV m\u1ed9t c\u00e1ch m\u1ea1nh m\u1ebd. H\u1ed7 tr\u1ee3 qu\u00e1 tr\u00ecnh c\u1ea3i thi\u1ec7n n\u00e1m hi\u1ec7u qu\u1ea3. D\u01b0\u1ee1ng \u1ea9m v\u00e0 l\u00e0m d\u1ecbu nh\u1eb9 l\u00e0n da. C\u00f3 th\u1ec3 s\u1eed d\u1ee5ng thay th\u1ebf kem l\u00f3t.<\/li>\n<li><strong>Quy c\u00e1ch<\/strong>:\u00a0H\u1ed9p 1 s\u1ea3n ph\u1ea9m<\/li>\n<li><strong>Dung t\u00edch<\/strong>: 60ml<\/li>\n<li><strong>Th\u01b0\u01a1ng hi\u1ec7u<\/strong>:\u00a0Edally EX<\/li>\n<li><strong>Nh\u00e0 s\u1ea3n xu\u1ea5t<\/strong>: Coreana Cosmetics Co., Ltd.<\/li>\n<li><strong>Xu\u1ea5t x\u1ee9<\/strong>: H\u00e0n Qu\u1ed1c<\/li>\n<\/ul>\n","protected":false},"featured_media":1183,"comment_status":"open","ping_status":"closed","template":"","meta":{"site-sidebar-layout":"default","site-content-layout":"","ast-site-content-layout":"default","site-content-style":"default","site-sidebar-style":"default","ast-global-header-display":"","ast-banner-title-visibility":"","ast-main-header-display":"","ast-hfb-above-header-display":"","ast-hfb-below-header-display":"","ast-hfb-mobile-header-display":"","site-post-title":"","ast-breadcrumbs-content":"","ast-featured-img":"","footer-sml-layout":"","theme-transparent-header-meta":"default","adv-header-id-meta":"","stick-header-meta":"","header-above-stick-meta":"","header-main-stick-meta":"","header-below-stick-meta":"","astra-migrate-meta-layouts":"set","ast-page-background-enabled":"default","ast-page-background-meta":{"desktop":{"background-color":"var(--ast-global-color-5)","background-image":"","background-repeat":"repeat","background-position":"center center","background-size":"auto","background-attachment":"scroll","background-type":"","background-media":"","overlay-type":"","overlay-color":"","overlay-opacity":"","overlay-gradient":""},"tablet":{"background-color":"","background-image":"","background-repeat":"repeat","background-position":"center center","background-size":"auto","background-attachment":"scroll","background-type":"","background-media":"","overlay-type":"","overlay-color":"","overlay-opacity":"","overlay-gradient":""},"mobile":{"background-color":"","background-image":"","background-repeat":"repeat","background-position":"center center","background-size":"auto","background-attachment":"scroll","background-type":"","background-media":"","overlay-type":"","overlay-color":"","overlay-opacity":"","overlay-gradient":""}},"ast-content-background-meta":{"desktop":{"background-color":"var(--ast-global-color-4)","background-image":"","background-repeat":"repeat","background-position":"center center","background-size":"auto","background-attachment":"scroll","background-type":"","background-media":"","overlay-type":"","overlay-color":"","overlay-opacity":"","overlay-gradient":""},"tablet":{"background-color":"var(--ast-global-color-4)","background-image":"","background-repeat":"repeat","background-position":"center center","background-size":"auto","background-attachment":"scroll","background-type":"","background-media":"","overlay-type":"","overlay-color":"","overlay-opacity":"","overlay-gradient":""},"mobile":{"background-color":"var(--ast-global-color-4)","background-image":"","background-repeat":"repeat","background-position":"center center","background-size":"auto","background-attachment":"scroll","background-type":"","background-media":"","overlay-type":"","overlay-color":"","overlay-opacity":"","overlay-gradient":""}}},"product_brand":[],"product_cat":[18,298,118,17,291],"product_tag":[],"class_list":{"0":"post-1097","1":"product","2":"type-product","3":"status-publish","4":"has-post-thumbnail","6":"product_cat-cham-soc-da-mat","7":"product_cat-cham-soc-da-mat-sac-dep","8":"product_cat-edally-ex","9":"product_cat-my-pham","10":"product_cat-sac-dep","11":"desktop-align-left","12":"tablet-align-left","13":"mobile-align-left","15":"first","16":"instock","17":"taxable","18":"shipping-taxable","19":"purchasable","20":"product-type-simple"},"_links":{"self":[{"href":"https:\/\/omewa.online\/index.php\/wp-json\/wp\/v2\/product\/1097","targetHints":{"allow":["GET"]}}],"collection":[{"href":"https:\/\/omewa.online\/index.php\/wp-json\/wp\/v2\/product"}],"about":[{"href":"https:\/\/omewa.online\/index.php\/wp-json\/wp\/v2\/types\/product"}],"replies":[{"embeddable":true,"href":"https:\/\/omewa.online\/index.php\/wp-json\/wp\/v2\/comments?post=1097"}],"wp:featuredmedia":[{"embeddable":true,"href":"https:\/\/omewa.online\/index.php\/wp-json\/wp\/v2\/media\/1183"}],"wp:attachment":[{"href":"https:\/\/omewa.online\/index.php\/wp-json\/wp\/v2\/media?parent=1097"}],"wp:term":[{"taxonomy":"product_brand","embeddable":true,"href":"https:\/\/omewa.online\/index.php\/wp-json\/wp\/v2\/product_brand?post=1097"},{"taxonomy":"product_cat","embeddable":true,"href":"https:\/\/omewa.online\/index.php\/wp-json\/wp\/v2\/product_cat?post=1097"},{"taxonomy":"product_tag","embeddable":true,"href":"https:\/\/omewa.online\/index.php\/wp-json\/wp\/v2\/product_tag?post=1097"}],"curies":[{"name":"wp","href":"https:\/\/api.w.org\/{rel}","templated":true}]}}