{"id":1095,"date":"2025-11-01T18:18:04","date_gmt":"2025-11-01T18:18:04","guid":{"rendered":"https:\/\/omewa.online\/?post_type=product&#038;p=1095"},"modified":"2025-11-26T01:48:34","modified_gmt":"2025-11-26T01:48:34","slug":"harmony-12-nuoc-hoa-unisex-dang-cap-ca-tinh-va-quyen-ru-50ml","status":"publish","type":"product","link":"https:\/\/omewa.online\/index.php\/product\/harmony-12-nuoc-hoa-unisex-dang-cap-ca-tinh-va-quyen-ru-50ml\/","title":{"rendered":"Harmony 12 N\u01b0\u1edbc hoa Unisex \u0110\u1eb3ng C\u1ea5p, C\u00e1 T\u00ednh V\u00e0 Quy\u1ebfn R\u0169 (50ml)"},"content":{"rendered":"<p class=\"\" data-start=\"0\" data-end=\"71\"><strong data-start=\"0\" data-end=\"71\">HARMONY 12 \u2013 N\u01b0\u1edbc Hoa Unisex \u0110\u1eb3ng C\u1ea5p, C\u00e1 T\u00ednh V\u00e0 Quy\u1ebfn R\u0169<\/strong><\/p>\n<p class=\"\" data-start=\"73\" data-end=\"501\"><strong data-start=\"73\" data-end=\"96\">PrikeDom HARMONY 12<\/strong> l\u00e0 d\u00f2ng n\u01b0\u1edbc hoa unisex ho\u00e0n h\u1ea3o d\u00e0nh cho nh\u1eefng ai y\u00eau th\u00edch s\u1ef1 c\u00e1 t\u00ednh v\u00e0 l\u00f4i cu\u1ed1n. M\u00f9i h\u01b0\u01a1ng n\u00e0y mang \u0111\u1ebfn s\u1ef1 pha tr\u1ed9n tuy\u1ec7t v\u1eddi gi\u1eefa s\u1ef1 tinh t\u1ebf v\u00e0 quy\u1ebfn r\u0169, t\u1ea1o n\u00ean m\u1ed9t \u0111\u1eb3ng c\u1ea5p th\u01b0\u1ee3ng l\u01b0u, d\u00e0nh cho nh\u1eefng ng\u01b0\u1eddi mu\u1ed1n kh\u1eb3ng \u0111\u1ecbnh phong c\u00e1ch ri\u00eang. V\u1edbi ba t\u1ea7ng h\u01b0\u01a1ng \u0111\u1eb7c bi\u1ec7t: <strong data-start=\"372\" data-end=\"388\">cam t\u01b0\u01a1i m\u00e1t<\/strong>, <strong data-start=\"390\" data-end=\"417\">hoa ngh\u1ec7 t\u00e2y sang tr\u1ecdng<\/strong> v\u00e0 <strong data-start=\"421\" data-end=\"439\">h\u1ed5 ph\u00e1ch \u1ea5m \u00e1p<\/strong>, <strong data-start=\"441\" data-end=\"455\">HARMONY 12<\/strong> s\u1ebd khi\u1ebfn b\u1ea1n tr\u1edf n\u00ean n\u1ed5i b\u1eadt v\u00e0 \u0111\u1ea7y cu\u1ed1n h\u00fat.<\/p>\n<p class=\"\" data-start=\"503\" data-end=\"555\"><strong data-start=\"503\" data-end=\"555\">C\u00e1c t\u1ea7ng h\u01b0\u01a1ng \u0111\u1eb7c bi\u1ec7t c\u1ee7a PrikeDom HARMONY 12:<\/strong><\/p>\n<ul data-start=\"556\" data-end=\"884\">\n<li class=\"\" data-start=\"556\" data-end=\"633\">\n<p class=\"\" data-start=\"558\" data-end=\"633\"><strong data-start=\"558\" data-end=\"571\">H\u01b0\u01a1ng \u0111\u1ea7u<\/strong>: Cam t\u01b0\u01a1i m\u1edbi, mang \u0111\u1ebfn m\u1ed9t l\u00e0n gi\u00f3 m\u00e1t m\u1ebb v\u00e0 \u0111\u1ea7y n\u0103ng l\u01b0\u1ee3ng.<\/p>\n<\/li>\n<li class=\"\" data-start=\"634\" data-end=\"751\">\n<p class=\"\" data-start=\"636\" data-end=\"751\"><strong data-start=\"636\" data-end=\"650\">H\u01b0\u01a1ng gi\u1eefa<\/strong>: Hoa ngh\u1ec7 t\u00e2y, m\u1ed9t bi\u1ec3u t\u01b0\u1ee3ng c\u1ee7a s\u1ef1 qu\u00fd ph\u00e1i v\u00e0 sang tr\u1ecdng, gi\u00fap t\u1ea1o n\u00ean m\u1ed9t s\u1ef1 l\u00f4i cu\u1ed1n \u0111\u1ea7y b\u00ed \u1ea9n.<\/p>\n<\/li>\n<li class=\"\" data-start=\"752\" data-end=\"884\">\n<p class=\"\" data-start=\"754\" data-end=\"884\"><strong data-start=\"754\" data-end=\"768\">H\u01b0\u01a1ng cu\u1ed1i<\/strong>: H\u1ed5 ph\u00e1ch \u1ea5m \u00e1p, n\u1ed3ng n\u00e0n v\u00e0 \u0111\u1ea7y quy\u1ebfn r\u0169, mang l\u1ea1i m\u1ed9t d\u1ea5u \u1ea5n s\u00e2u \u0111\u1eadm v\u00e0 l\u01b0u luy\u1ebfn trong t\u00e2m tr\u00ed ng\u01b0\u1eddi xung quanh.<\/p>\n<\/li>\n<\/ul>\n<p class=\"\" data-start=\"886\" data-end=\"929\"><strong data-start=\"886\" data-end=\"929\">L\u00fd do b\u1ea1n n\u00ean ch\u1ecdn PrikeDom HARMONY 12:<\/strong><\/p>\n<ul data-start=\"930\" data-end=\"1448\">\n<li class=\"\" data-start=\"930\" data-end=\"1111\">\n<p class=\"\" data-start=\"932\" data-end=\"1111\"><strong data-start=\"932\" data-end=\"955\">\u0110\u1eb3ng c\u1ea5p th\u01b0\u1ee3ng l\u01b0u<\/strong>: M\u00f9i h\u01b0\u01a1ng c\u1ee7a <strong data-start=\"971\" data-end=\"985\">HARMONY 12<\/strong> kh\u00f4ng ch\u1ec9 t\u1ea1o c\u1ea3m gi\u00e1c t\u01b0\u01a1i m\u1edbi m\u00e0 c\u00f2n mang \u0111\u1ebfn m\u1ed9t s\u1ef1 sang tr\u1ecdng, qu\u00fd ph\u00e1i, gi\u00fap b\u1ea1n kh\u1eb3ng \u0111\u1ecbnh phong c\u00e1ch v\u00e0 c\u00e1 t\u00ednh ri\u00eang.<\/p>\n<\/li>\n<li class=\"\" data-start=\"1112\" data-end=\"1281\">\n<p class=\"\" data-start=\"1114\" data-end=\"1281\"><strong data-start=\"1114\" data-end=\"1135\">L\u01b0u h\u01b0\u01a1ng l\u00e2u d\u00e0i<\/strong>: \u0110\u01b0\u1ee3c thi\u1ebft k\u1ebf v\u1edbi \u0111\u1ed9 l\u01b0u h\u01b0\u01a1ng cao, t\u1eeb <strong data-start=\"1176\" data-end=\"1192\">8 \u0111\u1ebfn 12 gi\u1edd<\/strong>, <strong data-start=\"1194\" data-end=\"1208\">HARMONY 12<\/strong> s\u1ebd \u0111\u1ed3ng h\u00e0nh c\u00f9ng b\u1ea1n su\u1ed1t c\u1ea3 ng\u00e0y d\u00e0i, gi\u1eef b\u1ea1n lu\u00f4n t\u1ef1 tin v\u00e0 quy\u1ebfn r\u0169.<\/p>\n<\/li>\n<li class=\"\" data-start=\"1282\" data-end=\"1448\">\n<p class=\"\" data-start=\"1284\" data-end=\"1448\"><strong data-start=\"1284\" data-end=\"1313\">Ph\u00f9 h\u1ee3p v\u1edbi m\u1ecdi th\u1eddi \u0111i\u1ec3m<\/strong>: D\u00f9 l\u00e0 ng\u00e0y hay \u0111\u00eam, m\u00f9a xu\u00e2n, h\u00e8, thu hay \u0111\u00f4ng, <strong data-start=\"1363\" data-end=\"1377\">HARMONY 12<\/strong> \u0111\u1ec1u c\u00f3 th\u1ec3 t\u1ea1o n\u00ean s\u1ef1 thu h\u00fat v\u00e0 \u1ea5n t\u01b0\u1ee3ng m\u1ea1nh m\u1ebd trong m\u1ecdi ho\u00e0n c\u1ea3nh.<\/p>\n<\/li>\n<\/ul>\n<p class=\"\" data-start=\"1450\" data-end=\"1648\"><strong data-start=\"1450\" data-end=\"1473\">PrikeDom HARMONY 12<\/strong> l\u00e0 s\u1ef1 l\u1ef1a ch\u1ecdn ho\u00e0n h\u1ea3o cho nh\u1eefng ai y\u00eau th\u00edch s\u1ef1 \u0111\u1ed9c \u0111\u00e1o v\u00e0 c\u00e1 t\u00ednh m\u1ea1nh m\u1ebd. V\u1edbi h\u01b0\u01a1ng th\u01a1m l\u00f4i cu\u1ed1n, l\u00e2u b\u1ec1n v\u00e0 \u0111\u1ea7y quy\u1ebfn r\u0169, b\u1ea1n s\u1ebd lu\u00f4n l\u00e0 t\u00e2m \u0111i\u1ec3m trong m\u1ecdi cu\u1ed9c g\u1eb7p g\u1ee1.<\/p>\n<p class=\"\" data-start=\"1650\" data-end=\"1681\"><strong data-start=\"1650\" data-end=\"1681\">#Fragrance_Brings_Wealth \ud83d\udda4<\/strong><\/p>\n<p class=\"\" data-start=\"1683\" data-end=\"1745\"><strong data-start=\"1683\" data-end=\"1745\">#PRIKEDOM #N\u01b0\u1edbcHoa #H\u01b0\u01a1ngTh\u01a1m #Ng\u1ecdtNg\u00e0o #M\u00f9iH\u01b0\u01a1ng #Quy\u1ebfnR\u0169<\/strong><\/p>\n<p class=\"\" data-start=\"1747\" data-end=\"1829\"><strong data-start=\"1747\" data-end=\"1829\" data-is-last-node=\"\">#\u0110\u1eb3ngC\u1ea5p #H\u01b0\u01a1ngH\u1ed5Ph\u00e1ch #HoaNgh\u1ec7T\u00e2y #CamT\u01b0\u01a1i #N\u01b0\u1edbcHoaL\u00e2uD\u00e0i #Kh\u1eb3ng\u0110\u1ecbnhPhongC\u00e1ch<\/strong><\/p>\n","protected":false},"excerpt":{"rendered":"<p class=\"\" data-start=\"422\" data-end=\"474\"><strong data-start=\"422\" data-end=\"474\">C\u00e1c t\u1ea7ng h\u01b0\u01a1ng \u0111\u1eb7c bi\u1ec7t c\u1ee7a PrikeDom HARMONY 20:<\/strong><\/p>\n<ul data-start=\"475\" data-end=\"828\">\n<li class=\"\" data-start=\"475\" data-end=\"586\">\n<p class=\"\" data-start=\"477\" data-end=\"586\"><strong data-start=\"477\" data-end=\"490\">H\u01b0\u01a1ng \u0111\u1ea7u<\/strong>: Cam Bergamot t\u01b0\u01a1i m\u00e1t, nh\u1eb9 nh\u00e0ng nh\u01b0ng \u0111\u1ea7y s\u1ee9c s\u1ed1ng, mang l\u1ea1i c\u1ea3m gi\u00e1c s\u1ea3ng kho\u00e1i v\u00e0 t\u01b0\u01a1i m\u1edbi.<\/p>\n<\/li>\n<li class=\"\" data-start=\"587\" data-end=\"727\">\n<p class=\"\" data-start=\"589\" data-end=\"727\"><strong data-start=\"589\" data-end=\"603\">H\u01b0\u01a1ng gi\u1eefa<\/strong>: Hoa Linh Lan thanh tho\u00e1t, t\u1ea1o n\u00ean m\u1ed9t l\u1edbp h\u01b0\u01a1ng d\u1ecbu nh\u1eb9, thanh khi\u1ebft, nh\u01b0 m\u1ed9t l\u00e0n s\u00f3ng m\u00e1t l\u00e0nh cu\u1ed1n l\u1ea5y ng\u01b0\u1eddi xung quanh.<\/p>\n<\/li>\n<li class=\"\" data-start=\"728\" data-end=\"828\">\n<p class=\"\" data-start=\"730\" data-end=\"828\"><strong data-start=\"730\" data-end=\"744\">H\u01b0\u01a1ng cu\u1ed1i<\/strong>: G\u1ed7 \u0111\u00e0n h\u01b0\u01a1ng \u1ea5m \u00e1p, s\u00e2u l\u1eafng, mang l\u1ea1i s\u1ef1 qu\u00fd ph\u00e1i, tinh t\u1ebf v\u00e0 t\u1ea1o d\u1ea5u \u1ea5n l\u00e2u d\u00e0i.<\/p>\n<\/li>\n<li data-start=\"728\" data-end=\"828\">D\u00e0nh cho c\u1ea3 nam v\u00e0 n\u1eef<\/li>\n<\/ul>\n","protected":false},"featured_media":1175,"comment_status":"open","ping_status":"closed","template":"","meta":{"site-sidebar-layout":"default","site-content-layout":"","ast-site-content-layout":"default","site-content-style":"default","site-sidebar-style":"default","ast-global-header-display":"","ast-banner-title-visibility":"","ast-main-header-display":"","ast-hfb-above-header-display":"","ast-hfb-below-header-display":"","ast-hfb-mobile-header-display":"","site-post-title":"","ast-breadcrumbs-content":"","ast-featured-img":"","footer-sml-layout":"","theme-transparent-header-meta":"","adv-header-id-meta":"","stick-header-meta":"","header-above-stick-meta":"","header-main-stick-meta":"","header-below-stick-meta":"","astra-migrate-meta-layouts":"default","ast-page-background-enabled":"default","ast-page-background-meta":{"desktop":{"background-color":"var(--ast-global-color-5)","background-image":"","background-repeat":"repeat","background-position":"center center","background-size":"auto","background-attachment":"scroll","background-type":"","background-media":"","overlay-type":"","overlay-color":"","overlay-opacity":"","overlay-gradient":""},"tablet":{"background-color":"","background-image":"","background-repeat":"repeat","background-position":"center center","background-size":"auto","background-attachment":"scroll","background-type":"","background-media":"","overlay-type":"","overlay-color":"","overlay-opacity":"","overlay-gradient":""},"mobile":{"background-color":"","background-image":"","background-repeat":"repeat","background-position":"center center","background-size":"auto","background-attachment":"scroll","background-type":"","background-media":"","overlay-type":"","overlay-color":"","overlay-opacity":"","overlay-gradient":""}},"ast-content-background-meta":{"desktop":{"background-color":"var(--ast-global-color-4)","background-image":"","background-repeat":"repeat","background-position":"center center","background-size":"auto","background-attachment":"scroll","background-type":"","background-media":"","overlay-type":"","overlay-color":"","overlay-opacity":"","overlay-gradient":""},"tablet":{"background-color":"var(--ast-global-color-4)","background-image":"","background-repeat":"repeat","background-position":"center center","background-size":"auto","background-attachment":"scroll","background-type":"","background-media":"","overlay-type":"","overlay-color":"","overlay-opacity":"","overlay-gradient":""},"mobile":{"background-color":"var(--ast-global-color-4)","background-image":"","background-repeat":"repeat","background-position":"center center","background-size":"auto","background-attachment":"scroll","background-type":"","background-media":"","overlay-type":"","overlay-color":"","overlay-opacity":"","overlay-gradient":""}}},"product_brand":[117],"product_cat":[17,115,295,116,291],"product_tag":[],"class_list":{"0":"post-1095","1":"product","2":"type-product","3":"status-publish","4":"has-post-thumbnail","6":"product_brand-prikedom","7":"product_cat-my-pham","8":"product_cat-nuoc-hoa","9":"product_cat-nuoc-hoa-sac-dep","10":"product_cat-prikedom","11":"product_cat-sac-dep","12":"desktop-align-left","13":"tablet-align-left","14":"mobile-align-left","16":"first","17":"instock","18":"sale","19":"taxable","20":"shipping-taxable","21":"purchasable","22":"product-type-simple"},"_links":{"self":[{"href":"https:\/\/omewa.online\/index.php\/wp-json\/wp\/v2\/product\/1095","targetHints":{"allow":["GET"]}}],"collection":[{"href":"https:\/\/omewa.online\/index.php\/wp-json\/wp\/v2\/product"}],"about":[{"href":"https:\/\/omewa.online\/index.php\/wp-json\/wp\/v2\/types\/product"}],"replies":[{"embeddable":true,"href":"https:\/\/omewa.online\/index.php\/wp-json\/wp\/v2\/comments?post=1095"}],"wp:featuredmedia":[{"embeddable":true,"href":"https:\/\/omewa.online\/index.php\/wp-json\/wp\/v2\/media\/1175"}],"wp:attachment":[{"href":"https:\/\/omewa.online\/index.php\/wp-json\/wp\/v2\/media?parent=1095"}],"wp:term":[{"taxonomy":"product_brand","embeddable":true,"href":"https:\/\/omewa.online\/index.php\/wp-json\/wp\/v2\/product_brand?post=1095"},{"taxonomy":"product_cat","embeddable":true,"href":"https:\/\/omewa.online\/index.php\/wp-json\/wp\/v2\/product_cat?post=1095"},{"taxonomy":"product_tag","embeddable":true,"href":"https:\/\/omewa.online\/index.php\/wp-json\/wp\/v2\/product_tag?post=1095"}],"curies":[{"name":"wp","href":"https:\/\/api.w.org\/{rel}","templated":true}]}}