{"id":1093,"date":"2025-11-01T18:18:04","date_gmt":"2025-11-01T18:18:04","guid":{"rendered":"https:\/\/omewa.online\/?post_type=product&#038;p=1093"},"modified":"2025-11-26T01:48:34","modified_gmt":"2025-11-26T01:48:34","slug":"harmony-20-nuoc-hoa-unisex-thanh-lich-50ml","status":"publish","type":"product","link":"https:\/\/omewa.online\/index.php\/product\/harmony-20-nuoc-hoa-unisex-thanh-lich-50ml\/","title":{"rendered":"Harmony 20 N\u01b0\u1edbc hoa Unisex Thanh L\u1ecbch (50ml)"},"content":{"rendered":"<p class=\"\" data-start=\"0\" data-end=\"105\"><strong data-start=\"0\" data-end=\"105\">HARMONY 20 \u2013 N\u01b0\u1edbc Hoa Unisex Thanh L\u1ecbch V\u1edbi H\u01b0\u01a1ng Cam Bergamot, Hoa Linh Lan v\u00e0 G\u1ed7 \u0110\u00e0n H\u01b0\u01a1ng<\/strong><\/p>\n<p class=\"\" data-start=\"107\" data-end=\"420\"><strong data-start=\"107\" data-end=\"130\">PrikeDom HARMONY 20<\/strong> l\u00e0 m\u1ed9t d\u00f2ng n\u01b0\u1edbc hoa unisex \u0111\u1ed9c \u0111\u00e1o, \u0111\u01b0\u1ee3c \u0111\u00e1nh gi\u00e1 cao b\u1edfi s\u1ef1 t\u01b0\u01a1i tr\u1ebb, thanh tho\u00e1t nh\u01b0ng c\u0169ng v\u00f4 c\u00f9ng quy\u1ebfn r\u0169. V\u1edbi kh\u1ea3 n\u0103ng l\u01b0u h\u01b0\u01a1ng l\u00e2u d\u00e0i, <strong data-start=\"276\" data-end=\"290\">HARMONY 20<\/strong> mang \u0111\u1ebfn c\u1ea3m gi\u00e1c nh\u01b0 m\u1ed9t qu\u00fd c\u00f4 hay ch\u00e0ng trai l\u1ecbch l\u00e3m, \u0111\u1ea7y phong th\u00e1i b\u01b0\u1edbc \u0111\u1ebfn, t\u1ea1o \u1ea5n t\u01b0\u1ee3ng m\u1ea1nh m\u1ebd ngay t\u1eeb l\u1ea7n x\u1ecbt \u0111\u1ea7u ti\u00ean.<\/p>\n<p class=\"\" data-start=\"422\" data-end=\"474\"><strong data-start=\"422\" data-end=\"474\">C\u00e1c t\u1ea7ng h\u01b0\u01a1ng \u0111\u1eb7c bi\u1ec7t c\u1ee7a PrikeDom HARMONY 20:<\/strong><\/p>\n<ul data-start=\"475\" data-end=\"828\">\n<li class=\"\" data-start=\"475\" data-end=\"586\">\n<p class=\"\" data-start=\"477\" data-end=\"586\"><strong data-start=\"477\" data-end=\"490\">H\u01b0\u01a1ng \u0111\u1ea7u<\/strong>: Cam Bergamot t\u01b0\u01a1i m\u00e1t, nh\u1eb9 nh\u00e0ng nh\u01b0ng \u0111\u1ea7y s\u1ee9c s\u1ed1ng, mang l\u1ea1i c\u1ea3m gi\u00e1c s\u1ea3ng kho\u00e1i v\u00e0 t\u01b0\u01a1i m\u1edbi.<\/p>\n<\/li>\n<li class=\"\" data-start=\"587\" data-end=\"727\">\n<p class=\"\" data-start=\"589\" data-end=\"727\"><strong data-start=\"589\" data-end=\"603\">H\u01b0\u01a1ng gi\u1eefa<\/strong>: Hoa Linh Lan thanh tho\u00e1t, t\u1ea1o n\u00ean m\u1ed9t l\u1edbp h\u01b0\u01a1ng d\u1ecbu nh\u1eb9, thanh khi\u1ebft, nh\u01b0 m\u1ed9t l\u00e0n s\u00f3ng m\u00e1t l\u00e0nh cu\u1ed1n l\u1ea5y ng\u01b0\u1eddi xung quanh.<\/p>\n<\/li>\n<li class=\"\" data-start=\"728\" data-end=\"828\">\n<p class=\"\" data-start=\"730\" data-end=\"828\"><strong data-start=\"730\" data-end=\"744\">H\u01b0\u01a1ng cu\u1ed1i<\/strong>: G\u1ed7 \u0111\u00e0n h\u01b0\u01a1ng \u1ea5m \u00e1p, s\u00e2u l\u1eafng, mang l\u1ea1i s\u1ef1 qu\u00fd ph\u00e1i, tinh t\u1ebf v\u00e0 t\u1ea1o d\u1ea5u \u1ea5n l\u00e2u d\u00e0i.<\/p>\n<\/li>\n<\/ul>\n<p class=\"\" data-start=\"830\" data-end=\"873\"><strong data-start=\"830\" data-end=\"873\">L\u00fd do b\u1ea1n n\u00ean ch\u1ecdn PrikeDom HARMONY 20:<\/strong><\/p>\n<ul data-start=\"874\" data-end=\"1407\">\n<li class=\"\" data-start=\"874\" data-end=\"1122\">\n<p class=\"\" data-start=\"876\" data-end=\"1122\"><strong data-start=\"876\" data-end=\"901\">D\u00e0nh cho c\u1ea3 nam v\u00e0 n\u1eef<\/strong>: V\u1edbi s\u1ef1 h\u00f2a quy\u1ec7n gi\u1eefa c\u00e1c t\u1ea7ng h\u01b0\u01a1ng cam t\u01b0\u01a1i m\u00e1t, hoa linh lan nh\u1eb9 nh\u00e0ng v\u00e0 g\u1ed7 \u0111\u00e0n h\u01b0\u01a1ng qu\u00fd ph\u00e1i, <strong data-start=\"1003\" data-end=\"1017\">HARMONY 20<\/strong> l\u00e0 l\u1ef1a ch\u1ecdn ho\u00e0n h\u1ea3o cho c\u1ea3 ph\u00e1i m\u1ea1nh v\u00e0 ph\u00e1i \u0111\u1eb9p, gi\u00fap th\u1ec3 hi\u1ec7n s\u1ef1 thanh l\u1ecbch v\u00e0 phong c\u00e1ch ri\u00eang bi\u1ec7t.<\/p>\n<\/li>\n<li class=\"\" data-start=\"1123\" data-end=\"1242\">\n<p class=\"\" data-start=\"1125\" data-end=\"1242\"><strong data-start=\"1125\" data-end=\"1146\">L\u01b0u h\u01b0\u01a1ng l\u00e2u d\u00e0i<\/strong>: S\u1ea3n ph\u1ea9m c\u00f3 \u0111\u1ed9 l\u01b0u h\u01b0\u01a1ng cao, gi\u00fap b\u1ea1n lu\u00f4n t\u1ef1 tin su\u1ed1t c\u1ea3 ng\u00e0y d\u00e0i m\u00e0 kh\u00f4ng c\u1ea7n ph\u1ea3i x\u1ecbt l\u1ea1i.<\/p>\n<\/li>\n<li class=\"\" data-start=\"1243\" data-end=\"1407\">\n<p class=\"\" data-start=\"1245\" data-end=\"1407\"><strong data-start=\"1245\" data-end=\"1272\">S\u1ef1 t\u01b0\u01a1i tr\u1ebb v\u00e0 quy\u1ebfn r\u0169<\/strong>: HARMONY 20 mang \u0111\u1ebfn c\u1ea3m gi\u00e1c thanh tho\u00e1t, d\u1ecbu d\u00e0ng nh\u01b0ng c\u0169ng v\u00f4 c\u00f9ng cu\u1ed1n h\u00fat, khi\u1ebfn b\u1ea1n lu\u00f4n n\u1ed5i b\u1eadt v\u00e0 d\u1ec5 nh\u1edb trong m\u1eaft m\u1ecdi ng\u01b0\u1eddi.<\/p>\n<\/li>\n<\/ul>\n<p class=\"\" data-start=\"1409\" data-end=\"1678\"><strong data-start=\"1409\" data-end=\"1432\">PrikeDom HARMONY 20<\/strong> l\u00e0 s\u1ef1 l\u1ef1a ch\u1ecdn ho\u00e0n h\u1ea3o cho nh\u1eefng ai y\u00eau th\u00edch s\u1ef1 nh\u1eb9 nh\u00e0ng, thanh l\u1ecbch nh\u01b0ng v\u1eabn mu\u1ed1n kh\u1eb3ng \u0111\u1ecbnh phong c\u00e1ch ri\u00eang. M\u1ed9t m\u00f9i h\u01b0\u01a1ng v\u1eeba t\u01b0\u01a1i m\u1edbi l\u1ea1i \u0111\u1ea7y quy\u1ebfn r\u0169, th\u00edch h\u1ee3p cho m\u1ecdi d\u1ecbp, t\u1eeb nh\u1eefng bu\u1ed5i g\u1eb7p g\u1ee1 b\u1ea1n b\u00e8 cho \u0111\u1ebfn nh\u1eefng s\u1ef1 ki\u1ec7n quan tr\u1ecdng.<\/p>\n<p class=\"\" data-start=\"1680\" data-end=\"1831\"><strong data-start=\"1680\" data-end=\"1831\" data-is-last-node=\"\">#PrikeDomHarmony20 #N\u01b0\u1edbcHoaUnisex #H\u01b0\u01a1ngCamBergamot #HoaLinhLan #G\u1ed7\u0110\u00e0nH\u01b0\u01a1ng #N\u01b0\u1edbcHoaL\u01b0uH\u01b0\u01a1ngL\u00e2u #PhongC\u00e1chThanhL\u1ecbch #N\u01b0\u1edbcHoaT\u01b0\u01a1iM\u1edbi #Quy\u1ebfnR\u0169T\u1ef1Nhi\u00ean<\/strong><\/p>\n","protected":false},"excerpt":{"rendered":"<p class=\"\" data-start=\"422\" data-end=\"474\"><strong data-start=\"422\" data-end=\"474\">C\u00e1c t\u1ea7ng h\u01b0\u01a1ng \u0111\u1eb7c bi\u1ec7t c\u1ee7a PrikeDom HARMONY 20:<\/strong><\/p>\n<ul data-start=\"475\" data-end=\"828\">\n<li class=\"\" data-start=\"475\" data-end=\"586\">\n<p class=\"\" data-start=\"477\" data-end=\"586\"><strong data-start=\"477\" data-end=\"490\">H\u01b0\u01a1ng \u0111\u1ea7u<\/strong>: Cam Bergamot t\u01b0\u01a1i m\u00e1t, nh\u1eb9 nh\u00e0ng nh\u01b0ng \u0111\u1ea7y s\u1ee9c s\u1ed1ng, mang l\u1ea1i c\u1ea3m gi\u00e1c s\u1ea3ng kho\u00e1i v\u00e0 t\u01b0\u01a1i m\u1edbi.<\/p>\n<\/li>\n<li class=\"\" data-start=\"587\" data-end=\"727\">\n<p class=\"\" data-start=\"589\" data-end=\"727\"><strong data-start=\"589\" data-end=\"603\">H\u01b0\u01a1ng gi\u1eefa<\/strong>: Hoa Linh Lan thanh tho\u00e1t, t\u1ea1o n\u00ean m\u1ed9t l\u1edbp h\u01b0\u01a1ng d\u1ecbu nh\u1eb9, thanh khi\u1ebft, nh\u01b0 m\u1ed9t l\u00e0n s\u00f3ng m\u00e1t l\u00e0nh cu\u1ed1n l\u1ea5y ng\u01b0\u1eddi xung quanh.<\/p>\n<\/li>\n<li class=\"\" data-start=\"728\" data-end=\"828\">\n<p class=\"\" data-start=\"730\" data-end=\"828\"><strong data-start=\"730\" data-end=\"744\">H\u01b0\u01a1ng cu\u1ed1i<\/strong>: G\u1ed7 \u0111\u00e0n h\u01b0\u01a1ng \u1ea5m \u00e1p, s\u00e2u l\u1eafng, mang l\u1ea1i s\u1ef1 qu\u00fd ph\u00e1i, tinh t\u1ebf v\u00e0 t\u1ea1o d\u1ea5u \u1ea5n l\u00e2u d\u00e0i.<\/p>\n<\/li>\n<li data-start=\"728\" data-end=\"828\">D\u00e0nh cho c\u1ea3 nam v\u00e0 n\u1eef<\/li>\n<\/ul>\n","protected":false},"featured_media":1166,"comment_status":"open","ping_status":"closed","template":"","meta":{"site-sidebar-layout":"default","site-content-layout":"","ast-site-content-layout":"default","site-content-style":"default","site-sidebar-style":"default","ast-global-header-display":"","ast-banner-title-visibility":"","ast-main-header-display":"","ast-hfb-above-header-display":"","ast-hfb-below-header-display":"","ast-hfb-mobile-header-display":"","site-post-title":"","ast-breadcrumbs-content":"","ast-featured-img":"","footer-sml-layout":"","theme-transparent-header-meta":"","adv-header-id-meta":"","stick-header-meta":"","header-above-stick-meta":"","header-main-stick-meta":"","header-below-stick-meta":"","astra-migrate-meta-layouts":"default","ast-page-background-enabled":"default","ast-page-background-meta":{"desktop":{"background-color":"var(--ast-global-color-5)","background-image":"","background-repeat":"repeat","background-position":"center center","background-size":"auto","background-attachment":"scroll","background-type":"","background-media":"","overlay-type":"","overlay-color":"","overlay-opacity":"","overlay-gradient":""},"tablet":{"background-color":"","background-image":"","background-repeat":"repeat","background-position":"center center","background-size":"auto","background-attachment":"scroll","background-type":"","background-media":"","overlay-type":"","overlay-color":"","overlay-opacity":"","overlay-gradient":""},"mobile":{"background-color":"","background-image":"","background-repeat":"repeat","background-position":"center center","background-size":"auto","background-attachment":"scroll","background-type":"","background-media":"","overlay-type":"","overlay-color":"","overlay-opacity":"","overlay-gradient":""}},"ast-content-background-meta":{"desktop":{"background-color":"var(--ast-global-color-4)","background-image":"","background-repeat":"repeat","background-position":"center center","background-size":"auto","background-attachment":"scroll","background-type":"","background-media":"","overlay-type":"","overlay-color":"","overlay-opacity":"","overlay-gradient":""},"tablet":{"background-color":"var(--ast-global-color-4)","background-image":"","background-repeat":"repeat","background-position":"center center","background-size":"auto","background-attachment":"scroll","background-type":"","background-media":"","overlay-type":"","overlay-color":"","overlay-opacity":"","overlay-gradient":""},"mobile":{"background-color":"var(--ast-global-color-4)","background-image":"","background-repeat":"repeat","background-position":"center center","background-size":"auto","background-attachment":"scroll","background-type":"","background-media":"","overlay-type":"","overlay-color":"","overlay-opacity":"","overlay-gradient":""}}},"product_brand":[117],"product_cat":[17,115,295,116,291],"product_tag":[],"class_list":{"0":"post-1093","1":"product","2":"type-product","3":"status-publish","4":"has-post-thumbnail","6":"product_brand-prikedom","7":"product_cat-my-pham","8":"product_cat-nuoc-hoa","9":"product_cat-nuoc-hoa-sac-dep","10":"product_cat-prikedom","11":"product_cat-sac-dep","12":"desktop-align-left","13":"tablet-align-left","14":"mobile-align-left","16":"first","17":"instock","18":"sale","19":"taxable","20":"shipping-taxable","21":"purchasable","22":"product-type-simple"},"_links":{"self":[{"href":"https:\/\/omewa.online\/index.php\/wp-json\/wp\/v2\/product\/1093","targetHints":{"allow":["GET"]}}],"collection":[{"href":"https:\/\/omewa.online\/index.php\/wp-json\/wp\/v2\/product"}],"about":[{"href":"https:\/\/omewa.online\/index.php\/wp-json\/wp\/v2\/types\/product"}],"replies":[{"embeddable":true,"href":"https:\/\/omewa.online\/index.php\/wp-json\/wp\/v2\/comments?post=1093"}],"wp:featuredmedia":[{"embeddable":true,"href":"https:\/\/omewa.online\/index.php\/wp-json\/wp\/v2\/media\/1166"}],"wp:attachment":[{"href":"https:\/\/omewa.online\/index.php\/wp-json\/wp\/v2\/media?parent=1093"}],"wp:term":[{"taxonomy":"product_brand","embeddable":true,"href":"https:\/\/omewa.online\/index.php\/wp-json\/wp\/v2\/product_brand?post=1093"},{"taxonomy":"product_cat","embeddable":true,"href":"https:\/\/omewa.online\/index.php\/wp-json\/wp\/v2\/product_cat?post=1093"},{"taxonomy":"product_tag","embeddable":true,"href":"https:\/\/omewa.online\/index.php\/wp-json\/wp\/v2\/product_tag?post=1093"}],"curies":[{"name":"wp","href":"https:\/\/api.w.org\/{rel}","templated":true}]}}