{"id":1043,"date":"2025-11-01T18:17:43","date_gmt":"2025-11-01T18:17:43","guid":{"rendered":"https:\/\/omewa.online\/?post_type=product&#038;p=1043"},"modified":"2025-11-26T01:48:35","modified_gmt":"2025-11-26T01:48:35","slug":"sunset-04-huong-nuoc-hoa-lich-lam-sang-trong-nam-gioi-10ml","status":"publish","type":"product","link":"https:\/\/omewa.online\/index.php\/product\/sunset-04-huong-nuoc-hoa-lich-lam-sang-trong-nam-gioi-10ml\/","title":{"rendered":"Sunset 04 &#8211; H\u01b0\u01a1ng N\u01b0\u1edbc Hoa L\u1ecbch L\u00e3m, Sang Tr\u1ecdng Nam Gi\u1edbi (10ml)"},"content":{"rendered":"<h2 data-start=\"44\" data-end=\"92\">SUNSET 04 \u2013 H\u01a1i th\u1edf l\u1ecbch l\u00e3m cho ph\u00e1i m\u1ea1nh<\/h2>\n<p data-start=\"94\" data-end=\"295\"><strong data-start=\"94\" data-end=\"107\">SUNSET 04<\/strong> l\u00e0 l\u1ef1a ch\u1ecdn ho\u00e0n h\u1ea3o d\u00e0nh cho c\u00e1c ch\u00e0ng trai y\u00eau th\u00edch s\u1ef1 <strong data-start=\"166\" data-end=\"178\">l\u1ecbch l\u00e3m<\/strong>, <strong data-start=\"180\" data-end=\"192\">qu\u00fd ph\u00e1i<\/strong>, \u0111\u1ed3ng th\u1eddi to\u00e1t l\u00ean n\u00e9t <strong data-start=\"217\" data-end=\"244\">\u1ea5m \u00e1p, nam t\u00ednh thu h\u00fat<\/strong>. H\u01b0\u01a1ng n\u01b0\u1edbc hoa \u0111\u01b0\u1ee3c x\u00e2y d\u1ef1ng tinh t\u1ebf theo 3 t\u1ea7ng:<\/p>\n<ol data-start=\"297\" data-end=\"419\">\n<li data-start=\"297\" data-end=\"337\">\n<p data-start=\"300\" data-end=\"337\"><span class=\"relative -mx-px my-[-0.2rem] rounded px-px py-[0.2rem] transition-colors duration-100 ease-in-out\"><strong data-start=\"0\" data-end=\"13\" data-is-only-node=\"\">H\u01b0\u01a1ng \u0111\u1ea7u<\/strong>: Cam t\u01b0\u01a1i s\u00e1ng, s\u1ea3ng kho\u00e1i \u2013 m\u1edf ra c\u1ea3m gi\u00e1c n\u0103ng \u0111\u1ed9ng, t\u1ef1 tin.<\/span><\/p>\n<\/li>\n<li data-start=\"338\" data-end=\"378\">\n<p data-start=\"341\" data-end=\"378\"><span class=\"relative -mx-px my-[-0.2rem] rounded px-px py-[0.2rem] transition-colors duration-100 ease-in-out\"><strong data-start=\"0\" data-end=\"14\" data-is-only-node=\"\">H\u01b0\u01a1ng gi\u1eefa<\/strong>: Ti\u00eau \u0111en n\u1ed3ng n\u00e0n, kh\u01a1i g\u1ee3i n\u00e9t m\u1ea1nh m\u1ebd, b\u00ed \u1ea9n.<\/span><\/p>\n<\/li>\n<li data-start=\"379\" data-end=\"419\">\n<p data-start=\"382\" data-end=\"419\"><span class=\"relative -mx-px my-[-0.2rem] rounded px-px py-[0.2rem] transition-colors duration-100 ease-in-out\"><strong data-start=\"0\" data-end=\"14\" data-is-only-node=\"\">H\u01b0\u01a1ng cu\u1ed1i<\/strong>: H\u1ed5 ph\u00e1ch \u1ea5m \u00e1p c\u00f9ng g\u1ed7 nh\u1eb9, t\u1ea1o n\u00ean d\u1ea5u \u1ea5n s\u00e2u l\u1eafng, d\u1ec5 g\u00e2y th\u01b0\u01a1ng nh\u1edb.<\/span><\/p>\n<\/li>\n<\/ol>\n<p data-start=\"421\" data-end=\"447\"><strong data-start=\"421\" data-end=\"446\">\u0110i\u1ec3m n\u1ed5i b\u1eadt s\u1ea3n ph\u1ea9m<\/strong>:<\/p>\n<ul data-start=\"448\" data-end=\"567\">\n<li data-start=\"448\" data-end=\"487\">\n<p data-start=\"450\" data-end=\"487\"><span class=\"relative -mx-px my-[-0.2rem] rounded px-px py-[0.2rem] transition-colors duration-100 ease-in-out\">Thi\u1ebft k\u1ebf sang tr\u1ecdng, mang d\u00e1ng v\u1ebb nam t\u00ednh, tinh t\u1ebf.<\/span><\/p>\n<\/li>\n<li data-start=\"488\" data-end=\"527\">\n<p data-start=\"490\" data-end=\"527\"><span class=\"relative -mx-px my-[-0.2rem] rounded px-px py-[0.2rem] transition-colors duration-100 ease-in-out\">L\u01b0u h\u01b0\u01a1ng \u1ed5n \u0111\u1ecbnh, t\u1ecfa h\u01b0\u01a1ng v\u1eeba \u0111\u1ee7 \u0111\u1ec3 to\u1ea3 kh\u00ed ch\u1ea5t c\u1ea3 ng\u00e0y.<\/span><\/p>\n<\/li>\n<li data-start=\"528\" data-end=\"567\">\n<p data-start=\"530\" data-end=\"567\"><span class=\"relative -mx-px my-[-0.2rem] rounded px-px py-[0.2rem] transition-colors duration-100 ease-in-out\">Ph\u00f9 h\u1ee3p ho\u00e0n h\u1ea3o cho c\u00e1c bu\u1ed5i g\u1eb7p m\u1eb7t, c\u00f4ng s\u1edf, d\u1ea1o ph\u1ed1 ho\u1eb7c d\u00f9ng l\u00e0m n\u01b0\u1edbc hoa signature.<\/span><\/p>\n<\/li>\n<\/ul>\n<hr data-start=\"569\" data-end=\"572\" \/>\n<h3 data-start=\"574\" data-end=\"607\">\u2705 L\u1ee3i \u00edch khi ch\u1ecdn SUNSET 04:<\/h3>\n<ul data-start=\"609\" data-end=\"728\">\n<li data-start=\"609\" data-end=\"648\">\n<p data-start=\"611\" data-end=\"648\"><span class=\"relative -mx-px my-[-0.2rem] rounded px-px py-[0.2rem] transition-colors duration-100 ease-in-out\"><strong data-start=\"0\" data-end=\"33\" data-is-only-node=\"\">Kh\u1eb3ng \u0111\u1ecbnh phong c\u00e1ch c\u00e1 nh\u00e2n<\/strong>: L\u1ecbch l\u00e3m \u2013 Nam t\u00ednh \u2013 Cu\u1ed1n h\u00fat.<\/span><\/p>\n<\/li>\n<li data-start=\"649\" data-end=\"688\">\n<p data-start=\"651\" data-end=\"688\"><span class=\"relative -mx-px my-[-0.2rem] rounded px-px py-[0.2rem] transition-colors duration-100 ease-in-out\"><strong data-start=\"0\" data-end=\"25\" data-is-only-node=\"\">Ph\u00f9 h\u1ee3p m\u1ecdi th\u1eddi \u0111i\u1ec3m<\/strong>: Ban ng\u00e0y, bu\u1ed5i t\u1ed1i nh\u1eb9 nh\u00e0ng \u0111\u1ebfn c\u00f4ng s\u1edf, s\u1ef1 ki\u1ec7n.<\/span><\/p>\n<\/li>\n<li data-start=\"689\" data-end=\"728\">\n<p data-start=\"691\" data-end=\"728\"><span class=\"relative -mx-px my-[-0.2rem] rounded px-px py-[0.2rem] transition-colors duration-100 ease-in-out\"><strong data-start=\"0\" data-end=\"28\" data-is-only-node=\"\">Tr\u01b0\u1eddng t\u1ed3n v\u1edbi th\u1eddi gian<\/strong>: Kh\u00f4ng qu\u00e1 n\u1ed3ng, kh\u00f4ng ph\u1ea3ng ph\u1ea5t nhanh, gi\u1eef n\u00e9t nam t\u00ednh \u1ea5m \u00e1p.<\/span><\/p>\n<\/li>\n<\/ul>\n<p>#SUNSET04 #NuocHoaNam #NamTinh #LichLam #QuyPhai #H\u01b0\u01a1ngCam #TieuDen #HoPhach #SignatureScent #N\u01b0\u1edbcHoaVi\u1ec7t<\/p>\n<p><strong>H\u1ed3 s\u01a1 c\u00f4ng b\u1ed1:<\/strong> <em>https:\/\/drive.google.com\/drive\/folders\/1wFkul-Tw5ute9bvcuzWmsnLn3jj2Aktb?usp=drive_link<\/em><\/p>\n<p>&nbsp;<\/p>\n<p>&nbsp;<\/p>\n","protected":false},"excerpt":{"rendered":"<p data-start=\"94\" data-end=\"295\"><strong data-start=\"94\" data-end=\"107\">SUNSET 04<\/strong> l\u00e0 l\u1ef1a ch\u1ecdn ho\u00e0n h\u1ea3o d\u00e0nh cho c\u00e1c ch\u00e0ng trai y\u00eau th\u00edch s\u1ef1 <strong data-start=\"166\" data-end=\"178\">l\u1ecbch l\u00e3m<\/strong>, <strong data-start=\"180\" data-end=\"192\">qu\u00fd ph\u00e1i<\/strong>, \u0111\u1ed3ng th\u1eddi to\u00e1t l\u00ean n\u00e9t <strong data-start=\"217\" data-end=\"244\">\u1ea5m \u00e1p, nam t\u00ednh thu h\u00fat<\/strong>. H\u01b0\u01a1ng n\u01b0\u1edbc hoa \u0111\u01b0\u1ee3c x\u00e2y d\u1ef1ng tinh t\u1ebf theo 3 t\u1ea7ng:<\/p>\n<ol data-start=\"297\" data-end=\"419\">\n<li data-start=\"297\" data-end=\"337\">\n<p data-start=\"300\" data-end=\"337\"><span class=\"relative -mx-px my-[-0.2rem] rounded px-px py-[0.2rem] transition-colors duration-100 ease-in-out\"><strong data-start=\"0\" data-end=\"13\" data-is-only-node=\"\">H\u01b0\u01a1ng \u0111\u1ea7u<\/strong>: Cam t\u01b0\u01a1i s\u00e1ng, s\u1ea3ng kho\u00e1i \u2013 m\u1edf ra c\u1ea3m gi\u00e1c n\u0103ng \u0111\u1ed9ng, t\u1ef1 tin.<\/span><\/p>\n<\/li>\n<li data-start=\"338\" data-end=\"378\">\n<p data-start=\"341\" data-end=\"378\"><span class=\"relative -mx-px my-[-0.2rem] rounded px-px py-[0.2rem] transition-colors duration-100 ease-in-out\"><strong data-start=\"0\" data-end=\"14\" data-is-only-node=\"\">H\u01b0\u01a1ng gi\u1eefa<\/strong>: Ti\u00eau \u0111en n\u1ed3ng n\u00e0n, kh\u01a1i g\u1ee3i n\u00e9t m\u1ea1nh m\u1ebd, b\u00ed \u1ea9n.<\/span><\/p>\n<\/li>\n<li data-start=\"379\" data-end=\"419\">\n<p data-start=\"382\" data-end=\"419\"><span class=\"relative -mx-px my-[-0.2rem] rounded px-px py-[0.2rem] transition-colors duration-100 ease-in-out\"><strong data-start=\"0\" data-end=\"14\" data-is-only-node=\"\">H\u01b0\u01a1ng cu\u1ed1i<\/strong>: H\u1ed5 ph\u00e1ch \u1ea5m \u00e1p c\u00f9ng g\u1ed7 nh\u1eb9, t\u1ea1o n\u00ean d\u1ea5u \u1ea5n s\u00e2u l\u1eafng, d\u1ec5 g\u00e2y th\u01b0\u01a1ng nh\u1edb.<\/span><\/p>\n<\/li>\n<\/ol>\n","protected":false},"featured_media":1155,"comment_status":"open","ping_status":"closed","template":"","meta":{"site-sidebar-layout":"default","site-content-layout":"","ast-site-content-layout":"default","site-content-style":"default","site-sidebar-style":"default","ast-global-header-display":"","ast-banner-title-visibility":"","ast-main-header-display":"","ast-hfb-above-header-display":"","ast-hfb-below-header-display":"","ast-hfb-mobile-header-display":"","site-post-title":"","ast-breadcrumbs-content":"","ast-featured-img":"","footer-sml-layout":"","theme-transparent-header-meta":"","adv-header-id-meta":"","stick-header-meta":"","header-above-stick-meta":"","header-main-stick-meta":"","header-below-stick-meta":"","astra-migrate-meta-layouts":"default","ast-page-background-enabled":"default","ast-page-background-meta":{"desktop":{"background-color":"var(--ast-global-color-5)","background-image":"","background-repeat":"repeat","background-position":"center center","background-size":"auto","background-attachment":"scroll","background-type":"","background-media":"","overlay-type":"","overlay-color":"","overlay-opacity":"","overlay-gradient":""},"tablet":{"background-color":"","background-image":"","background-repeat":"repeat","background-position":"center center","background-size":"auto","background-attachment":"scroll","background-type":"","background-media":"","overlay-type":"","overlay-color":"","overlay-opacity":"","overlay-gradient":""},"mobile":{"background-color":"","background-image":"","background-repeat":"repeat","background-position":"center center","background-size":"auto","background-attachment":"scroll","background-type":"","background-media":"","overlay-type":"","overlay-color":"","overlay-opacity":"","overlay-gradient":""}},"ast-content-background-meta":{"desktop":{"background-color":"var(--ast-global-color-4)","background-image":"","background-repeat":"repeat","background-position":"center center","background-size":"auto","background-attachment":"scroll","background-type":"","background-media":"","overlay-type":"","overlay-color":"","overlay-opacity":"","overlay-gradient":""},"tablet":{"background-color":"var(--ast-global-color-4)","background-image":"","background-repeat":"repeat","background-position":"center center","background-size":"auto","background-attachment":"scroll","background-type":"","background-media":"","overlay-type":"","overlay-color":"","overlay-opacity":"","overlay-gradient":""},"mobile":{"background-color":"var(--ast-global-color-4)","background-image":"","background-repeat":"repeat","background-position":"center center","background-size":"auto","background-attachment":"scroll","background-type":"","background-media":"","overlay-type":"","overlay-color":"","overlay-opacity":"","overlay-gradient":""}}},"product_brand":[117],"product_cat":[17,115,295,116,291],"product_tag":[],"class_list":{"0":"post-1043","1":"product","2":"type-product","3":"status-publish","4":"has-post-thumbnail","6":"product_brand-prikedom","7":"product_cat-my-pham","8":"product_cat-nuoc-hoa","9":"product_cat-nuoc-hoa-sac-dep","10":"product_cat-prikedom","11":"product_cat-sac-dep","12":"desktop-align-left","13":"tablet-align-left","14":"mobile-align-left","16":"first","17":"instock","18":"sale","19":"taxable","20":"shipping-taxable","21":"purchasable","22":"product-type-simple"},"_links":{"self":[{"href":"https:\/\/omewa.online\/index.php\/wp-json\/wp\/v2\/product\/1043","targetHints":{"allow":["GET"]}}],"collection":[{"href":"https:\/\/omewa.online\/index.php\/wp-json\/wp\/v2\/product"}],"about":[{"href":"https:\/\/omewa.online\/index.php\/wp-json\/wp\/v2\/types\/product"}],"replies":[{"embeddable":true,"href":"https:\/\/omewa.online\/index.php\/wp-json\/wp\/v2\/comments?post=1043"}],"wp:featuredmedia":[{"embeddable":true,"href":"https:\/\/omewa.online\/index.php\/wp-json\/wp\/v2\/media\/1155"}],"wp:attachment":[{"href":"https:\/\/omewa.online\/index.php\/wp-json\/wp\/v2\/media?parent=1043"}],"wp:term":[{"taxonomy":"product_brand","embeddable":true,"href":"https:\/\/omewa.online\/index.php\/wp-json\/wp\/v2\/product_brand?post=1043"},{"taxonomy":"product_cat","embeddable":true,"href":"https:\/\/omewa.online\/index.php\/wp-json\/wp\/v2\/product_cat?post=1043"},{"taxonomy":"product_tag","embeddable":true,"href":"https:\/\/omewa.online\/index.php\/wp-json\/wp\/v2\/product_tag?post=1043"}],"curies":[{"name":"wp","href":"https:\/\/api.w.org\/{rel}","templated":true}]}}