{"id":1042,"date":"2025-11-01T18:17:43","date_gmt":"2025-11-01T18:17:43","guid":{"rendered":"https:\/\/omewa.online\/?post_type=product&#038;p=1042"},"modified":"2026-04-15T21:55:59","modified_gmt":"2026-04-15T20:55:59","slug":"sunset-29-huong-nuoc-hoa-tinh-te-the-hien-ban-linh-phai-manh-10ml","status":"publish","type":"product","link":"https:\/\/omewa.online\/index.php\/product\/sunset-29-huong-nuoc-hoa-tinh-te-the-hien-ban-linh-phai-manh-10ml\/","title":{"rendered":"Sunset 29 &#8211; H\u01b0\u01a1ng n\u01b0\u1edbc hoa tinh t\u1ebf, th\u1ec3 hi\u1ec7n b\u1ea3n l\u0129nh ph\u00e1i m\u1ea1nh (10ml)"},"content":{"rendered":"<h2 data-start=\"292\" data-end=\"350\">\ud83c\udf3f SUNSET 29 \u2013 H\u01b0\u01a1ng th\u01a1m d\u00e0nh cho qu\u00fd \u00f4ng tr\u01b0\u1edfng th\u00e0nh<\/h2>\n<p data-start=\"352\" data-end=\"587\"><strong data-start=\"352\" data-end=\"365\">SUNSET 29<\/strong> l\u00e0 l\u1ef1a ch\u1ecdn l\u00fd t\u01b0\u1edfng cho nh\u1eefng ai \u0111ang t\u00ecm ki\u1ebfm m\u1ed9t m\u00f9i h\u01b0\u01a1ng ph\u00f9 h\u1ee3p v\u1edbi phong th\u00e1i tr\u01b0\u1edfng th\u00e0nh, l\u1ecbch thi\u1ec7p v\u00e0 ch\u1ec9n chu. \u0110\u00e2y l\u00e0 d\u00f2ng s\u1ea3n ph\u1ea9m h\u01b0\u1edbng t\u1edbi phong c\u00e1ch tinh gi\u1ea3n, sang tr\u1ecdng, d\u1ec5 s\u1eed d\u1ee5ng trong nhi\u1ec1u ho\u00e0n c\u1ea3nh.<\/p>\n<hr data-start=\"589\" data-end=\"592\" \/>\n<h3 data-start=\"594\" data-end=\"621\">\ud83c\udf4b T\u1ea7ng h\u01b0\u01a1ng \u0111\u1eb7c tr\u01b0ng<\/h3>\n<ul data-start=\"623\" data-end=\"930\">\n<li data-start=\"623\" data-end=\"725\">\n<p data-start=\"625\" data-end=\"725\"><strong data-start=\"625\" data-end=\"639\">H\u01b0\u01a1ng \u0111\u1ea7u:<\/strong> Chanh v\u00e0ng t\u01b0\u01a1i m\u00e1t, mang l\u1ea1i c\u1ea3m gi\u00e1c d\u1ec5 ch\u1ecbu v\u00e0 s\u1ea3ng kho\u00e1i ngay t\u1eeb l\u1ea7n \u0111\u1ea7u s\u1eed d\u1ee5ng.<\/p>\n<\/li>\n<li data-start=\"726\" data-end=\"837\">\n<p data-start=\"728\" data-end=\"837\"><strong data-start=\"728\" data-end=\"743\">H\u01b0\u01a1ng gi\u1eefa:<\/strong> G\u1ed7 tuy\u1ebft t\u00f9ng nh\u1eb9 nh\u00e0ng, g\u00f3p ph\u1ea7n t\u1ea1o chi\u1ec1u s\u00e2u v\u00e0 s\u1ef1 \u1ea5m \u00e1p, ph\u00f9 h\u1ee3p v\u1edbi kh\u00ed ch\u1ea5t ch\u1eefng ch\u1ea1c.<\/p>\n<\/li>\n<li data-start=\"838\" data-end=\"930\">\n<p data-start=\"840\" data-end=\"930\"><strong data-start=\"840\" data-end=\"855\">H\u01b0\u01a1ng cu\u1ed1i:<\/strong> X\u1ea1 h\u01b0\u01a1ng thoang tho\u1ea3ng, gi\u1eef l\u1ea1i d\u1ea5u h\u01b0\u01a1ng t\u1ef1 nhi\u00ean tr\u00ean da su\u1ed1t nhi\u1ec1u gi\u1edd.<\/p>\n<\/li>\n<\/ul>\n<hr data-start=\"932\" data-end=\"935\" \/>\n<h3 data-start=\"937\" data-end=\"969\">\ud83d\udc54 SUNSET 29 ph\u00f9 h\u1ee3p v\u1edbi ai?<\/h3>\n<ul data-start=\"971\" data-end=\"1227\">\n<li data-start=\"971\" data-end=\"1066\">\n<p data-start=\"973\" data-end=\"1066\">Nh\u1eefng ng\u01b0\u1eddi \u0111\u00e3 c\u00f3 \u0111\u1ecbnh h\u00ecnh r\u00f5 r\u00e0ng v\u1ec1 phong c\u00e1ch c\u00e1 nh\u00e2n, y\u00eau th\u00edch s\u1ef1 g\u1ecdn g\u00e0ng, nh\u00e3 nh\u1eb7n.<\/p>\n<\/li>\n<li data-start=\"1067\" data-end=\"1167\">\n<p data-start=\"1069\" data-end=\"1167\">Ph\u00f9 h\u1ee3p s\u1eed d\u1ee5ng h\u1eb1ng ng\u00e0y khi \u0111i l\u00e0m, g\u1eb7p g\u1ee1 b\u1ea1n b\u00e8, h\u1ecdp nh\u00f3m, d\u1ef1 ti\u1ec7c ho\u1eb7c tham d\u1ef1 c\u00e1c s\u1ef1 ki\u1ec7n.<\/p>\n<\/li>\n<li data-start=\"1168\" data-end=\"1227\">\n<p data-start=\"1170\" data-end=\"1227\">D\u1ec5 s\u1eed d\u1ee5ng quanh n\u0103m, \u0111\u1eb7c bi\u1ec7t th\u00edch h\u1ee3p v\u00e0o m\u00f9a se l\u1ea1nh.<\/p>\n<\/li>\n<\/ul>\n<hr data-start=\"1229\" data-end=\"1232\" \/>\n<h3 data-start=\"1234\" data-end=\"1266\">\u2705 \u0110i\u1ec3m n\u1ed5i b\u1eadt c\u1ee7a SUNSET 29<\/h3>\n<ul data-start=\"1268\" data-end=\"1474\">\n<li data-start=\"1268\" data-end=\"1346\">\n<p data-start=\"1270\" data-end=\"1346\">M\u00f9i h\u01b0\u01a1ng r\u00f5 n\u00e9t, d\u1ec5 ch\u1ecbu, kh\u00f4ng qu\u00e1 \u0111\u1eadm n\u00ean ph\u00f9 h\u1ee3p v\u1edbi nhi\u1ec1u m\u00f4i tr\u01b0\u1eddng.<\/p>\n<\/li>\n<li data-start=\"1347\" data-end=\"1411\">\n<p data-start=\"1349\" data-end=\"1411\">Thi\u1ebft k\u1ebf chai t\u1ed1i gi\u1ea3n, tinh t\u1ebf, d\u1ec5 mang theo khi di chuy\u1ec3n.<\/p>\n<\/li>\n<li data-start=\"1412\" data-end=\"1474\">\n<p data-start=\"1414\" data-end=\"1474\">L\u01b0u h\u01b0\u01a1ng l\u00e2u tr\u00ean da, h\u1ed7 tr\u1ee3 b\u1ea1n duy tr\u00ec s\u1ef1 t\u1ef1 tin c\u1ea3 ng\u00e0y.<br \/>\n<strong>H\u1ed3 s\u01a1 c\u00f4ng b\u1ed1:<\/strong> https:\/\/drive.google.com\/drive\/folders\/1wFkul-Tw5ute9bvcuzWmsnLn3jj2Aktb?usp=drive_link<br \/>\n#SUNSET29 #NuocHoaNam #PhongCachNam #TruongThanh #LichLam #HuongChanh #GoTuyetTung #XaHuong #PerfumeForMen<\/p>\n<\/li>\n<\/ul>\n","protected":false},"excerpt":{"rendered":"<h3 data-start=\"561\" data-end=\"590\">Ba t\u1ea7ng h\u01b0\u01a1ng n\u1ed5i b\u1eadt:<\/h3>\n<ul data-start=\"591\" data-end=\"867\">\n<li data-start=\"591\" data-end=\"673\">\n<p data-start=\"593\" data-end=\"673\"><strong data-start=\"593\" data-end=\"607\">H\u01b0\u01a1ng \u0111\u1ea7u:<\/strong> Chanh v\u00e0ng t\u01b0\u01a1i m\u00e1t, t\u1ea1o s\u1ef1 s\u1ea3ng kho\u00e1i v\u00e0 kh\u1edfi \u0111\u1ea7u \u0111\u1ea7y h\u1ee9ng kh\u1edfi.<\/p>\n<\/li>\n<li data-start=\"674\" data-end=\"778\">\n<p data-start=\"676\" data-end=\"778\"><strong data-start=\"676\" data-end=\"691\">H\u01b0\u01a1ng gi\u1eefa:<\/strong> G\u1ed7 tuy\u1ebft t\u00f9ng nh\u1eb9 \u1ea5m, mang l\u1ea1i chi\u1ec1u s\u00e2u, gi\u00fap t\u1ed5ng th\u1ec3 tr\u1edf n\u00ean c\u00e2n b\u1eb1ng v\u00e0 thanh nh\u00e3.<\/p>\n<\/li>\n<li data-start=\"779\" data-end=\"867\">\n<p data-start=\"781\" data-end=\"867\"><strong data-start=\"781\" data-end=\"796\">H\u01b0\u01a1ng cu\u1ed1i:<\/strong> X\u1ea1 h\u01b0\u01a1ng m\u1ec1m m\u1ea1i, l\u01b0u l\u1ea1i d\u1ea5u h\u01b0\u01a1ng tinh t\u1ebf, d\u1ec5 ch\u1ecbu su\u1ed1t c\u1ea3 ng\u00e0y d\u00e0i.<\/p>\n<\/li>\n<\/ul>\n","protected":false},"featured_media":1154,"comment_status":"open","ping_status":"closed","template":"","meta":{"site-sidebar-layout":"default","site-content-layout":"","ast-site-content-layout":"default","site-content-style":"default","site-sidebar-style":"default","ast-global-header-display":"","ast-banner-title-visibility":"","ast-main-header-display":"","ast-hfb-above-header-display":"","ast-hfb-below-header-display":"","ast-hfb-mobile-header-display":"","site-post-title":"","ast-breadcrumbs-content":"","ast-featured-img":"","footer-sml-layout":"","theme-transparent-header-meta":"","adv-header-id-meta":"","stick-header-meta":"","header-above-stick-meta":"","header-main-stick-meta":"","header-below-stick-meta":"","astra-migrate-meta-layouts":"default","ast-page-background-enabled":"default","ast-page-background-meta":{"desktop":{"background-color":"var(--ast-global-color-5)","background-image":"","background-repeat":"repeat","background-position":"center center","background-size":"auto","background-attachment":"scroll","background-type":"","background-media":"","overlay-type":"","overlay-color":"","overlay-opacity":"","overlay-gradient":""},"tablet":{"background-color":"","background-image":"","background-repeat":"repeat","background-position":"center center","background-size":"auto","background-attachment":"scroll","background-type":"","background-media":"","overlay-type":"","overlay-color":"","overlay-opacity":"","overlay-gradient":""},"mobile":{"background-color":"","background-image":"","background-repeat":"repeat","background-position":"center center","background-size":"auto","background-attachment":"scroll","background-type":"","background-media":"","overlay-type":"","overlay-color":"","overlay-opacity":"","overlay-gradient":""}},"ast-content-background-meta":{"desktop":{"background-color":"var(--ast-global-color-4)","background-image":"","background-repeat":"repeat","background-position":"center center","background-size":"auto","background-attachment":"scroll","background-type":"","background-media":"","overlay-type":"","overlay-color":"","overlay-opacity":"","overlay-gradient":""},"tablet":{"background-color":"var(--ast-global-color-4)","background-image":"","background-repeat":"repeat","background-position":"center center","background-size":"auto","background-attachment":"scroll","background-type":"","background-media":"","overlay-type":"","overlay-color":"","overlay-opacity":"","overlay-gradient":""},"mobile":{"background-color":"var(--ast-global-color-4)","background-image":"","background-repeat":"repeat","background-position":"center center","background-size":"auto","background-attachment":"scroll","background-type":"","background-media":"","overlay-type":"","overlay-color":"","overlay-opacity":"","overlay-gradient":""}}},"product_brand":[117],"product_cat":[17,115,295,116,291],"product_tag":[],"class_list":{"0":"post-1042","1":"product","2":"type-product","3":"status-publish","4":"has-post-thumbnail","6":"product_brand-prikedom","7":"product_cat-my-pham","8":"product_cat-nuoc-hoa","9":"product_cat-nuoc-hoa-sac-dep","10":"product_cat-prikedom","11":"product_cat-sac-dep","12":"desktop-align-left","13":"tablet-align-left","14":"mobile-align-left","16":"first","17":"instock","18":"sale","19":"taxable","20":"shipping-taxable","21":"purchasable","22":"product-type-simple"},"_links":{"self":[{"href":"https:\/\/omewa.online\/index.php\/wp-json\/wp\/v2\/product\/1042","targetHints":{"allow":["GET"]}}],"collection":[{"href":"https:\/\/omewa.online\/index.php\/wp-json\/wp\/v2\/product"}],"about":[{"href":"https:\/\/omewa.online\/index.php\/wp-json\/wp\/v2\/types\/product"}],"replies":[{"embeddable":true,"href":"https:\/\/omewa.online\/index.php\/wp-json\/wp\/v2\/comments?post=1042"}],"wp:featuredmedia":[{"embeddable":true,"href":"https:\/\/omewa.online\/index.php\/wp-json\/wp\/v2\/media\/1154"}],"wp:attachment":[{"href":"https:\/\/omewa.online\/index.php\/wp-json\/wp\/v2\/media?parent=1042"}],"wp:term":[{"taxonomy":"product_brand","embeddable":true,"href":"https:\/\/omewa.online\/index.php\/wp-json\/wp\/v2\/product_brand?post=1042"},{"taxonomy":"product_cat","embeddable":true,"href":"https:\/\/omewa.online\/index.php\/wp-json\/wp\/v2\/product_cat?post=1042"},{"taxonomy":"product_tag","embeddable":true,"href":"https:\/\/omewa.online\/index.php\/wp-json\/wp\/v2\/product_tag?post=1042"}],"curies":[{"name":"wp","href":"https:\/\/api.w.org\/{rel}","templated":true}]}}