{"id":1040,"date":"2025-11-01T18:17:42","date_gmt":"2025-11-01T18:17:42","guid":{"rendered":"https:\/\/omewa.online\/?post_type=product&#038;p=1040"},"modified":"2025-11-26T01:48:35","modified_gmt":"2025-11-26T01:48:35","slug":"sunset-11-huong-nuoc-hoa-tinh-te-the-hien-ban-linh-phai-manh-50ml","status":"publish","type":"product","link":"https:\/\/omewa.online\/index.php\/product\/sunset-11-huong-nuoc-hoa-tinh-te-the-hien-ban-linh-phai-manh-50ml\/","title":{"rendered":"Sunset 11 &#8211; H\u01b0\u01a1ng n\u01b0\u1edbc hoa tinh t\u1ebf, th\u1ec3 hi\u1ec7n b\u1ea3n l\u0129nh ph\u00e1i m\u1ea1nh (50ml)"},"content":{"rendered":"<h2 data-start=\"137\" data-end=\"198\">\ud83c\udf1e SUNSET 11 \u2013 T\u01b0\u01a1i tr\u1ebb, n\u0103ng \u0111\u1ed9ng cho ch\u00e0ng trai hi\u1ec7n \u0111\u1ea1i<\/h2>\n<p data-start=\"200\" data-end=\"438\"><strong data-start=\"200\" data-end=\"213\">SUNSET 11<\/strong> l\u00e0 l\u1ef1a ch\u1ecdn ho\u00e0n h\u1ea3o cho c\u00e1c ch\u00e0ng trai tr\u1ebb trung, n\u0103ng \u0111\u1ed9ng, lu\u00f4n tr\u00e0n \u0111\u1ea7y s\u1ee9c s\u1ed1ng. M\u00f9i h\u01b0\u01a1ng \u0111\u01b0\u1ee3c k\u1ebft h\u1ee3p tinh t\u1ebf gi\u1eefa s\u1ef1 <strong data-start=\"339\" data-end=\"351\">t\u01b0\u01a1i m\u00e1t<\/strong>, <strong data-start=\"353\" data-end=\"367\">s\u1ea3ng kho\u00e1i<\/strong> v\u00e0 m\u1ed9t ch\u00fat <strong data-start=\"380\" data-end=\"398\">\u1ea5m \u00e1p l\u00f4i cu\u1ed1n<\/strong>, gi\u00fap b\u1ea1n t\u1ef1 tin trong m\u1ecdi cu\u1ed9c g\u1eb7p g\u1ee1.<\/p>\n<h3 data-start=\"440\" data-end=\"469\">\ud83d\udca7 Ba t\u1ea7ng h\u01b0\u01a1ng n\u1ed5i b\u1eadt:<\/h3>\n<ul data-start=\"470\" data-end=\"749\">\n<li data-start=\"470\" data-end=\"567\">\n<p data-start=\"472\" data-end=\"567\"><strong data-start=\"472\" data-end=\"486\">H\u01b0\u01a1ng \u0111\u1ea7u:<\/strong> B\u01b0\u1edfi m\u1ecdng n\u01b0\u1edbc, thanh m\u00e1t, mang \u0111\u1ebfn c\u1ea3m gi\u00e1c b\u00f9ng n\u1ed5 c\u1ee7a nh\u1eefng ng\u00e0y h\u00e8 t\u01b0\u01a1i m\u1edbi.<\/p>\n<\/li>\n<li data-start=\"568\" data-end=\"650\">\n<p data-start=\"570\" data-end=\"650\"><strong data-start=\"570\" data-end=\"585\">H\u01b0\u01a1ng gi\u1eefa:<\/strong> H\u01b0\u01a1ng th\u1ea3o nh\u1eb9 nh\u00e0ng, xanh m\u01b0\u1edbt, kh\u01a1i g\u1ee3i n\u00e9t kho\u1ebb kho\u1eafn, t\u1ef1 do.<\/p>\n<\/li>\n<li data-start=\"651\" data-end=\"749\">\n<p data-start=\"653\" data-end=\"749\"><strong data-start=\"653\" data-end=\"668\">H\u01b0\u01a1ng cu\u1ed1i:<\/strong> \u0110\u00e0n h\u01b0\u01a1ng \u1ea5m \u00e1p, \u0111\u1ecdng l\u1ea1i s\u00e2u l\u1eafng, l\u01b0u gi\u1eef d\u1ea5u \u1ea5n nam t\u00ednh l\u00e2u d\u00e0i tr\u00ean l\u00e0n da.<\/p>\n<\/li>\n<\/ul>\n<h3 data-start=\"751\" data-end=\"787\">\u2b50 V\u00ec sao b\u1ea1n n\u00ean ch\u1ecdn SUNSET 11?<\/h3>\n<p data-start=\"788\" data-end=\"1172\">\u2705 <strong data-start=\"790\" data-end=\"825\">Phong c\u00e1ch tr\u1ebb trung, hi\u1ec7n \u0111\u1ea1i:<\/strong> Ph\u00f9 h\u1ee3p v\u1edbi ch\u00e0ng trai th\u00edch kh\u00e1m ph\u00e1, d\u1ea1o ph\u1ed1, caf\u00e9 cu\u1ed1i tu\u1ea7n hay d\u00e3 ngo\u1ea1i c\u00f9ng b\u1ea1n b\u00e8.<br data-start=\"914\" data-end=\"917\" \/>\u2705 <strong data-start=\"919\" data-end=\"963\">H\u01b0\u01a1ng th\u01a1m d\u1ec5 g\u1ea7n, kh\u00f4ng k\u00e9n ng\u01b0\u1eddi d\u00f9ng:<\/strong> Th\u00edch h\u1ee3p cho m\u00f4i tr\u01b0\u1eddng c\u00f4ng s\u1edf, l\u1edbp h\u1ecdc hay c\u1ea3 nh\u1eefng bu\u1ed5i h\u1eb9n h\u00f2 nh\u1eb9 nh\u00e0ng.<br data-start=\"1041\" data-end=\"1044\" \/>\u2705 <strong data-start=\"1046\" data-end=\"1067\">L\u01b0u h\u01b0\u01a1ng b\u1ec1n b\u1ec9:<\/strong> D\u00f9 l\u00e0 v\u1eadn \u0111\u1ed9ng ngo\u00e0i tr\u1eddi hay l\u00e0m vi\u1ec7c c\u1ea3 ng\u00e0y, SUNSET 11 v\u1eabn lu\u00f4n \u1edf b\u00ean, kh\u1ebd t\u1ecfa ra h\u01b0\u01a1ng th\u01a1m thu h\u00fat.<\/p>\n<h3 data-start=\"1174\" data-end=\"1199\">\ud83c\udfaf H\u01b0\u1edbng d\u1eabn s\u1eed d\u1ee5ng:<\/h3>\n<p data-start=\"1200\" data-end=\"1323\">X\u1ecbt nh\u1eb9 l\u00ean c\u00e1c v\u1ecb tr\u00ed d\u1ec5 t\u1ecfa nhi\u1ec7t nh\u01b0 c\u1ed5 tay, sau tai ho\u1eb7c ng\u1ef1c \u0111\u1ec3 gi\u1eef m\u00f9i l\u00e2u. Tr\u00e1nh x\u1ecbt tr\u1ef1c ti\u1ebfp l\u00ean qu\u1ea7n \u00e1o s\u00e1ng m\u00e0u.<\/p>\n<hr data-start=\"1325\" data-end=\"1328\" \/>\n<h3 data-start=\"1330\" data-end=\"1353\">\ud83d\udccc Th\u00f4ng tin nhanh:<\/h3>\n<ul data-start=\"1354\" data-end=\"1520\">\n<li data-start=\"1354\" data-end=\"1423\">\n<p data-start=\"1356\" data-end=\"1423\"><strong data-start=\"1356\" data-end=\"1371\">Lo\u1ea1i h\u01b0\u01a1ng:<\/strong> Citrus Aromatic Woody (tr\u00e1i c\u00e2y \u2013 th\u1ea3o m\u1ed9c \u2013 g\u1ed7).<\/p>\n<\/li>\n<li data-start=\"1424\" data-end=\"1474\">\n<p data-start=\"1426\" data-end=\"1474\"><strong data-start=\"1426\" data-end=\"1441\">Phong c\u00e1ch:<\/strong> T\u01b0\u01a1i tr\u1ebb, n\u0103ng \u0111\u1ed9ng, nam t\u00ednh.<\/p>\n<\/li>\n<li data-start=\"1475\" data-end=\"1520\">\n<p data-start=\"1477\" data-end=\"1520\"><strong data-start=\"1477\" data-end=\"1499\">Th\u1eddi gian ph\u00f9 h\u1ee3p:<\/strong> Ban ng\u00e0y, xu\u00e2n \u2013 h\u00e8.<\/p>\n<\/li>\n<\/ul>\n<hr data-start=\"1522\" data-end=\"1525\" \/>\n<div class=\"contain-inline-size rounded-2xl relative bg-token-sidebar-surface-primary\">\n<div class=\"sticky top-9\">\n<div class=\"absolute end-0 bottom-0 flex h-9 items-center pe-2\">\n<div class=\"bg-token-bg-elevated-secondary text-token-text-secondary flex items-center gap-4 rounded-sm px-2 font-sans text-xs\">\n<p><strong>H\u1ed3 s\u01a1 c\u00f4ng b\u1ed1:<\/strong> <em>https:\/\/drive.google.com\/drive\/folders\/1wFkul-Tw5ute9bvcuzWmsnLn3jj2Aktb?usp=drive_link<\/em><\/p>\n<\/div>\n<\/div>\n<\/div>\n<div class=\"overflow-y-auto p-4\" dir=\"ltr\"><code class=\"whitespace-pre!\"><span class=\"hljs-selector-id\">#SUNSET11<\/span> <span class=\"hljs-selector-id\">#NuocHoaNam<\/span> <span class=\"hljs-selector-id\">#TreTrung<\/span> <span class=\"hljs-selector-id\">#NangDong<\/span> <span class=\"hljs-selector-id\">#HuongBuoi<\/span> <span class=\"hljs-selector-id\">#HuongThao<\/span> <span class=\"hljs-selector-id\">#DanHuong<\/span> <span class=\"hljs-selector-id\">#PhongCachNam<\/span> <span class=\"hljs-selector-id\">#NuocHoaHan<\/span><\/code><\/div>\n<\/div>\n","protected":false},"excerpt":{"rendered":"<p data-start=\"200\" data-end=\"438\"><strong data-start=\"200\" data-end=\"213\">SUNSET 11<\/strong> l\u00e0 l\u1ef1a ch\u1ecdn ho\u00e0n h\u1ea3o cho c\u00e1c ch\u00e0ng trai tr\u1ebb trung, n\u0103ng \u0111\u1ed9ng, lu\u00f4n tr\u00e0n \u0111\u1ea7y s\u1ee9c s\u1ed1ng. M\u00f9i h\u01b0\u01a1ng \u0111\u01b0\u1ee3c k\u1ebft h\u1ee3p tinh t\u1ebf gi\u1eefa s\u1ef1 <strong data-start=\"339\" data-end=\"351\">t\u01b0\u01a1i m\u00e1t<\/strong>, <strong data-start=\"353\" data-end=\"367\">s\u1ea3ng kho\u00e1i<\/strong> v\u00e0 m\u1ed9t ch\u00fat <strong data-start=\"380\" data-end=\"398\">\u1ea5m \u00e1p l\u00f4i cu\u1ed1n<\/strong>, gi\u00fap b\u1ea1n t\u1ef1 tin trong m\u1ecdi cu\u1ed9c g\u1eb7p g\u1ee1.<\/p>\n<h3 data-start=\"440\" data-end=\"469\">\ud83d\udca7 Ba t\u1ea7ng h\u01b0\u01a1ng n\u1ed5i b\u1eadt:<\/h3>\n<ul data-start=\"470\" data-end=\"749\">\n<li data-start=\"470\" data-end=\"567\">\n<p data-start=\"472\" data-end=\"567\"><strong data-start=\"472\" data-end=\"486\">H\u01b0\u01a1ng \u0111\u1ea7u:<\/strong> B\u01b0\u1edfi m\u1ecdng n\u01b0\u1edbc, thanh m\u00e1t, mang \u0111\u1ebfn c\u1ea3m gi\u00e1c b\u00f9ng n\u1ed5 c\u1ee7a nh\u1eefng ng\u00e0y h\u00e8 t\u01b0\u01a1i m\u1edbi.<\/p>\n<\/li>\n<li data-start=\"568\" data-end=\"650\">\n<p data-start=\"570\" data-end=\"650\"><strong data-start=\"570\" data-end=\"585\">H\u01b0\u01a1ng gi\u1eefa:<\/strong> H\u01b0\u01a1ng th\u1ea3o nh\u1eb9 nh\u00e0ng, xanh m\u01b0\u1edbt, kh\u01a1i g\u1ee3i n\u00e9t kho\u1ebb kho\u1eafn, t\u1ef1 do.<\/p>\n<\/li>\n<li data-start=\"651\" data-end=\"749\">\n<p data-start=\"653\" data-end=\"749\"><strong data-start=\"653\" data-end=\"668\">H\u01b0\u01a1ng cu\u1ed1i:<\/strong> \u0110\u00e0n h\u01b0\u01a1ng \u1ea5m \u00e1p, \u0111\u1ecdng l\u1ea1i s\u00e2u l\u1eafng, l\u01b0u gi\u1eef d\u1ea5u \u1ea5n nam t\u00ednh l\u00e2u d\u00e0i tr\u00ean l\u00e0n da.<\/p>\n<\/li>\n<\/ul>\n","protected":false},"featured_media":1152,"comment_status":"open","ping_status":"closed","template":"","meta":{"site-sidebar-layout":"default","site-content-layout":"","ast-site-content-layout":"default","site-content-style":"default","site-sidebar-style":"default","ast-global-header-display":"","ast-banner-title-visibility":"","ast-main-header-display":"","ast-hfb-above-header-display":"","ast-hfb-below-header-display":"","ast-hfb-mobile-header-display":"","site-post-title":"","ast-breadcrumbs-content":"","ast-featured-img":"","footer-sml-layout":"","theme-transparent-header-meta":"","adv-header-id-meta":"","stick-header-meta":"","header-above-stick-meta":"","header-main-stick-meta":"","header-below-stick-meta":"","astra-migrate-meta-layouts":"default","ast-page-background-enabled":"default","ast-page-background-meta":{"desktop":{"background-color":"var(--ast-global-color-5)","background-image":"","background-repeat":"repeat","background-position":"center center","background-size":"auto","background-attachment":"scroll","background-type":"","background-media":"","overlay-type":"","overlay-color":"","overlay-opacity":"","overlay-gradient":""},"tablet":{"background-color":"","background-image":"","background-repeat":"repeat","background-position":"center center","background-size":"auto","background-attachment":"scroll","background-type":"","background-media":"","overlay-type":"","overlay-color":"","overlay-opacity":"","overlay-gradient":""},"mobile":{"background-color":"","background-image":"","background-repeat":"repeat","background-position":"center center","background-size":"auto","background-attachment":"scroll","background-type":"","background-media":"","overlay-type":"","overlay-color":"","overlay-opacity":"","overlay-gradient":""}},"ast-content-background-meta":{"desktop":{"background-color":"var(--ast-global-color-4)","background-image":"","background-repeat":"repeat","background-position":"center center","background-size":"auto","background-attachment":"scroll","background-type":"","background-media":"","overlay-type":"","overlay-color":"","overlay-opacity":"","overlay-gradient":""},"tablet":{"background-color":"var(--ast-global-color-4)","background-image":"","background-repeat":"repeat","background-position":"center center","background-size":"auto","background-attachment":"scroll","background-type":"","background-media":"","overlay-type":"","overlay-color":"","overlay-opacity":"","overlay-gradient":""},"mobile":{"background-color":"var(--ast-global-color-4)","background-image":"","background-repeat":"repeat","background-position":"center center","background-size":"auto","background-attachment":"scroll","background-type":"","background-media":"","overlay-type":"","overlay-color":"","overlay-opacity":"","overlay-gradient":""}}},"product_brand":[117],"product_cat":[17,115,295,116,291],"product_tag":[],"class_list":{"0":"post-1040","1":"product","2":"type-product","3":"status-publish","4":"has-post-thumbnail","6":"product_brand-prikedom","7":"product_cat-my-pham","8":"product_cat-nuoc-hoa","9":"product_cat-nuoc-hoa-sac-dep","10":"product_cat-prikedom","11":"product_cat-sac-dep","12":"desktop-align-left","13":"tablet-align-left","14":"mobile-align-left","16":"first","17":"instock","18":"sale","19":"taxable","20":"shipping-taxable","21":"purchasable","22":"product-type-simple"},"_links":{"self":[{"href":"https:\/\/omewa.online\/index.php\/wp-json\/wp\/v2\/product\/1040","targetHints":{"allow":["GET"]}}],"collection":[{"href":"https:\/\/omewa.online\/index.php\/wp-json\/wp\/v2\/product"}],"about":[{"href":"https:\/\/omewa.online\/index.php\/wp-json\/wp\/v2\/types\/product"}],"replies":[{"embeddable":true,"href":"https:\/\/omewa.online\/index.php\/wp-json\/wp\/v2\/comments?post=1040"}],"wp:featuredmedia":[{"embeddable":true,"href":"https:\/\/omewa.online\/index.php\/wp-json\/wp\/v2\/media\/1152"}],"wp:attachment":[{"href":"https:\/\/omewa.online\/index.php\/wp-json\/wp\/v2\/media?parent=1040"}],"wp:term":[{"taxonomy":"product_brand","embeddable":true,"href":"https:\/\/omewa.online\/index.php\/wp-json\/wp\/v2\/product_brand?post=1040"},{"taxonomy":"product_cat","embeddable":true,"href":"https:\/\/omewa.online\/index.php\/wp-json\/wp\/v2\/product_cat?post=1040"},{"taxonomy":"product_tag","embeddable":true,"href":"https:\/\/omewa.online\/index.php\/wp-json\/wp\/v2\/product_tag?post=1040"}],"curies":[{"name":"wp","href":"https:\/\/api.w.org\/{rel}","templated":true}]}}