{"id":1037,"date":"2025-11-01T18:17:42","date_gmt":"2025-11-01T18:17:42","guid":{"rendered":"https:\/\/omewa.online\/?post_type=product&#038;p=1037"},"modified":"2025-11-26T01:48:35","modified_gmt":"2025-11-26T01:48:35","slug":"moonlight-01-nuoc-hoa-danh-tron-yeu-thuong-cho-phai-dep-50ml","status":"publish","type":"product","link":"https:\/\/omewa.online\/index.php\/product\/moonlight-01-nuoc-hoa-danh-tron-yeu-thuong-cho-phai-dep-50ml\/","title":{"rendered":"Moonlight 01 \u2013 N\u01b0\u1edbc hoa d\u00e0nh tr\u1ecdn y\u00eau th\u01b0\u01a1ng cho ph\u00e1i \u0111\u1eb9p (50ml)"},"content":{"rendered":"<h2 data-start=\"434\" data-end=\"492\">MOONLIGHT 01 \u2013 M\u00f9i h\u01b0\u01a1ng t\u1eeb khu v\u01b0\u1eddn hoa d\u01b0\u1edbi \u00e1nh tr\u0103ng<\/h2>\n<p data-start=\"494\" data-end=\"690\"><strong data-start=\"494\" data-end=\"510\">MOONLIGHT 01<\/strong>\u00a0\u0111\u01b0\u1ee3c l\u1ea5y c\u1ea3m h\u1ee9ng t\u1eeb h\u00ecnh \u1ea3nh m\u1ed9t khu v\u01b0\u1eddn hoa v\u00e0o ban \u0111\u00eam, t\u1ea1o n\u00ean t\u1ed5ng th\u1ec3 h\u01b0\u01a1ng th\u01a1m nh\u1eb9, d\u1ec5 c\u1ea3m nh\u1eadn. S\u1ea3n ph\u1ea9m ph\u00f9 h\u1ee3p \u0111\u1ec3 d\u00f9ng m\u1ed7i ng\u00e0y, mang l\u1ea1i c\u1ea3m gi\u00e1c g\u1ea7n g\u0169i v\u00e0 t\u1ef1 nhi\u00ean.<\/p>\n<hr data-start=\"692\" data-end=\"695\" \/>\n<h3 data-start=\"697\" data-end=\"720\">Ba t\u1ea7ng h\u01b0\u01a1ng ch\u00ednh<\/h3>\n<ul data-start=\"722\" data-end=\"934\">\n<li data-start=\"722\" data-end=\"790\">\n<p data-start=\"724\" data-end=\"790\"><strong data-start=\"724\" data-end=\"738\">H\u01b0\u01a1ng \u0111\u1ea7u:<\/strong>\u00a0Hoa chanh v\u00e0ng, m\u1edf ra l\u1edbp h\u01b0\u01a1ng ban \u0111\u1ea7u t\u01b0\u01a1i m\u00e1t.<\/p>\n<\/li>\n<li data-start=\"791\" data-end=\"857\">\n<p data-start=\"793\" data-end=\"857\"><strong data-start=\"793\" data-end=\"808\">H\u01b0\u01a1ng gi\u1eefa:<\/strong>\u00a0Lan Nam Phi, b\u1ed5 sung th\u00eam s\u1eafc th\u00e1i c\u1ee7a hoa l\u00e1.<\/p>\n<\/li>\n<li data-start=\"858\" data-end=\"934\">\n<p data-start=\"860\" data-end=\"934\"><strong data-start=\"860\" data-end=\"875\">H\u01b0\u01a1ng cu\u1ed1i:<\/strong>\u00a0Hoa h\u1ed3ng Damask, gi\u00fap t\u1ed5ng th\u1ec3 m\u00f9i h\u01b0\u01a1ng tr\u1edf n\u00ean c\u00e2n b\u1eb1ng.<\/p>\n<\/li>\n<\/ul>\n<hr data-start=\"936\" data-end=\"939\" \/>\n<h3 data-start=\"941\" data-end=\"970\">Ai n\u00ean ch\u1ecdn MOONLIGHT 01?<\/h3>\n<ul data-start=\"972\" data-end=\"1137\">\n<li data-start=\"972\" data-end=\"1054\">\n<p data-start=\"974\" data-end=\"1054\">Ph\u00f9 h\u1ee3p cho nh\u1eefng ai mu\u1ed1n t\u00ecm lo\u1ea1i n\u01b0\u1edbc hoa c\u00f3 m\u00f9i hoa nh\u1eb9, thi\u00ean v\u1ec1 t\u1ef1 nhi\u00ean.<\/p>\n<\/li>\n<li data-start=\"1055\" data-end=\"1137\">\n<p data-start=\"1057\" data-end=\"1137\">Th\u00edch h\u1ee3p s\u1eed d\u1ee5ng h\u00e0ng ng\u00e0y, d\u1ec5 k\u1ebft h\u1ee3p v\u1edbi nhi\u1ec1u lo\u1ea1i trang ph\u1ee5c v\u00e0 m\u00f4i tr\u01b0\u1eddng.<\/p>\n<\/li>\n<\/ul>\n<hr data-start=\"1139\" data-end=\"1142\" \/>\n<h3 data-start=\"1144\" data-end=\"1168\">M\u1ed9t s\u1ed1 \u0111\u1eb7c \u0111i\u1ec3m kh\u00e1c<\/h3>\n<ul data-start=\"1170\" data-end=\"1296\">\n<li data-start=\"1170\" data-end=\"1214\">\n<p data-start=\"1172\" data-end=\"1214\">M\u00f9i hoa k\u1ebft h\u1ee3p d\u1ec5 ch\u1ecbu, kh\u00f4ng g\u00e2y n\u1ed3ng.<\/p>\n<\/li>\n<li data-start=\"1215\" data-end=\"1261\">\n<p data-start=\"1217\" data-end=\"1261\">L\u01b0u h\u01b0\u01a1ng \u1ed5n \u0111\u1ecbnh trong th\u1eddi gian ph\u00f9 h\u1ee3p.<\/p>\n<\/li>\n<li data-start=\"1262\" data-end=\"1296\">\n<p data-start=\"1264\" data-end=\"1296\">Chai \u0111\u1ef1ng nh\u1ecf g\u1ecdn, d\u1ec5 mang theo.<br \/>\n<strong>H\u1ed3 s\u01a1 c\u00f4ng b\u1ed1: https:\/\/drive.google.com\/drive\/folders\/1wFkul-Tw5ute9bvcuzWmsnLn3jj2Aktb?usp=drive_link<\/strong><\/p>\n<\/li>\n<\/ul>\n","protected":false},"excerpt":{"rendered":"<ul data-start=\"482\" data-end=\"803\">\n<li data-start=\"482\" data-end=\"586\">\n<p data-start=\"484\" data-end=\"586\"><strong data-start=\"484\" data-end=\"498\">H\u01b0\u01a1ng \u0111\u1ea7u:<\/strong>\u00a0Hoa chanh v\u00e0ng t\u01b0\u01a1i s\u00e1ng, m\u1edf \u0111\u1ea7u \u0111\u1ea7y n\u0103ng l\u01b0\u1ee3ng, t\u1ea1o c\u1ea3m gi\u00e1c d\u1ec5 ch\u1ecbu ngay khi v\u1eeba x\u1ecbt.<\/p>\n<\/li>\n<li data-start=\"587\" data-end=\"691\">\n<p data-start=\"589\" data-end=\"691\"><strong data-start=\"589\" data-end=\"604\">H\u01b0\u01a1ng gi\u1eefa:<\/strong>\u00a0Lan Nam Phi m\u1ec1m m\u1ea1i, mang l\u1ea1i chi\u1ec1u s\u00e2u, g\u00f3p ph\u1ea7n l\u00e0m n\u1ed5i b\u1eadt n\u00e9t nh\u1eb9 nh\u00e0ng, t\u01b0\u01a1i m\u1edbi.<\/p>\n<\/li>\n<li data-start=\"692\" data-end=\"803\">\n<p data-start=\"694\" data-end=\"803\"><strong data-start=\"694\" data-end=\"709\">H\u01b0\u01a1ng cu\u1ed1i:<\/strong>\u00a0Hoa h\u1ed3ng Damask d\u1ecbu d\u00e0ng, gi\u00fap m\u00f9i h\u01b0\u01a1ng l\u01b0u l\u1ea1i l\u00e2u h\u01a1n tr\u00ean da v\u1edbi s\u1ef1 nh\u1eb9 nh\u00e0ng, tho\u1ea3i m\u00e1i.<\/p>\n<\/li>\n<\/ul>\n","protected":false},"featured_media":1127,"comment_status":"open","ping_status":"closed","template":"","meta":{"site-sidebar-layout":"default","site-content-layout":"","ast-site-content-layout":"default","site-content-style":"default","site-sidebar-style":"default","ast-global-header-display":"","ast-banner-title-visibility":"","ast-main-header-display":"","ast-hfb-above-header-display":"","ast-hfb-below-header-display":"","ast-hfb-mobile-header-display":"","site-post-title":"","ast-breadcrumbs-content":"","ast-featured-img":"","footer-sml-layout":"","theme-transparent-header-meta":"","adv-header-id-meta":"","stick-header-meta":"","header-above-stick-meta":"","header-main-stick-meta":"","header-below-stick-meta":"","astra-migrate-meta-layouts":"default","ast-page-background-enabled":"default","ast-page-background-meta":{"desktop":{"background-color":"var(--ast-global-color-5)","background-image":"","background-repeat":"repeat","background-position":"center center","background-size":"auto","background-attachment":"scroll","background-type":"","background-media":"","overlay-type":"","overlay-color":"","overlay-opacity":"","overlay-gradient":""},"tablet":{"background-color":"","background-image":"","background-repeat":"repeat","background-position":"center center","background-size":"auto","background-attachment":"scroll","background-type":"","background-media":"","overlay-type":"","overlay-color":"","overlay-opacity":"","overlay-gradient":""},"mobile":{"background-color":"","background-image":"","background-repeat":"repeat","background-position":"center center","background-size":"auto","background-attachment":"scroll","background-type":"","background-media":"","overlay-type":"","overlay-color":"","overlay-opacity":"","overlay-gradient":""}},"ast-content-background-meta":{"desktop":{"background-color":"var(--ast-global-color-4)","background-image":"","background-repeat":"repeat","background-position":"center center","background-size":"auto","background-attachment":"scroll","background-type":"","background-media":"","overlay-type":"","overlay-color":"","overlay-opacity":"","overlay-gradient":""},"tablet":{"background-color":"var(--ast-global-color-4)","background-image":"","background-repeat":"repeat","background-position":"center center","background-size":"auto","background-attachment":"scroll","background-type":"","background-media":"","overlay-type":"","overlay-color":"","overlay-opacity":"","overlay-gradient":""},"mobile":{"background-color":"var(--ast-global-color-4)","background-image":"","background-repeat":"repeat","background-position":"center center","background-size":"auto","background-attachment":"scroll","background-type":"","background-media":"","overlay-type":"","overlay-color":"","overlay-opacity":"","overlay-gradient":""}}},"product_brand":[117],"product_cat":[17,115,295,116,291],"product_tag":[],"class_list":{"0":"post-1037","1":"product","2":"type-product","3":"status-publish","4":"has-post-thumbnail","6":"product_brand-prikedom","7":"product_cat-my-pham","8":"product_cat-nuoc-hoa","9":"product_cat-nuoc-hoa-sac-dep","10":"product_cat-prikedom","11":"product_cat-sac-dep","12":"desktop-align-left","13":"tablet-align-left","14":"mobile-align-left","16":"first","17":"instock","18":"sale","19":"taxable","20":"shipping-taxable","21":"purchasable","22":"product-type-simple"},"_links":{"self":[{"href":"https:\/\/omewa.online\/index.php\/wp-json\/wp\/v2\/product\/1037","targetHints":{"allow":["GET"]}}],"collection":[{"href":"https:\/\/omewa.online\/index.php\/wp-json\/wp\/v2\/product"}],"about":[{"href":"https:\/\/omewa.online\/index.php\/wp-json\/wp\/v2\/types\/product"}],"replies":[{"embeddable":true,"href":"https:\/\/omewa.online\/index.php\/wp-json\/wp\/v2\/comments?post=1037"}],"wp:featuredmedia":[{"embeddable":true,"href":"https:\/\/omewa.online\/index.php\/wp-json\/wp\/v2\/media\/1127"}],"wp:attachment":[{"href":"https:\/\/omewa.online\/index.php\/wp-json\/wp\/v2\/media?parent=1037"}],"wp:term":[{"taxonomy":"product_brand","embeddable":true,"href":"https:\/\/omewa.online\/index.php\/wp-json\/wp\/v2\/product_brand?post=1037"},{"taxonomy":"product_cat","embeddable":true,"href":"https:\/\/omewa.online\/index.php\/wp-json\/wp\/v2\/product_cat?post=1037"},{"taxonomy":"product_tag","embeddable":true,"href":"https:\/\/omewa.online\/index.php\/wp-json\/wp\/v2\/product_tag?post=1037"}],"curies":[{"name":"wp","href":"https:\/\/api.w.org\/{rel}","templated":true}]}}