{"id":1036,"date":"2025-11-01T18:17:42","date_gmt":"2025-11-01T18:17:42","guid":{"rendered":"https:\/\/omewa.online\/?post_type=product&#038;p=1036"},"modified":"2025-11-26T01:48:35","modified_gmt":"2025-11-26T01:48:35","slug":"moonlight-25-huong-thom-tuoi-moi-phong-khoang-cho-phong-cach-tu-do-10ml","status":"publish","type":"product","link":"https:\/\/omewa.online\/index.php\/product\/moonlight-25-huong-thom-tuoi-moi-phong-khoang-cho-phong-cach-tu-do-10ml\/","title":{"rendered":"Moonlight 25 \u2013 H\u01b0\u01a1ng th\u01a1m t\u01b0\u01a1i m\u1edbi, ph\u00f3ng kho\u00e1ng cho phong c\u00e1ch t\u1ef1 do (10ml)"},"content":{"rendered":"<h2 data-start=\"1972\" data-end=\"2051\">Moonlight 25 \u2013 H\u01b0\u01a1ng th\u01a1m t\u01b0\u01a1i m\u1edbi, ph\u00f3ng kho\u00e1ng cho phong c\u00e1ch t\u1ef1 do (50ml)<\/h2>\n<p data-start=\"2053\" data-end=\"2316\"><strong data-start=\"2053\" data-end=\"2069\">Moonlight 25<\/strong>\u00a0mang \u0111\u1ebfn tr\u1ea3i nghi\u1ec7m h\u01b0\u01a1ng th\u01a1m m\u1edbi l\u1ea1, t\u01b0\u01a1i m\u00e1t, th\u00edch h\u1ee3p cho nh\u1eefng ai y\u00eau phong c\u00e1ch hi\u1ec7n \u0111\u1ea1i, n\u0103ng \u0111\u1ed9ng v\u00e0 t\u1ef1 do. V\u1edbi s\u1ef1 k\u1ebft h\u1ee3p tinh t\u1ebf gi\u1eefa h\u01b0\u01a1ng cam qu\u00fdt, hoa c\u1ecf v\u00e0 g\u1ed7, \u0111\u00e2y l\u00e0 l\u1ef1a ch\u1ecdn ho\u00e0n h\u1ea3o \u0111\u1ec3 kh\u1edfi \u0111\u1ea7u m\u1ed9t ng\u00e0y m\u1edbi tr\u00e0n \u0111\u1ea7y n\u0103ng l\u01b0\u1ee3ng.<\/p>\n<h3 data-start=\"2318\" data-end=\"2341\">\ud83c\udf3f H\u01b0\u01a1ng \u0111\u1eb7c tr\u01b0ng:<\/h3>\n<ul data-start=\"2342\" data-end=\"2566\">\n<li data-start=\"2342\" data-end=\"2413\">\n<p data-start=\"2344\" data-end=\"2413\"><strong data-start=\"2344\" data-end=\"2358\">H\u01b0\u01a1ng \u0111\u1ea7u:<\/strong>\u00a0Cam qu\u00fdt v\u00e0 tr\u00e1i c\u00e2y t\u1ea1o c\u1ea3m gi\u00e1c s\u1ea3ng kho\u00e1i, d\u1ec5 ch\u1ecbu.<\/p>\n<\/li>\n<li data-start=\"2414\" data-end=\"2485\">\n<p data-start=\"2416\" data-end=\"2485\"><strong data-start=\"2416\" data-end=\"2431\">H\u01b0\u01a1ng gi\u1eefa:<\/strong>\u00a0Hoa c\u1ecf v\u00e0 h\u01b0\u01a1ng bi\u1ec3n nh\u1eb9 nh\u00e0ng, mang l\u1ea1i s\u1ef1 th\u01b0 th\u00e1i.<\/p>\n<\/li>\n<li data-start=\"2486\" data-end=\"2566\">\n<p data-start=\"2488\" data-end=\"2566\"><strong data-start=\"2488\" data-end=\"2503\">H\u01b0\u01a1ng cu\u1ed1i:<\/strong>\u00a0G\u1ed7 v\u00e0 x\u1ea1 h\u01b0\u01a1ng l\u01b0u h\u01b0\u01a1ng t\u1ef1 nhi\u00ean, \u0111\u1ec3 l\u1ea1i \u1ea5n t\u01b0\u1ee3ng thanh l\u1ecbch.<\/p>\n<\/li>\n<\/ul>\n<h3 data-start=\"2568\" data-end=\"2588\">\ud83d\udcab \u0110i\u1ec3m n\u1ed5i b\u1eadt:<\/h3>\n<ul data-start=\"2589\" data-end=\"2753\">\n<li data-start=\"2589\" data-end=\"2659\">\n<p data-start=\"2591\" data-end=\"2659\">H\u01b0\u01a1ng th\u01a1m d\u1ec5 ch\u1ecbu, th\u00edch h\u1ee3p d\u00f9ng h\u00e0ng ng\u00e0y ho\u1eb7c khi g\u1eb7p g\u1ee1 b\u1ea1n b\u00e8.<\/p>\n<\/li>\n<li data-start=\"2660\" data-end=\"2698\">\n<p data-start=\"2662\" data-end=\"2698\">Thi\u1ebft k\u1ebf chai nh\u1ecf g\u1ecdn, d\u1ec5 mang theo.<\/p>\n<\/li>\n<li data-start=\"2699\" data-end=\"2753\">\n<p data-start=\"2701\" data-end=\"2753\">\u0110\u1ed9 l\u01b0u h\u01b0\u01a1ng l\u00e2u, \u0111\u1ed3ng h\u00e0nh c\u00f9ng b\u1ea1n su\u1ed1t nhi\u1ec1u gi\u1edd.<\/p>\n<\/li>\n<\/ul>\n<hr data-start=\"2755\" data-end=\"2758\" \/>\n<p data-start=\"2760\" data-end=\"2897\">\u2705\u00a0<strong data-start=\"2762\" data-end=\"2825\">Moonlight 25 \u0111\u00e3 \u0111\u01b0\u1ee3c c\u00f4ng b\u1ed1 theo quy \u0111\u1ecbnh qu\u1ea3n l\u00fd m\u1ef9 ph\u1ea9m.<\/strong><br data-start=\"2825\" data-end=\"2828\" \/><strong data-start=\"2828\" data-end=\"2897\">#Moonlight25 #N\u01b0\u1edbcHoa #H\u01b0\u01a1ngTh\u01a1m #PhongC\u00e1chN\u0103ng\u0110\u1ed9ng #TinhTh\u1ea7nT\u1ef1Do<\/strong><\/p>\n<hr data-start=\"1575\" data-end=\"1578\" \/>\n<p data-start=\"1558\" data-end=\"1671\">\ud83d\udc49\u00a0<a class=\"\" href=\"https:\/\/drive.google.com\/drive\/folders\/1wFkul-Tw5ute9bvcuzWmsnLn3jj2Aktb?usp=drive_link\" target=\"_new\" rel=\"noopener\" data-start=\"1561\" data-end=\"1669\">Xem h\u1ed3 s\u01a1 c\u00f4ng b\u1ed1<\/a><\/p>\n","protected":false},"excerpt":{"rendered":"<h3 data-start=\"2318\" data-end=\"2341\">H\u01b0\u01a1ng \u0111\u1eb7c tr\u01b0ng:<\/h3>\n<ul data-start=\"2342\" data-end=\"2566\">\n<li data-start=\"2342\" data-end=\"2413\">\n<p data-start=\"2344\" data-end=\"2413\"><strong data-start=\"2344\" data-end=\"2358\">H\u01b0\u01a1ng \u0111\u1ea7u:<\/strong>\u00a0Cam qu\u00fdt v\u00e0 tr\u00e1i c\u00e2y t\u1ea1o c\u1ea3m gi\u00e1c s\u1ea3ng kho\u00e1i, d\u1ec5 ch\u1ecbu.<\/p>\n<\/li>\n<li data-start=\"2414\" data-end=\"2485\">\n<p data-start=\"2416\" data-end=\"2485\"><strong data-start=\"2416\" data-end=\"2431\">H\u01b0\u01a1ng gi\u1eefa:<\/strong>\u00a0Hoa c\u1ecf v\u00e0 h\u01b0\u01a1ng bi\u1ec3n nh\u1eb9 nh\u00e0ng, mang l\u1ea1i s\u1ef1 th\u01b0 th\u00e1i.<\/p>\n<\/li>\n<li data-start=\"2486\" data-end=\"2566\">\n<p data-start=\"2488\" data-end=\"2566\"><strong data-start=\"2488\" data-end=\"2503\">H\u01b0\u01a1ng cu\u1ed1i:<\/strong>\u00a0G\u1ed7 v\u00e0 x\u1ea1 h\u01b0\u01a1ng l\u01b0u h\u01b0\u01a1ng t\u1ef1 nhi\u00ean, \u0111\u1ec3 l\u1ea1i \u1ea5n t\u01b0\u1ee3ng thanh l\u1ecbch.<\/p>\n<\/li>\n<\/ul>\n","protected":false},"featured_media":1125,"comment_status":"open","ping_status":"closed","template":"","meta":{"site-sidebar-layout":"default","site-content-layout":"","ast-site-content-layout":"default","site-content-style":"default","site-sidebar-style":"default","ast-global-header-display":"","ast-banner-title-visibility":"","ast-main-header-display":"","ast-hfb-above-header-display":"","ast-hfb-below-header-display":"","ast-hfb-mobile-header-display":"","site-post-title":"","ast-breadcrumbs-content":"","ast-featured-img":"","footer-sml-layout":"","theme-transparent-header-meta":"","adv-header-id-meta":"","stick-header-meta":"","header-above-stick-meta":"","header-main-stick-meta":"","header-below-stick-meta":"","astra-migrate-meta-layouts":"default","ast-page-background-enabled":"default","ast-page-background-meta":{"desktop":{"background-color":"var(--ast-global-color-5)","background-image":"","background-repeat":"repeat","background-position":"center center","background-size":"auto","background-attachment":"scroll","background-type":"","background-media":"","overlay-type":"","overlay-color":"","overlay-opacity":"","overlay-gradient":""},"tablet":{"background-color":"","background-image":"","background-repeat":"repeat","background-position":"center center","background-size":"auto","background-attachment":"scroll","background-type":"","background-media":"","overlay-type":"","overlay-color":"","overlay-opacity":"","overlay-gradient":""},"mobile":{"background-color":"","background-image":"","background-repeat":"repeat","background-position":"center center","background-size":"auto","background-attachment":"scroll","background-type":"","background-media":"","overlay-type":"","overlay-color":"","overlay-opacity":"","overlay-gradient":""}},"ast-content-background-meta":{"desktop":{"background-color":"var(--ast-global-color-4)","background-image":"","background-repeat":"repeat","background-position":"center center","background-size":"auto","background-attachment":"scroll","background-type":"","background-media":"","overlay-type":"","overlay-color":"","overlay-opacity":"","overlay-gradient":""},"tablet":{"background-color":"var(--ast-global-color-4)","background-image":"","background-repeat":"repeat","background-position":"center center","background-size":"auto","background-attachment":"scroll","background-type":"","background-media":"","overlay-type":"","overlay-color":"","overlay-opacity":"","overlay-gradient":""},"mobile":{"background-color":"var(--ast-global-color-4)","background-image":"","background-repeat":"repeat","background-position":"center center","background-size":"auto","background-attachment":"scroll","background-type":"","background-media":"","overlay-type":"","overlay-color":"","overlay-opacity":"","overlay-gradient":""}}},"product_brand":[117],"product_cat":[17,115,295,116,291],"product_tag":[],"class_list":{"0":"post-1036","1":"product","2":"type-product","3":"status-publish","4":"has-post-thumbnail","6":"product_brand-prikedom","7":"product_cat-my-pham","8":"product_cat-nuoc-hoa","9":"product_cat-nuoc-hoa-sac-dep","10":"product_cat-prikedom","11":"product_cat-sac-dep","12":"desktop-align-left","13":"tablet-align-left","14":"mobile-align-left","16":"first","17":"instock","18":"sale","19":"taxable","20":"shipping-taxable","21":"purchasable","22":"product-type-simple"},"_links":{"self":[{"href":"https:\/\/omewa.online\/index.php\/wp-json\/wp\/v2\/product\/1036","targetHints":{"allow":["GET"]}}],"collection":[{"href":"https:\/\/omewa.online\/index.php\/wp-json\/wp\/v2\/product"}],"about":[{"href":"https:\/\/omewa.online\/index.php\/wp-json\/wp\/v2\/types\/product"}],"replies":[{"embeddable":true,"href":"https:\/\/omewa.online\/index.php\/wp-json\/wp\/v2\/comments?post=1036"}],"wp:featuredmedia":[{"embeddable":true,"href":"https:\/\/omewa.online\/index.php\/wp-json\/wp\/v2\/media\/1125"}],"wp:attachment":[{"href":"https:\/\/omewa.online\/index.php\/wp-json\/wp\/v2\/media?parent=1036"}],"wp:term":[{"taxonomy":"product_brand","embeddable":true,"href":"https:\/\/omewa.online\/index.php\/wp-json\/wp\/v2\/product_brand?post=1036"},{"taxonomy":"product_cat","embeddable":true,"href":"https:\/\/omewa.online\/index.php\/wp-json\/wp\/v2\/product_cat?post=1036"},{"taxonomy":"product_tag","embeddable":true,"href":"https:\/\/omewa.online\/index.php\/wp-json\/wp\/v2\/product_tag?post=1036"}],"curies":[{"name":"wp","href":"https:\/\/api.w.org\/{rel}","templated":true}]}}