{"id":1034,"date":"2025-11-01T18:17:42","date_gmt":"2025-11-01T18:17:42","guid":{"rendered":"https:\/\/omewa.online\/?post_type=product&#038;p=1034"},"modified":"2025-11-26T01:48:35","modified_gmt":"2025-11-26T01:48:35","slug":"moonlight-16-huong-thom-ngot-ngao-kieu-sa-ton-vinh-net-dep-nu-tinh-10ml","status":"publish","type":"product","link":"https:\/\/omewa.online\/index.php\/product\/moonlight-16-huong-thom-ngot-ngao-kieu-sa-ton-vinh-net-dep-nu-tinh-10ml\/","title":{"rendered":"Moonlight 16 \u2013 H\u01b0\u01a1ng th\u01a1m ng\u1ecdt ng\u00e0o, ki\u00eau sa t\u00f4n vinh n\u00e9t \u0111\u1eb9p n\u1eef t\u00ednh (10ml)"},"content":{"rendered":"<ul data-start=\"893\" data-end=\"1027\">\n<li class=\"\" data-start=\"960\" data-end=\"1027\">\n<p style=\"text-align: left;\" data-start=\"275\" data-end=\"536\"><strong data-start=\"275\" data-end=\"291\">Moonlight 16<\/strong>\u00a0l\u00e0 d\u00f2ng n\u01b0\u1edbc hoa cao c\u1ea5p d\u00e0nh ri\u00eang cho ph\u00e1i \u0111\u1eb9p, mang phong c\u00e1ch tinh t\u1ebf, sang tr\u1ecdng v\u00e0 \u0111\u1ea7y cu\u1ed1n h\u00fat. V\u1edbi t\u00f4ng h\u01b0\u01a1ng ng\u1ecdt ng\u00e0o, quy\u1ebfn r\u0169, Moonlight 16 gi\u00fap b\u1ea1n t\u1ef1 tin kh\u1eb3ng \u0111\u1ecbnh phong th\u00e1i ki\u00eau sa, \u0111\u1ec3 l\u1ea1i d\u1ea5u \u1ea5n kh\u00f3 phai trong m\u1ecdi kho\u1ea3nh kh\u1eafc.<\/p>\n<h3 style=\"text-align: left;\" data-start=\"538\" data-end=\"562\">\ud83c\udf38 M\u00f9i h\u01b0\u01a1ng n\u1ed5i b\u1eadt<\/h3>\n<ul style=\"text-align: left;\" data-start=\"563\" data-end=\"821\">\n<li data-start=\"563\" data-end=\"643\">\n<p data-start=\"565\" data-end=\"643\"><strong data-start=\"565\" data-end=\"578\">T\u1ea7ng \u0111\u1ea7u:<\/strong>\u00a0Cam bergamot t\u01b0\u01a1i m\u1edbi mang \u0111\u1ebfn c\u1ea3m gi\u00e1c s\u1ea3ng kho\u00e1i, nh\u1eb9 nh\u00e0ng.<\/p>\n<\/li>\n<li data-start=\"644\" data-end=\"718\">\n<p data-start=\"646\" data-end=\"718\"><strong data-start=\"646\" data-end=\"660\">T\u1ea7ng gi\u1eefa:<\/strong>\u00a0Hoa o\u1ea3i h\u01b0\u01a1ng d\u1ecbu d\u00e0ng g\u1ee3i l\u00ean n\u00e9t thanh l\u1ecbch, n\u1eef t\u00ednh.<\/p>\n<\/li>\n<li data-start=\"719\" data-end=\"821\">\n<p data-start=\"721\" data-end=\"821\"><strong data-start=\"721\" data-end=\"735\">T\u1ea7ng cu\u1ed1i:<\/strong>\u00a0X\u1ea1 h\u01b0\u01a1ng v\u00e0 h\u1ed5 ph\u00e1ch \u1ea5m \u00e1p, t\u1ea1o chi\u1ec1u s\u00e2u, l\u01b0u l\u1ea1i h\u01b0\u01a1ng th\u01a1m m\u1ec1m m\u1ea1i m\u00e0 \u0111\u1ea7y m\u00ea ho\u1eb7c.<\/p>\n<\/li>\n<\/ul>\n<p style=\"text-align: left;\" data-start=\"823\" data-end=\"996\">S\u1ef1 h\u00f2a quy\u1ec7n kh\u00e9o l\u00e9o gi\u1eefa c\u00e1c n\u1ed1t h\u01b0\u01a1ng \u0111em l\u1ea1i t\u1ed5ng th\u1ec3 m\u00f9i h\u01b0\u01a1ng v\u1eeba ng\u1ecdt ng\u00e0o, v\u1eeba sang tr\u1ecdng, ph\u00f9 h\u1ee3p v\u1edbi h\u00ecnh \u1ea3nh ng\u01b0\u1eddi ph\u1ee5 n\u1eef hi\u1ec7n \u0111\u1ea1i, t\u1ef1 tin v\u00e0 c\u00f3 phong c\u00e1ch ri\u00eang.<\/p>\n<h3 style=\"text-align: left;\" data-start=\"998\" data-end=\"1022\">\u2728 Th\u00f4ng tin s\u1ea3n ph\u1ea9m<\/h3>\n<ul style=\"text-align: left;\" data-start=\"1023\" data-end=\"1229\">\n<li data-start=\"1023\" data-end=\"1046\">\n<p data-start=\"1025\" data-end=\"1046\"><strong data-start=\"1025\" data-end=\"1039\">Dung t\u00edch:<\/strong>\u00a050ml<\/p>\n<\/li>\n<li data-start=\"1047\" data-end=\"1117\">\n<p data-start=\"1049\" data-end=\"1117\"><strong data-start=\"1049\" data-end=\"1066\">\u0110\u1ed9 l\u01b0u h\u01b0\u01a1ng:<\/strong>\u00a08 \u2013 12 gi\u1edd, gi\u00fap b\u1ea1n lu\u00f4n n\u1ed5i b\u1eadt su\u1ed1t ng\u00e0y d\u00e0i.<\/p>\n<\/li>\n<li data-start=\"1118\" data-end=\"1229\">\n<p data-start=\"1120\" data-end=\"1229\"><strong data-start=\"1120\" data-end=\"1137\">\u0110\u1ed9 t\u1ecfa h\u01b0\u01a1ng:<\/strong>\u00a0V\u1eeba ph\u1ea3i, l\u00fd t\u01b0\u1edfng cho c\u1ea3 kh\u00f4ng gian l\u00e0m vi\u1ec7c, g\u1eb7p g\u1ee1 \u0111\u1ed1i t\u00e1c hay nh\u1eefng bu\u1ed5i ti\u1ec7c l\u00e3ng m\u1ea1n.<\/p>\n<\/li>\n<\/ul>\n<h3 style=\"text-align: left;\" data-start=\"1231\" data-end=\"1250\">\ud83d\udc96 D\u00e0nh cho ai?<\/h3>\n<ul style=\"text-align: left;\" data-start=\"1251\" data-end=\"1407\">\n<li data-start=\"1251\" data-end=\"1346\">\n<p data-start=\"1253\" data-end=\"1346\">Ph\u1ee5 n\u1eef y\u00eau th\u00edch s\u1ef1 m\u1ec1m m\u1ea1i, tinh t\u1ebf nh\u01b0ng v\u1eabn mong mu\u1ed1n th\u1ec3 hi\u1ec7n n\u00e9t sang tr\u1ecdng, cu\u1ed1n h\u00fat.<\/p>\n<\/li>\n<li data-start=\"1347\" data-end=\"1407\">\n<p data-start=\"1349\" data-end=\"1407\">Ho\u00e0n h\u1ea3o cho c\u1ea3 ban ng\u00e0y v\u00e0 bu\u1ed5i t\u1ed1i, d\u00f9ng \u0111\u01b0\u1ee3c quanh n\u0103m.<\/p>\n<\/li>\n<\/ul>\n<h3 style=\"text-align: left;\" data-start=\"1409\" data-end=\"1443\">\ud83c\udfaf L\u00fd do n\u00ean ch\u1ecdn Moonlight 16<\/h3>\n<p style=\"text-align: left;\" data-start=\"1444\" data-end=\"1599\">\u2705 H\u01b0\u01a1ng th\u01a1m cao c\u1ea5p, t\u00f4n l\u00ean n\u00e9t ki\u00eau sa v\u00e0 qu\u00fd ph\u00e1i<br data-start=\"1497\" data-end=\"1500\" \/>\u2705 \u0110\u1ed9 l\u01b0u h\u01b0\u01a1ng l\u00e2u, ti\u1ebft ki\u1ec7m khi s\u1eed d\u1ee5ng<br data-start=\"1541\" data-end=\"1544\" \/>\u2705 Ph\u00f9 h\u1ee3p v\u1edbi nhi\u1ec1u phong c\u00e1ch t\u1eeb c\u00f4ng s\u1edf \u0111\u1ebfn d\u1ea1 ti\u1ec7c<\/p>\n<p style=\"text-align: left;\" data-start=\"1601\" data-end=\"1723\">\ud83d\udc49\u00a0<a class=\"\" href=\"https:\/\/drive.google.com\/drive\/folders\/1wFkul-Tw5ute9bvcuzWmsnLn3jj2Aktb?usp=drive_link\" target=\"_new\" rel=\"noopener\" data-start=\"1604\" data-end=\"1723\">Xem h\u1ed3 s\u01a1 c\u00f4ng b\u1ed1 ch\u1ea5t l\u01b0\u1ee3ng<\/a><\/p>\n<hr data-start=\"1725\" data-end=\"1728\" \/>\n<p style=\"text-align: left;\" data-start=\"1754\" data-end=\"1919\"><strong data-start=\"1754\" data-end=\"1919\">#Moonlight16 #NuocHoaMoonlight16 #NuocHoaNu #HuongThomSangTrong #NuocHoaQuyenR\u0169 #NuocHoaLuHuongLau #NuocHoaPhaiDep #HuongNgotNgao #NuocHoaCaoCap #PhongCachKieuSa<\/strong><\/p>\n<\/li>\n<\/ul>\n","protected":false},"excerpt":{"rendered":"<ul data-start=\"563\" data-end=\"821\">\n<li data-start=\"563\" data-end=\"643\">\n<p data-start=\"565\" data-end=\"643\"><strong data-start=\"565\" data-end=\"578\">T\u1ea7ng \u0111\u1ea7u:<\/strong>\u00a0Cam bergamot t\u01b0\u01a1i m\u1edbi mang \u0111\u1ebfn c\u1ea3m gi\u00e1c s\u1ea3ng kho\u00e1i, nh\u1eb9 nh\u00e0ng.<\/p>\n<\/li>\n<li data-start=\"644\" data-end=\"718\">\n<p data-start=\"646\" data-end=\"718\"><strong data-start=\"646\" data-end=\"660\">T\u1ea7ng gi\u1eefa:<\/strong>\u00a0Hoa o\u1ea3i h\u01b0\u01a1ng d\u1ecbu d\u00e0ng g\u1ee3i l\u00ean n\u00e9t thanh l\u1ecbch, n\u1eef t\u00ednh.<\/p>\n<\/li>\n<li data-start=\"719\" data-end=\"821\">\n<p data-start=\"721\" data-end=\"821\"><strong data-start=\"721\" data-end=\"735\">T\u1ea7ng cu\u1ed1i:<\/strong>\u00a0X\u1ea1 h\u01b0\u01a1ng v\u00e0 h\u1ed5 ph\u00e1ch \u1ea5m \u00e1p, t\u1ea1o chi\u1ec1u s\u00e2u, l\u01b0u l\u1ea1i h\u01b0\u01a1ng th\u01a1m m\u1ec1m m\u1ea1i m\u00e0 \u0111\u1ea7y m\u00ea ho\u1eb7c.<\/p>\n<\/li>\n<\/ul>\n","protected":false},"featured_media":1118,"comment_status":"open","ping_status":"closed","template":"","meta":{"site-sidebar-layout":"default","site-content-layout":"","ast-site-content-layout":"default","site-content-style":"default","site-sidebar-style":"default","ast-global-header-display":"","ast-banner-title-visibility":"","ast-main-header-display":"","ast-hfb-above-header-display":"","ast-hfb-below-header-display":"","ast-hfb-mobile-header-display":"","site-post-title":"","ast-breadcrumbs-content":"","ast-featured-img":"","footer-sml-layout":"","theme-transparent-header-meta":"","adv-header-id-meta":"","stick-header-meta":"","header-above-stick-meta":"","header-main-stick-meta":"","header-below-stick-meta":"","astra-migrate-meta-layouts":"default","ast-page-background-enabled":"default","ast-page-background-meta":{"desktop":{"background-color":"var(--ast-global-color-5)","background-image":"","background-repeat":"repeat","background-position":"center center","background-size":"auto","background-attachment":"scroll","background-type":"","background-media":"","overlay-type":"","overlay-color":"","overlay-opacity":"","overlay-gradient":""},"tablet":{"background-color":"","background-image":"","background-repeat":"repeat","background-position":"center center","background-size":"auto","background-attachment":"scroll","background-type":"","background-media":"","overlay-type":"","overlay-color":"","overlay-opacity":"","overlay-gradient":""},"mobile":{"background-color":"","background-image":"","background-repeat":"repeat","background-position":"center center","background-size":"auto","background-attachment":"scroll","background-type":"","background-media":"","overlay-type":"","overlay-color":"","overlay-opacity":"","overlay-gradient":""}},"ast-content-background-meta":{"desktop":{"background-color":"var(--ast-global-color-4)","background-image":"","background-repeat":"repeat","background-position":"center center","background-size":"auto","background-attachment":"scroll","background-type":"","background-media":"","overlay-type":"","overlay-color":"","overlay-opacity":"","overlay-gradient":""},"tablet":{"background-color":"var(--ast-global-color-4)","background-image":"","background-repeat":"repeat","background-position":"center center","background-size":"auto","background-attachment":"scroll","background-type":"","background-media":"","overlay-type":"","overlay-color":"","overlay-opacity":"","overlay-gradient":""},"mobile":{"background-color":"var(--ast-global-color-4)","background-image":"","background-repeat":"repeat","background-position":"center center","background-size":"auto","background-attachment":"scroll","background-type":"","background-media":"","overlay-type":"","overlay-color":"","overlay-opacity":"","overlay-gradient":""}}},"product_brand":[117],"product_cat":[17,115,295,116,291],"product_tag":[],"class_list":{"0":"post-1034","1":"product","2":"type-product","3":"status-publish","4":"has-post-thumbnail","6":"product_brand-prikedom","7":"product_cat-my-pham","8":"product_cat-nuoc-hoa","9":"product_cat-nuoc-hoa-sac-dep","10":"product_cat-prikedom","11":"product_cat-sac-dep","12":"desktop-align-left","13":"tablet-align-left","14":"mobile-align-left","16":"first","17":"instock","18":"sale","19":"taxable","20":"shipping-taxable","21":"purchasable","22":"product-type-simple"},"_links":{"self":[{"href":"https:\/\/omewa.online\/index.php\/wp-json\/wp\/v2\/product\/1034","targetHints":{"allow":["GET"]}}],"collection":[{"href":"https:\/\/omewa.online\/index.php\/wp-json\/wp\/v2\/product"}],"about":[{"href":"https:\/\/omewa.online\/index.php\/wp-json\/wp\/v2\/types\/product"}],"replies":[{"embeddable":true,"href":"https:\/\/omewa.online\/index.php\/wp-json\/wp\/v2\/comments?post=1034"}],"wp:featuredmedia":[{"embeddable":true,"href":"https:\/\/omewa.online\/index.php\/wp-json\/wp\/v2\/media\/1118"}],"wp:attachment":[{"href":"https:\/\/omewa.online\/index.php\/wp-json\/wp\/v2\/media?parent=1034"}],"wp:term":[{"taxonomy":"product_brand","embeddable":true,"href":"https:\/\/omewa.online\/index.php\/wp-json\/wp\/v2\/product_brand?post=1034"},{"taxonomy":"product_cat","embeddable":true,"href":"https:\/\/omewa.online\/index.php\/wp-json\/wp\/v2\/product_cat?post=1034"},{"taxonomy":"product_tag","embeddable":true,"href":"https:\/\/omewa.online\/index.php\/wp-json\/wp\/v2\/product_tag?post=1034"}],"curies":[{"name":"wp","href":"https:\/\/api.w.org\/{rel}","templated":true}]}}