{"id":1032,"date":"2025-11-01T18:17:42","date_gmt":"2025-11-01T18:17:42","guid":{"rendered":"https:\/\/omewa.online\/?post_type=product&#038;p=1032"},"modified":"2025-12-13T03:50:34","modified_gmt":"2025-12-13T03:50:34","slug":"sua-chay-boi-bo-suc-khoe-cho-nguoi-an-chay-va-nguoi-binh-thuong-800g","status":"publish","type":"product","link":"https:\/\/omewa.online\/index.php\/product\/sua-chay-boi-bo-suc-khoe-cho-nguoi-an-chay-va-nguoi-binh-thuong-800g\/","title":{"rendered":"S\u1eefa Chay. B\u1ed3i b\u1ed5 s\u1ee9c kho\u1ebb cho ng\u01b0\u1eddi \u0103n chay v\u00e0 ng\u01b0\u1eddi b\u00ecnh th\u01b0\u1eddng 800g"},"content":{"rendered":"<h3><strong>S\u1eefa Chay 800g &#8211; B\u1ed3i b\u1ed5 s\u1ee9c kho\u1ebb cho ng\u01b0\u1eddi \u0103n chay v\u00e0 ng\u01b0\u1eddi b\u00ecnh th\u01b0\u1eddng.<\/strong><\/h3>\n<p><strong><em>TH\u00c0NH PH\u1ea6N:\u00a0<\/em><\/strong><\/p>\n<p>\u2013 Y\u1ebfn m\u1ea1ch, h\u1ea1t chia, h\u1ea1t \u00f3c ch\u00f3, h\u1ea1t macca, h\u1ea1t sachi, \u0111\u1eadu h\u00e0 lan, ng\u00f4, g\u1ea1o l\u1ee9t n\u1ea3y m\u1ea7m, h\u1ea1nh nh\u00e2n, h\u1ea1t l\u1ea1c, h\u1ea1t b\u00ed, tinh d\u1ea7u c\u1ecd \u0111\u01b0\u1eddng c\u1ecf ng\u1ecdt, \u0111\u1eadu \u0111en.<\/p>\n<p><em><strong>C\u00d4NG D\u1ee4NG:<\/strong><\/em><\/p>\n<p>\u2013 B\u1eefa \u0103n dinh d\u01b0\u1ee1ng b\u1ed3i b\u1ed5 s\u1ee9c kho\u1ebb, cung c\u1ea5p n\u0103ng l\u01b0\u1ee3ng, t\u0103ng c\u01b0\u1eddng Vitamin v\u00e0 kho\u00e1ng ch\u1ea5t, ch\u1ed1ng suy nh\u01b0\u1ee3c cho ng\u01b0\u1eddi b\u00ecnh th\u01b0\u1eddng v\u00e0 ng\u01b0\u1eddi \u0103n Chay.<\/p>\n<p>\u2013 B\u1ed5 sung Protein c\u1ea7n thi\u1ebft cho nh\u1eefng ng\u01b0\u1eddi \u0103n Chay th\u01b0\u1eddng xuy\u00ean<\/p>\n<p>\u2013 B\u1ed5 sung canxi v\u00e0 kho\u00e1ng ch\u1ea5t t\u1ef1 nhi\u00ean<\/p>\n<p>\u2013 Cung c\u1ea5p Vitamin v\u00e0 Omega 3,6<\/p>\n<p>\u2013 T\u1ed1t cho tim m\u1ea1ch, x\u01b0\u01a1ng kh\u1edbp<\/p>\n<p>\u2013 Ch\u1ed1ng c\u00e1c g\u1ed1c t\u1ef1 do, l\u00e0m t\u0103ng v\u1ebb \u0111\u1eb9p t\u1ef1 nhi\u00ean<\/p>\n<p>\u2013 L\u00e0m \u0111\u1eb9p da<\/p>\n<p>\u2013 T\u0103ng c\u01b0\u1eddng ch\u1ee9c n\u0103ng th\u1ea3i \u0111\u1ed9c gan<\/p>\n<p>\u2013 L\u1ee3i s\u1eefa v\u00e0 gi\u1ea3m stress cho ph\u1ee5 n\u1eef tr\u01b0\u1edbc v\u00e0 sau sinh<\/p>\n<p><em><strong>\u0110\u1ed0I T\u01af\u1ee2NG S\u1eec D\u1ee4NG:<\/strong><\/em><\/p>\n<p>\u2013 Nh\u1eefng ng\u01b0\u1eddi \u0103n chay tr\u01b0\u1eddng<\/p>\n<p>\u2013 Nh\u1eefng ng\u01b0\u1eddi d\u00f9ng s\u1eefa Chay do c\u1ea7n ph\u1ea3i \u0103n ki\u00eang nh\u01b0: ti\u1ec3u \u0111\u01b0\u1eddng, tim m\u1ea1ch. Do nhu c\u1ea7u \u0111\u1ea3m b\u1ea3o s\u1ee9c kho\u1ebb, gi\u1ea3m c\u00e2n, l\u00e0m \u0111\u1eb9p.<\/p>\n<p>\u2013 Nh\u1eefng ng\u01b0\u1eddi d\u00f9ng s\u1eefa th\u1ef1c v\u1eadt Chay \u0111\u1ec3 b\u1ed5 sung dinh d\u01b0\u1ee1ng cao t\u1eeb th\u1ef1c v\u1eadt, thanh l\u1ecdc c\u01a1 th\u1ec3, t\u0103ng c\u01b0\u1eddng s\u1ee9c kho\u1ebb.<\/p>\n<p><em><strong>C\u00c1CH D\u00d9NG:\u00a0<\/strong><\/em><\/p>\n<p><em><strong>\u2013 U\u1ed1ng n\u00f3ng:<\/strong><\/em>\u00a0Pha 30gr ( 3 th\u00eca) v\u1edbi 200ml n\u01b0\u1edbc n\u00f3ng (80\u00b0C), khu\u1ea5y \u0111\u1ec1u v\u00e0 th\u01b0\u1edfng th\u1ee9c<\/p>\n<p><em><strong>\u2013 U\u1ed1ng l\u1ea1nh:<\/strong>\u00a0<\/em>Pha 30gr ( 3 th\u00eca) v\u1edbi 50ml n\u01b0\u1edbc n\u00f3ng (80\u00b0C), khu\u1ea5y \u0111\u1ec1u v\u00e0 cho th\u00eam 100ml n\u01b0\u1edbc \u0111un s\u00f4i \u0111\u1ec3 ngu\u1ed9i, cho \u0111\u00e1 l\u00e0 b\u1ea1n \u0111\u00e3 c\u00f3 1 ly s\u1eefa th\u1ef1c v\u1eadt v\u00f4 c\u00f9ng th\u01a1m ngon.<\/p>\n","protected":false},"excerpt":{"rendered":"<p><strong><em>TH\u00c0NH PH\u1ea6N:\u00a0<\/em><\/strong><\/p>\n<p>\u2013 Y\u1ebfn m\u1ea1ch, h\u1ea1t chia, h\u1ea1t \u00f3c ch\u00f3, h\u1ea1t macca, h\u1ea1t sachi, \u0111\u1eadu h\u00e0 lan, ng\u00f4, g\u1ea1o l\u1ee9t n\u1ea3y m\u1ea7m, h\u1ea1nh nh\u00e2n, h\u1ea1t l\u1ea1c, h\u1ea1t b\u00ed, tinh d\u1ea7u c\u1ecd \u0111\u01b0\u1eddng c\u1ecf ng\u1ecdt, \u0111\u1eadu \u0111en.<\/p>\n<p><em><strong>C\u00d4NG D\u1ee4NG:<\/strong><\/em><\/p>\n<p>\u2013 B\u1eefa \u0103n dinh d\u01b0\u1ee1ng b\u1ed3i b\u1ed5 s\u1ee9c kho\u1ebb, cung c\u1ea5p n\u0103ng l\u01b0\u1ee3ng, t\u0103ng c\u01b0\u1eddng Vitamin v\u00e0 kho\u00e1ng ch\u1ea5t, ch\u1ed1ng suy nh\u01b0\u1ee3c cho ng\u01b0\u1eddi b\u00ecnh th\u01b0\u1eddng v\u00e0 ng\u01b0\u1eddi \u0103n Chay.<\/p>\n<p>\u2013 B\u1ed5 sung Protein c\u1ea7n thi\u1ebft cho nh\u1eefng ng\u01b0\u1eddi \u0103n Chay th\u01b0\u1eddng xuy\u00ean<\/p>\n<p>\u2013 B\u1ed5 sung canxi v\u00e0 kho\u00e1ng ch\u1ea5t t\u1ef1 nhi\u00ean<\/p>\n<p>\u2013 Cung c\u1ea5p Vitamin v\u00e0 Omega 3,6<\/p>\n<p>\u2013 T\u1ed1t cho tim m\u1ea1ch, x\u01b0\u01a1ng kh\u1edbp<\/p>\n<p>\u2013 Ch\u1ed1ng c\u00e1c g\u1ed1c t\u1ef1 do, l\u00e0m t\u0103ng v\u1ebb \u0111\u1eb9p t\u1ef1 nhi\u00ean<\/p>\n<p>\u2013 L\u00e0m \u0111\u1eb9p da<\/p>\n<p>\u2013 T\u0103ng c\u01b0\u1eddng ch\u1ee9c n\u0103ng th\u1ea3i \u0111\u1ed9c gan<\/p>\n<p>\u2013 L\u1ee3i s\u1eefa v\u00e0 gi\u1ea3m stress cho ph\u1ee5 n\u1eef tr\u01b0\u1edbc v\u00e0 sau sinh<\/p>\n","protected":false},"featured_media":1104,"comment_status":"open","ping_status":"closed","template":"","meta":{"site-sidebar-layout":"default","site-content-layout":"","ast-site-content-layout":"default","site-content-style":"default","site-sidebar-style":"default","ast-global-header-display":"","ast-banner-title-visibility":"","ast-main-header-display":"","ast-hfb-above-header-display":"","ast-hfb-below-header-display":"","ast-hfb-mobile-header-display":"","site-post-title":"","ast-breadcrumbs-content":"","ast-featured-img":"","footer-sml-layout":"","theme-transparent-header-meta":"default","adv-header-id-meta":"","stick-header-meta":"","header-above-stick-meta":"","header-main-stick-meta":"","header-below-stick-meta":"","astra-migrate-meta-layouts":"set","ast-page-background-enabled":"default","ast-page-background-meta":{"desktop":{"background-color":"var(--ast-global-color-5)","background-image":"","background-repeat":"repeat","background-position":"center center","background-size":"auto","background-attachment":"scroll","background-type":"","background-media":"","overlay-type":"","overlay-color":"","overlay-opacity":"","overlay-gradient":""},"tablet":{"background-color":"","background-image":"","background-repeat":"repeat","background-position":"center center","background-size":"auto","background-attachment":"scroll","background-type":"","background-media":"","overlay-type":"","overlay-color":"","overlay-opacity":"","overlay-gradient":""},"mobile":{"background-color":"","background-image":"","background-repeat":"repeat","background-position":"center center","background-size":"auto","background-attachment":"scroll","background-type":"","background-media":"","overlay-type":"","overlay-color":"","overlay-opacity":"","overlay-gradient":""}},"ast-content-background-meta":{"desktop":{"background-color":"var(--ast-global-color-4)","background-image":"","background-repeat":"repeat","background-position":"center center","background-size":"auto","background-attachment":"scroll","background-type":"","background-media":"","overlay-type":"","overlay-color":"","overlay-opacity":"","overlay-gradient":""},"tablet":{"background-color":"var(--ast-global-color-4)","background-image":"","background-repeat":"repeat","background-position":"center center","background-size":"auto","background-attachment":"scroll","background-type":"","background-media":"","overlay-type":"","overlay-color":"","overlay-opacity":"","overlay-gradient":""},"mobile":{"background-color":"var(--ast-global-color-4)","background-image":"","background-repeat":"repeat","background-position":"center center","background-size":"auto","background-attachment":"scroll","background-type":"","background-media":"","overlay-type":"","overlay-color":"","overlay-opacity":"","overlay-gradient":""}}},"product_brand":[],"product_cat":[114,427,32,910,1839],"product_tag":[],"class_list":{"0":"post-1032","1":"product","2":"type-product","3":"status-publish","4":"has-post-thumbnail","6":"product_cat-golden-health","7":"product_cat-suc-khoe","8":"product_cat-thuc-pham-do-uong","9":"product_cat-vitamin-thuc-pham-bo-sung","10":"product_cat-vitamin-khoang-chat","11":"desktop-align-left","12":"tablet-align-left","13":"mobile-align-left","15":"first","16":"instock","17":"taxable","18":"shipping-taxable","19":"purchasable","20":"product-type-simple"},"_links":{"self":[{"href":"https:\/\/omewa.online\/index.php\/wp-json\/wp\/v2\/product\/1032","targetHints":{"allow":["GET"]}}],"collection":[{"href":"https:\/\/omewa.online\/index.php\/wp-json\/wp\/v2\/product"}],"about":[{"href":"https:\/\/omewa.online\/index.php\/wp-json\/wp\/v2\/types\/product"}],"replies":[{"embeddable":true,"href":"https:\/\/omewa.online\/index.php\/wp-json\/wp\/v2\/comments?post=1032"}],"wp:featuredmedia":[{"embeddable":true,"href":"https:\/\/omewa.online\/index.php\/wp-json\/wp\/v2\/media\/1104"}],"wp:attachment":[{"href":"https:\/\/omewa.online\/index.php\/wp-json\/wp\/v2\/media?parent=1032"}],"wp:term":[{"taxonomy":"product_brand","embeddable":true,"href":"https:\/\/omewa.online\/index.php\/wp-json\/wp\/v2\/product_brand?post=1032"},{"taxonomy":"product_cat","embeddable":true,"href":"https:\/\/omewa.online\/index.php\/wp-json\/wp\/v2\/product_cat?post=1032"},{"taxonomy":"product_tag","embeddable":true,"href":"https:\/\/omewa.online\/index.php\/wp-json\/wp\/v2\/product_tag?post=1032"}],"curies":[{"name":"wp","href":"https:\/\/api.w.org\/{rel}","templated":true}]}}